{"id":14057,"date":"2021-11-25T10:26:52","date_gmt":"2021-11-25T10:26:52","guid":{"rendered":"https:\/\/dominicanrepublictrips.com\/?post_type=product&#038;p=14057"},"modified":"2021-11-25T10:27:05","modified_gmt":"2021-11-25T10:27:05","slug":"cano-hondo-hotel-room-free-breakfast-for-3-guests","status":"publish","type":"product","link":"https:\/\/dominicanrepublictrips.com\/hu\/dominicantour\/cano-hondo-hotel-szoba-ingyenes-reggeli-3-vendegnek\/","title":{"rendered":"Ca\u00f1o Hondo Hotel szoba \u00e9s ingyenes reggeli 3 f\u0151 r\u00e9sz\u00e9re"},"content":{"rendered":"<div class=\"vc_row wpb_row vc_row-fluid\" ><div class=\"wpb_column vc_column_container vc_col-sm-12\"><div class=\"vc_column-inner\"><div class=\"wpb_wrapper\">\n\t<div class=\"wpb_text_column wpb_content_element\" >\n\t\t<div class=\"wpb_wrapper\">\n\t\t\t<p data-name-en=\"roomsize\"><strong>Ingyenes WiFi a szob\u00e1ban vagy a lobbyban,\u00a0<\/strong><strong>Ingyenes parkol\u00e1s, napi takar\u00edt\u00e1s<\/strong><\/p>\n<p data-name-en=\"roomsize\"><em>(Ingyenes reggeli 2 f\u0151 r\u00e9sz\u00e9re)<\/em><\/p>\n<h4 class=\"hprt-lightbox-title\" data-et-view=\"ZdffZZLJbFcFbRAOAcEUJXDbNZRO:1\"><strong>A f\u00fcrd\u0151szob\u00e1ban:<\/strong><\/h4>\n<ul class=\"hprt-lightbox-list js-lightbox-facilities\" data-nr-of-facilities=\"4\" data-et-view=\"\">\n<li class=\"hprt-lightbox-list__item js-lightbox-facility\" data-name-en=\"Shower\" data-id=\"4\">- Zuhanyz\u00f3<\/li>\n<li class=\"hprt-lightbox-list__item js-lightbox-facility\" data-name-en=\"Free Toiletries\" data-id=\"27\">- Ingyenes piperecikkek<\/li>\n<li class=\"hprt-lightbox-list__item js-lightbox-facility\" data-name-en=\"Bathroom\" data-id=\"38\">- Saj\u00e1t f\u00fcrd\u0151szoba<\/li>\n<li class=\"hprt-lightbox-list__item js-lightbox-facility\" data-name-en=\"higher level toilet\" data-id=\"151\">- Emelt WC<\/li>\n<\/ul>\n<h4 class=\"hprt-lightbox-title\"><strong>Szobai felszerelts\u00e9g:<\/strong><\/h4>\n<ul class=\"hprt-lightbox-list js-lightbox-facilities\" data-nr-of-facilities=\"10\">\n<li style=\"list-style-type: none;\">\n<ul class=\"hprt-lightbox-list js-lightbox-facilities\" data-nr-of-facilities=\"10\">\n<li class=\"hprt-lightbox-list__item js-lightbox-facility\" data-name-en=\"Balcony\" data-id=\"17\">- Erk\u00e9ly<\/li>\n<li class=\"hprt-lightbox-list__item js-lightbox-facility\" data-name-en=\"Garden View\" data-id=\"110\">- \u00d3ce\u00e1nra n\u00e9z\u0151 kil\u00e1t\u00e1s<\/li>\n<li class=\"hprt-lightbox-list__item js-lightbox-facility\" data-name-en=\"Fan\" data-id=\"30\">- Ventil\u00e1tor<\/li>\n<li class=\"hprt-lightbox-list__item js-lightbox-facility\" data-name-en=\"Tumble dryer (machine)\" data-id=\"94\">- B\u00fatorok<\/li>\n<li>- 2 francia\u00e1gy<\/li>\n<li class=\"hprt-lightbox-list__item js-lightbox-facility\" data-name-en=\"Wardrobe\/Closet\" data-id=\"95\">- Szekr\u00e9ny vagy gardr\u00f3bszekr\u00e9ny<\/li>\n<\/ul>\n<\/li>\n<\/ul>\n<p>[tov\u00e1bb]<\/p>\n<div>\n<h4><strong>Vend\u00e9gbej\u00e1r\u00e1s:<\/strong><\/h4>\n<ul>\n<li>- 24 \u00f3r\u00e1s recepci\u00f3<\/li>\n<li>- 16 f\u00fcstmentes vend\u00e9gszoba<\/li>\n<li>- \u00c9tterem \u00e9s b\u00e1r<\/li>\n<li>- T\u00f6bbnyelv\u0171 szem\u00e9lyzet<\/li>\n<li>- Lusta foly\u00f3 \u00e9s 11 szabadt\u00e9ri term\u00e9szetes medence<\/li>\n<li>- Tet\u0151terasz<\/li>\n<li>- Kert<\/li>\n<li>- Piknikez\u0151 ter\u00fclet<\/li>\n<li>- Napi takar\u00edt\u00e1s<\/li>\n<li>- Mosodai szolg\u00e1ltat\u00e1s<\/li>\n<\/ul>\n<h2><strong><em>Szobai k\u00e9nyelem:<\/em><\/strong><\/h2>\n<ul>\n<li>Mennyezeti ventil\u00e1tor<\/li>\n<li>Egy\u00e9nileg d\u00edsz\u00edtett<\/li>\n<li>Hajsz\u00e1r\u00edt\u00f3 (k\u00e9r\u00e9sre)<\/li>\n<li>Ingyenes palackozott v\u00edz<\/li>\n<li>Erk\u00e9ly<\/li>\n<li>Napi takar\u00edt\u00e1s<\/li>\n<li>24 \u00f3r\u00e1s recepci\u00f3<\/li>\n<li>Gy\u00f6ny\u00f6r\u0171 kil\u00e1t\u00e1s<\/li>\n<\/ul>\n<p>[\/read]<\/p>\n<hr \/>\n<h2>Tov\u00e1bbi r\u00e9szletek Ca\u00f1o Hondo:<\/h2>\n<h2><strong><em>M\u00e1glya \u00e9s kemping<\/em><\/strong><\/h2>\n<p>\u00c9lvezze az \u00e9jszakai t\u00e1bort\u00fczet a csillagok takar\u00f3ja alatt... nincs f\u00e9nyszennyez\u00e9s, csak a s\u00f6t\u00e9t \u00e9jszakai \u00e9gbolt \u00e9s a tr\u00f3pusi erdei \u00e9let hangjai.<\/p>\n<p>A nagyszer\u0171 szolg\u00e1ltat\u00e1s mellett \u00e9lvezheti a tipikus helyi \u00e9teleket (friss tenger gy\u00fcm\u00f6lcsei) vagy a szabadt\u00e9ri tev\u00e9kenys\u00e9geket \u00e9s kir\u00e1ndul\u00e1sokat egy helyi profi idegenvezet\u0151vel.<\/p>\n<p>16 szob\u00e1nk mindegyik\u00e9t a Los Haitises Nemzeti Parkban tal\u00e1lhat\u00f3 madarakr\u00f3l nevezt\u00fck el (a parkban mintegy 110 mad\u00e1rfaj tal\u00e1lhat\u00f3). Mindenekel\u0151tt a szob\u00e1k egyedileg d\u00edsz\u00edtett, teljesen pozit\u00edv energi\u00e1t hoz a jobb tart\u00f3zkod\u00e1s Ca\u00f1o Hondo. \u00c9lvezheti a San Lorenzo \u00f6b\u00f6lre \u00e9s a Samana-\u00f6b\u00f6lre ny\u00edl\u00f3 kil\u00e1t\u00e1st!<\/p>\n<p>&nbsp;<\/p>\n<hr \/>\n<h2>K\u00fcl\u00f6nleges aj\u00e1nlatok Ca\u00f1o Hondo Tev\u00e9kenys\u00e9gek \u00e9s kir\u00e1ndul\u00e1sok<\/h2>\n<ul>\n<li>A tev\u00e9kenys\u00e9gek \u00e9s kir\u00e1ndul\u00e1sok list\u00e1ja:<\/li>\n<li>Zip lining<\/li>\n<li>Sziklafal m\u00e1sz\u00e1s<\/li>\n<li>Lovagl\u00e1s<\/li>\n<li>T\u00fara\u00fatvonal a Nemzeti Parkban (2 vagy 4 \u00f3ra, kajakoz\u00e1ssal kombin\u00e1lhat\u00f3)<\/li>\n<li>Kajakoz\u00e1s (2 vagy 4 \u00f3ra, t\u00far\u00e1z\u00e1ssal kombin\u00e1lhat\u00f3)<\/li>\n<li>Vezetett cs\u00f3nakt\u00far\u00e1k Los Haitises barlangjaiba<\/li>\n<li>B\u00e1lnafigyel\u00e9s (szezon: janu\u00e1r 15 - m\u00e1rcius 30)<\/li>\n<li>Vezetett mad\u00e1rmegfigyel\u00e9s<\/li>\n<li>Fedezze fel a Los Haitises parkot kenuval<\/li>\n<li>Cayo Levantado\/Bacardi sziget<\/li>\n<li>V\u00edzes\u00e9sek El Limon<\/li>\n<li>Fronton Beach<\/li>\n<li>Boca del Diablo<\/li>\n<li>ATV + El Valle strand<\/li>\n<\/ul>\n<p>K\u00e9sz\u00edt\u00fcnk egy priv\u00e1t vagy csoportos t\u00far\u00e1k, kombin\u00e1lt csomagok, amelyek megfelelnek a vend\u00e9gek. Tov\u00e1bbi inform\u00e1ci\u00f3k\u00e9rt a tev\u00e9kenys\u00e9gek \u00e9s kir\u00e1ndul\u00e1sok, k\u00e9rj\u00fck, l\u00e9pjen kapcsolatba vel\u00fcnk.<\/p>\n<h2><span class=\"_6ijom0\">Ca\u00f1o Hondo Vend\u00e9gbej\u00e1rat<\/span><\/h2>\n<p>Mi van k\u00f6r\u00fcl\u00f6tt\u00fcnk ...<\/p>\n<ol>\n<li>16 f\u00fcstmentes vend\u00e9gszoba<\/li>\n<li>\u00c9tterem \u00e9s b\u00e1r\/lounge<\/li>\n<li>Lazy river \u00e9s 15 k\u00fclt\u00e9ri medence<\/li>\n<li>Ingyenes v\u00edzi park<\/li>\n<li>Tet\u0151terasz<\/li>\n<li>24 \u00f3r\u00e1s recepci\u00f3<\/li>\n<li>Napi takar\u00edt\u00e1s<\/li>\n<li>Kerti kil\u00e1t\u00e1s<\/li>\n<li>Mosodai szolg\u00e1ltat\u00e1s<\/li>\n<li>T\u00f6bbnyelv\u0171 szem\u00e9lyzet<\/li>\n<li>Concierge szolg\u00e1ltat\u00e1sok<\/li>\n<li>Piknikez\u0151 ter\u00fclet<\/li>\n<li>Ingyenes b\u00fcf\u00e9reggeli, ingyenes WiFi a k\u00f6z\u00f6s helyis\u00e9gekben \u00e9s ingyenes parkol\u00e1s<\/li>\n<\/ol>\n<\/div>\n\n\t\t<\/div>\n\t<\/div>\n<\/div><\/div><\/div><\/div><div class=\"vc_row wpb_row vc_row-fluid\" ><div class=\"wpb_column vc_column_container vc_col-sm-12\"><div class=\"vc_column-inner\"><div class=\"wpb_wrapper\">\n\t<div class=\"wpb_text_column wpb_content_element\" >\n\t\t<div class=\"wpb_wrapper\">\n\t\t\t<h2><em>Egy\u00e9b szoba lehet\u0151s\u00e9gek<\/em><\/h2>\n<div id=\"gtx-trans\" style=\"position: absolute; left: -6px; top: 45.275px;\">\n<div class=\"gtx-trans-icon\"><\/div>\n<\/div>\n\n\t\t<\/div>\n\t<\/div>\n<\/div><\/div><\/div><\/div><div class=\"vc_row wpb_row vc_row-fluid\" ><div class=\"wpb_column vc_column_container vc_col-sm-12\"><div class=\"vc_column-inner\"><div class=\"wpb_wrapper\"><div class=\"woocommerce columns-3\"><ul class=\"products columns-3\">\n<li class=\"product type-product post-32475 status-publish first instock product_cat-dominican-republic product_tag-excursion product_tag-tour has-post-thumbnail shipping-taxable product-type-external\">\n\t<div class=\"mkdf-pl-inner\"><div class=\"mkdf-pl-image\"><img loading=\"lazy\" decoding=\"async\" width=\"300\" height=\"300\" src=\"https:\/\/dominicanrepublictrips.com\/wp-content\/uploads\/2025\/09\/145-120-1-300x300.jpg\" class=\"attachment-woocommerce_thumbnail size-woocommerce_thumbnail\" alt=\"\" srcset=\"https:\/\/dominicanrepublictrips.com\/wp-content\/uploads\/2025\/09\/145-120-1-300x300.jpg 300w, https:\/\/dominicanrepublictrips.com\/wp-content\/uploads\/2025\/09\/145-120-1-150x150.jpg 150w, https:\/\/dominicanrepublictrips.com\/wp-content\/uploads\/2025\/09\/145-120-1-550x550.jpg 550w, https:\/\/dominicanrepublictrips.com\/wp-content\/uploads\/2025\/09\/145-120-1-100x100.jpg 100w\" sizes=\"auto, (max-width: 300px) 100vw, 300px\" \/><div class=\"mkdf-pl-text\"><div class=\"mkdf-pl-text-outer\"><div class=\"mkdf-pl-text-inner\"><a href=\"\" aria-describedby=\"woocommerce_loop_add_to_cart_link_describedby_32475\" data-quantity=\"1\" class=\"button product_type_external\" data-product_id=\"32475\" data-product_sku=\"\" aria-label=\"\u201cFrom Punta Cana: Los Haitises Trip with Monta\u00f1a Redonda Tour\u201d v\u00e1s\u00e1rl\u00e1sa\" rel=\"nofollow\" data-no-translation=\"\" data-trp-gettext=\"\" data-no-translation-aria-label=\"\">Term\u00e9k megv\u00e1s\u00e1rl\u00e1sa<\/a>\t<span id=\"woocommerce_loop_add_to_cart_link_describedby_32475\" class=\"screen-reader-text\">\n\t\t\t<\/span>\n<\/div><\/div><\/div><\/div><a href=\"https:\/\/dominicanrepublictrips.com\/hu\/dominicantour\/from-punta-cana-los-haitises-trip-with-montana-redonda-tour-2\/\" class=\"woocommerce-LoopProduct-link woocommerce-loop-product__link\"><\/a><\/div><div class=\"mkdf-pl-text-wrapper\"><h4 class=\"mkdf-product-list-title\"><a href=\"https:\/\/dominicanrepublictrips.com\/hu\/dominicantour\/from-punta-cana-los-haitises-trip-with-montana-redonda-tour-2\/\">From Punta Cana: Los Haitises Trip with Monta\u00f1a Redonda Tour<\/a><\/h4>\n\t<span class=\"price\"><span class=\"woocommerce-Price-amount amount\"><bdi><span class=\"woocommerce-Price-currencySymbol\">&#36;<\/span>125.00<\/bdi><\/span><\/span>\n<\/div><\/li><li class=\"product type-product post-32474 status-publish instock product_cat-city-tour product_cat-dominican-republic product_cat-samana product_cat-walking-tour product_tag-samana product_tag-samana-city-tour product_tag-samana-walking-tour has-post-thumbnail sale shipping-taxable product-type-external\">\n\t<div class=\"mkdf-pl-inner\"><div class=\"mkdf-pl-image\">\n\t<span class=\"mkdf-onsale\">SALE<\/span>\n\t<img loading=\"lazy\" decoding=\"async\" width=\"300\" height=\"300\" src=\"https:\/\/dominicanrepublictrips.com\/wp-content\/uploads\/2025\/09\/fullsizeoutput_eed-scaled-1-300x300.jpeg\" class=\"attachment-woocommerce_thumbnail size-woocommerce_thumbnail\" alt=\"\" srcset=\"https:\/\/dominicanrepublictrips.com\/wp-content\/uploads\/2025\/09\/fullsizeoutput_eed-scaled-1-300x300.jpeg 300w, https:\/\/dominicanrepublictrips.com\/wp-content\/uploads\/2025\/09\/fullsizeoutput_eed-scaled-1-1024x1024.jpeg 1024w, https:\/\/dominicanrepublictrips.com\/wp-content\/uploads\/2025\/09\/fullsizeoutput_eed-scaled-1-150x150.jpeg 150w, https:\/\/dominicanrepublictrips.com\/wp-content\/uploads\/2025\/09\/fullsizeoutput_eed-scaled-1-768x768.jpeg 768w, https:\/\/dominicanrepublictrips.com\/wp-content\/uploads\/2025\/09\/fullsizeoutput_eed-scaled-1-1536x1536.jpeg 1536w, https:\/\/dominicanrepublictrips.com\/wp-content\/uploads\/2025\/09\/fullsizeoutput_eed-scaled-1-12x12.jpeg 12w, https:\/\/dominicanrepublictrips.com\/wp-content\/uploads\/2025\/09\/fullsizeoutput_eed-scaled-1-550x550.jpeg 550w, https:\/\/dominicanrepublictrips.com\/wp-content\/uploads\/2025\/09\/fullsizeoutput_eed-scaled-1-1100x1100.jpeg 1100w, https:\/\/dominicanrepublictrips.com\/wp-content\/uploads\/2025\/09\/fullsizeoutput_eed-scaled-1-600x600.jpeg 600w, https:\/\/dominicanrepublictrips.com\/wp-content\/uploads\/2025\/09\/fullsizeoutput_eed-scaled-1-100x100.jpeg 100w, https:\/\/dominicanrepublictrips.com\/wp-content\/uploads\/2025\/09\/fullsizeoutput_eed-scaled-1-64x64.jpeg 64w, https:\/\/dominicanrepublictrips.com\/wp-content\/uploads\/2025\/09\/fullsizeoutput_eed-scaled-1.jpeg 1600w\" sizes=\"auto, (max-width: 300px) 100vw, 300px\" \/><div class=\"mkdf-pl-text\"><div class=\"mkdf-pl-text-outer\"><div class=\"mkdf-pl-text-inner\"><a href=\"\" aria-describedby=\"woocommerce_loop_add_to_cart_link_describedby_32474\" data-quantity=\"1\" class=\"button product_type_external\" data-product_id=\"32474\" data-product_sku=\"\" aria-label=\"\u201cSamana: Walking City Tour\u201d v\u00e1s\u00e1rl\u00e1sa\" rel=\"nofollow\" data-no-translation=\"\" data-trp-gettext=\"\" data-no-translation-aria-label=\"\">Term\u00e9k megv\u00e1s\u00e1rl\u00e1sa<\/a>\t<span id=\"woocommerce_loop_add_to_cart_link_describedby_32474\" class=\"screen-reader-text\">\n\t\t\t<\/span>\n<\/div><\/div><\/div><\/div><a href=\"https:\/\/dominicanrepublictrips.com\/hu\/dominicantour\/samana-walking-city-tour\/\" class=\"woocommerce-LoopProduct-link woocommerce-loop-product__link\"><\/a><\/div><div class=\"mkdf-pl-text-wrapper\"><h4 class=\"mkdf-product-list-title\"><a href=\"https:\/\/dominicanrepublictrips.com\/hu\/dominicantour\/samana-walking-city-tour\/\">Samana: Walking City Tour<\/a><\/h4>\n\t<span class=\"price\"><del aria-hidden=\"true\"><span class=\"woocommerce-Price-amount amount\"><bdi><span class=\"woocommerce-Price-currencySymbol\">&#36;<\/span>45.00<\/bdi><\/span><\/del> <span class=\"screen-reader-text\" data-no-translation=\"\" data-trp-gettext=\"\">Original price was: &#036;45.00.<\/span><ins aria-hidden=\"true\"><span class=\"woocommerce-Price-amount amount\"><bdi><span class=\"woocommerce-Price-currencySymbol\">&#36;<\/span>25.00<\/bdi><\/span><\/ins><span class=\"screen-reader-text\" data-no-translation=\"\" data-trp-gettext=\"\">Current price is: &#036;25.00.<\/span><\/span>\n<\/div><\/li><li class=\"product type-product post-32473 status-publish last instock product_cat-city-tour product_cat-samana product_cat-walking-tour product_tag-samana product_tag-samana-city-tour product_tag-samana-walking-tour has-post-thumbnail sale shipping-taxable product-type-external\">\n\t<div class=\"mkdf-pl-inner\"><div class=\"mkdf-pl-image\">\n\t<span class=\"mkdf-onsale\">SALE<\/span>\n\t<img loading=\"lazy\" decoding=\"async\" width=\"300\" height=\"300\" src=\"https:\/\/dominicanrepublictrips.com\/wp-content\/uploads\/2025\/09\/fullsizeoutput_f2d-scaled-1-300x300.jpeg\" class=\"attachment-woocommerce_thumbnail size-woocommerce_thumbnail\" alt=\"\" srcset=\"https:\/\/dominicanrepublictrips.com\/wp-content\/uploads\/2025\/09\/fullsizeoutput_f2d-scaled-1-300x300.jpeg 300w, https:\/\/dominicanrepublictrips.com\/wp-content\/uploads\/2025\/09\/fullsizeoutput_f2d-scaled-1-1024x1024.jpeg 1024w, https:\/\/dominicanrepublictrips.com\/wp-content\/uploads\/2025\/09\/fullsizeoutput_f2d-scaled-1-150x150.jpeg 150w, https:\/\/dominicanrepublictrips.com\/wp-content\/uploads\/2025\/09\/fullsizeoutput_f2d-scaled-1-768x768.jpeg 768w, https:\/\/dominicanrepublictrips.com\/wp-content\/uploads\/2025\/09\/fullsizeoutput_f2d-scaled-1-1536x1536.jpeg 1536w, https:\/\/dominicanrepublictrips.com\/wp-content\/uploads\/2025\/09\/fullsizeoutput_f2d-scaled-1-12x12.jpeg 12w, https:\/\/dominicanrepublictrips.com\/wp-content\/uploads\/2025\/09\/fullsizeoutput_f2d-scaled-1-550x550.jpeg 550w, https:\/\/dominicanrepublictrips.com\/wp-content\/uploads\/2025\/09\/fullsizeoutput_f2d-scaled-1-1100x1100.jpeg 1100w, https:\/\/dominicanrepublictrips.com\/wp-content\/uploads\/2025\/09\/fullsizeoutput_f2d-scaled-1-600x600.jpeg 600w, https:\/\/dominicanrepublictrips.com\/wp-content\/uploads\/2025\/09\/fullsizeoutput_f2d-scaled-1-100x100.jpeg 100w, https:\/\/dominicanrepublictrips.com\/wp-content\/uploads\/2025\/09\/fullsizeoutput_f2d-scaled-1-64x64.jpeg 64w, https:\/\/dominicanrepublictrips.com\/wp-content\/uploads\/2025\/09\/fullsizeoutput_f2d-scaled-1.jpeg 1600w\" sizes=\"auto, (max-width: 300px) 100vw, 300px\" \/><div class=\"mkdf-pl-text\"><div class=\"mkdf-pl-text-outer\"><div class=\"mkdf-pl-text-inner\"><a href=\"\" aria-describedby=\"woocommerce_loop_add_to_cart_link_describedby_32473\" data-quantity=\"1\" class=\"button product_type_external\" data-product_id=\"32473\" data-product_sku=\"\" aria-label=\"\u201cSamana: Walking City Tour With Moto Safari\u201d v\u00e1s\u00e1rl\u00e1sa\" rel=\"nofollow\" data-no-translation=\"\" data-trp-gettext=\"\" data-no-translation-aria-label=\"\">Term\u00e9k megv\u00e1s\u00e1rl\u00e1sa<\/a>\t<span id=\"woocommerce_loop_add_to_cart_link_describedby_32473\" class=\"screen-reader-text\">\n\t\t\t<\/span>\n<\/div><\/div><\/div><\/div><a href=\"https:\/\/dominicanrepublictrips.com\/hu\/dominicantour\/samana-walking-city-tour-with-moto-safari\/\" class=\"woocommerce-LoopProduct-link woocommerce-loop-product__link\"><\/a><\/div><div class=\"mkdf-pl-text-wrapper\"><h4 class=\"mkdf-product-list-title\"><a href=\"https:\/\/dominicanrepublictrips.com\/hu\/dominicantour\/samana-walking-city-tour-with-moto-safari\/\">Samana: Walking City Tour With Moto Safari<\/a><\/h4>\n\t<span class=\"price\"><del aria-hidden=\"true\"><span class=\"woocommerce-Price-amount amount\"><bdi><span class=\"woocommerce-Price-currencySymbol\">&#36;<\/span>50.00<\/bdi><\/span><\/del> <span class=\"screen-reader-text\" data-no-translation=\"\" data-trp-gettext=\"\">Original price was: &#036;50.00.<\/span><ins aria-hidden=\"true\"><span class=\"woocommerce-Price-amount amount\"><bdi><span class=\"woocommerce-Price-currencySymbol\">&#36;<\/span>35.00<\/bdi><\/span><\/ins><span class=\"screen-reader-text\" data-no-translation=\"\" data-trp-gettext=\"\">Current price is: &#036;35.00.<\/span><\/span>\n<\/div><\/li><\/ul>\n<\/div><\/div><\/div><\/div><\/div>","protected":false},"excerpt":{"rendered":"<h2><strong>Ca\u00f1o Hondo Hotel<\/strong><\/h2>\n<p><em>(Ingyenes reggeli 3 vend\u00e9g r\u00e9sz\u00e9re)<\/em><\/p>\n<p>Az Eco-Lodge var\u00e1zslatos, b\u00e9k\u00e9s \u00e9s eredeti hely, ahol megsz\u00e1llhat. Ez a term\u00e9szetes \u00e9s autentikus sz\u00e1lloda a h\u00edres Los Haitises Nemzeti Parkban, Sabana de la Marban tal\u00e1lhat\u00f3. Minden szob\u00e1nk tele van pozit\u00edv energi\u00e1val, csod\u00e1latos kil\u00e1t\u00e1ssal a San Lorenzo \u00f6b\u00f6lre \u00e9s a Samana-\u00f6b\u00f6lre! A szob\u00e1k saj\u00e1t f\u00fcrd\u0151szob\u00e1val, meleg v\u00edzzel \u00e9s mennyezeti ventil\u00e1torral rendelkeznek. A reggelit tartalmazza, eg\u00e9sz nap ingyenes iv\u00f3v\u00edz \u00e9s k\u00e1v\u00e9 \u00e1ll rendelkez\u00e9sre. \u00c9tkez\u00e9si terveink k\u00f6z\u00fcl is v\u00e1laszthat.<br \/>\n[tov\u00e1bb]<\/p>\n<h2><strong><em><span class=\"_6ijom0\">\u00a0Cano Hondo <\/span><\/em><\/strong><em><strong>Term\u00e9szetes \u00fasz\u00f3medenc\u00e9k<\/strong><\/em><\/h2>\n<p>\u00c9lvezze a term\u00e9szetes \u00f6ko-medenc\u00e9ket eg\u00e9szs\u00e9ges \u00e9s friss\u00edt\u0151 v\u00edzzel, amelyek gy\u00f6ny\u00f6r\u0171en illeszkednek a t\u00e1jba csal\u00e1dj\u00e1val vagy vend\u00e9geivel. A medenc\u00e9k teljesen biol\u00f3giaiak, nincs sz\u00fcks\u00e9g kl\u00f3rra vagy vegyszerekre, amelyek saj\u00e1t term\u00e9szetes \u00f6kol\u00f3gi\u00e1t \u00e9s kiegyens\u00falyozott \u00f6kosziszt\u00e9m\u00e1t alak\u00edtanak ki az\u00e1ltal, hogy bizonyos m\u00f3don tervezt\u00e9k \u00e9s \u00e9p\u00edtett\u00e9k \u0151ket.<\/p>\n<h2><em><strong>Ca\u00f1o Hondo Gyermekek szab\u00e1lyai:<\/strong><\/em><\/h2>\n<p>-A 2-10 \u00e9ves gyermekek a gyermek\u00e1rat fizetik.<br \/>\n-2 \u00e9ves kor alatt ingyenes<\/p>\n<h2><em><strong>Ca\u00f1o Hondo \u00e9tterem:\u00a0<\/strong><\/em><\/h2>\n<p>A men\u00fcben sz\u00e1mos lehet\u0151s\u00e9g k\u00f6z\u00fcl v\u00e1laszthat. Minden \u00e9tkez\u00e9shez szem\u00e9lyenk\u00e9nt egy ital is j\u00e1r. Az alkoholos italok \u00e9s a tov\u00e1bbi italok t\u00e9r\u00edt\u00e9s ellen\u00e9ben kaphat\u00f3k.<\/p>\n<p>A sz\u00e1lloda \u00e9tlapja furcsa t\u00f6rt\u00e9neteket mes\u00e9l az \u0151slakosok szavaib\u00f3l \u00e9s a k\u00f6rny\u00e9k mes\u00e9s t\u00f6rt\u00e9neteib\u0151l. Kiemeli a r\u00e9gi\u00f3 jellegzetes \u00e9teleit is, mint p\u00e9ld\u00e1ul a r\u00e1k, a kagyl\u00f3 \u00e9s a minutas, egy kis \u00e9desv\u00edzi hal, amelyet helyben f\u0171szerezve \u00e9s s\u00fctve fogyasztanak. Naponta friss, term\u00e9szetes gy\u00fcm\u00f6lcslevek v\u00e1ltj\u00e1k egym\u00e1st: lime, dinnye, mang\u00f3, tamarind, anan\u00e1sz stb.<br \/>\n[\/read]<\/p>","protected":false},"featured_media":13939,"template":"","meta":[],"product_brand":[],"product_cat":[809,810],"product_tag":[542,705,325,543,327,331,811,545],"class_list":{"0":"post-14057","1":"product","2":"type-product","3":"status-publish","4":"has-post-thumbnail","6":"product_cat-hotel-cano-hondo","7":"product_cat-room-offers","8":"product_tag-altos-cano-hondo","9":"product_tag-altos-de-cano-hondo","10":"product_tag-cano-hondo","11":"product_tag-cano-hondo-day-pass","12":"product_tag-cano-hondo-hotel","13":"product_tag-hotel-cano-hondo","14":"product_tag-hotel-sabana-de-la-mar","15":"product_tag-paraiso-cano-hondo","17":"first","18":"instock","19":"shipping-taxable","20":"product-type-external"},"_links":{"self":[{"href":"https:\/\/dominicanrepublictrips.com\/hu\/wp-json\/wp\/v2\/product\/14057","targetHints":{"allow":["GET"]}}],"collection":[{"href":"https:\/\/dominicanrepublictrips.com\/hu\/wp-json\/wp\/v2\/product"}],"about":[{"href":"https:\/\/dominicanrepublictrips.com\/hu\/wp-json\/wp\/v2\/types\/product"}],"wp:featuredmedia":[{"embeddable":true,"href":"https:\/\/dominicanrepublictrips.com\/hu\/wp-json\/wp\/v2\/media\/13939"}],"wp:attachment":[{"href":"https:\/\/dominicanrepublictrips.com\/hu\/wp-json\/wp\/v2\/media?parent=14057"}],"wp:term":[{"taxonomy":"product_brand","embeddable":true,"href":"https:\/\/dominicanrepublictrips.com\/hu\/wp-json\/wp\/v2\/product_brand?post=14057"},{"taxonomy":"product_cat","embeddable":true,"href":"https:\/\/dominicanrepublictrips.com\/hu\/wp-json\/wp\/v2\/product_cat?post=14057"},{"taxonomy":"product_tag","embeddable":true,"href":"https:\/\/dominicanrepublictrips.com\/hu\/wp-json\/wp\/v2\/product_tag?post=14057"}],"curies":[{"name":"wp","href":"https:\/\/api.w.org\/{rel}","templated":true}]}}