{"id":14042,"date":"2021-11-25T10:26:51","date_gmt":"2021-11-25T10:26:51","guid":{"rendered":"https:\/\/dominicanrepublictrips.com\/?post_type=product&#038;p=14042"},"modified":"2021-11-25T10:26:56","modified_gmt":"2021-11-25T10:26:56","slug":"los-haitises-boat-private-trip-from-la-romana","status":"publish","type":"product","link":"https:\/\/dominicanrepublictrips.com\/hu\/dominicantour\/los-haitises-csonak-magan-utazas-la-romana-bol\/","title":{"rendered":"Los Haitises Haj\u00f3 Priv\u00e1t kir\u00e1ndul\u00e1s - La Romana-b\u00f3l"},"content":{"rendered":"<div class=\"vc_row wpb_row vc_row-fluid\" ><div class=\"wpb_column vc_column_container vc_col-sm-12\"><div class=\"vc_column-inner\"><div class=\"wpb_wrapper\"><div class=\"mkdf-section-title-holder\" style=\"text-align: left\">\n\t<div class=\"mkdf-st-inner\">\n\t\t\t\t\t<h5 class=\"mkdf-st-subtitle\" >\n\t\t\t\tMangrove, helyi idegenvezet\u0151k \u00e9s barlangok\t\t\t<\/h5>\n\t\t\t\t\t\t\t<h3 class=\"mkdf-st-title\" >\n\t\t\t\tLos Haitises Haj\u00f3 Priv\u00e1t kir\u00e1ndul\u00e1s - La Romana-b\u00f3l\t\t\t<\/h3>\n\t\t\t\t\t<\/div>\n<\/div><\/div><\/div><\/div><\/div><div class=\"vc_row wpb_row vc_row-fluid\" ><div class=\"wpb_column vc_column_container vc_col-sm-12\"><div class=\"vc_column-inner\"><div class=\"wpb_wrapper\">\n\t<div class=\"wpb_text_column wpb_content_element\" >\n\t\t<div class=\"wpb_wrapper\">\n\t\t\t<h4><b><i>\u00c1ttekint\u00e9s <\/i><\/b><\/h4>\n<p>Ha La Romana-ban van, v\u00e1lasszon egy priv\u00e1t norm\u00e1l kir\u00e1ndul\u00e1st a Los Haitises Nemzeti Parkba.  J\u00f6jj\u00f6n vel\u00fcnk, \u00e9s l\u00e1togasson el a Dominikai K\u00f6zt\u00e1rsas\u00e1g legszebb nemzeti parkj\u00e1ba, l\u00e1togasson el a mangrove erd\u0151kbe, barlangokba \u00e9s a San Lorenzo \u00f6b\u00f6lbe. A Bayahib\u00e9b\u0151l t\u00f6rt\u00e9n\u0151 priv\u00e1t sz\u00e1ll\u00edt\u00e1st k\u00f6vet\u0151en ez a priv\u00e1t haj\u00f3kir\u00e1ndul\u00e1s a Sabana de la Mar k\u00f6z\u00f6ss\u00e9gb\u0151l indul, ahol megismerkedhet\u00fcnk a Sabana de la Mar t\u00f6rt\u00e9net\u00e9vel.<\/p>\n<ul>\n<li style=\"font-weight: 400;\">D\u00edjakkal egy\u00fctt<\/li>\n<li style=\"font-weight: 400;\"><span style=\"font-weight: 400;\">Az \u00fatmutat\u00f3 \u00fatmutat\u00e1st \u00e9s fel\u00fcgyeletet biztos\u00edt<\/span><\/li>\n<li>Eb\u00e9d<\/li>\n<\/ul>\n<p>&nbsp;<\/p>\n<h4><b>Tartoz\u00e1sok \u00e9s kiz\u00e1r\u00e1sok<\/b><\/h4>\n<p>&nbsp;<\/p>\n<p><b>Tartalmak<\/b><\/p>\n<ol>\n<li style=\"font-weight: 400;\">Los Haitises t\u00fara + barlangok \u00e9s piktogramok<\/li>\n<li style=\"font-weight: 400;\"><span style=\"font-weight: 400;\">Minden ad\u00f3, d\u00edj \u00e9s kezel\u00e9si k\u00f6lts\u00e9g<\/span><\/li>\n<li style=\"font-weight: 400;\"><span style=\"font-weight: 400;\">Helyi ad\u00f3k<\/span><\/li>\n<li style=\"font-weight: 400;\"><span style=\"font-weight: 400;\">Minden tev\u00e9kenys\u00e9g<\/span><\/li>\n<li style=\"font-weight: 400;\"><span style=\"font-weight: 400;\">Helyi idegenvezet\u0151<\/span><\/li>\n<li>Sz\u00e1ll\u00edt\u00e1ssal egy\u00fctt<\/li>\n<\/ol>\n<p><b> Kiz\u00e1r\u00e1sok<\/b><\/p>\n<ol>\n<li style=\"font-weight: 400;\"><span style=\"font-weight: 400;\">Jutalmak<\/span><\/li>\n<li style=\"font-weight: 400;\"><span style=\"font-weight: 400;\">Alkoholos italok<\/span><\/li>\n<\/ol>\n<p>&nbsp;<\/p>\n<h4><em><strong>Indul\u00e1s \u00e9s visszat\u00e9r\u00e9s<\/strong><\/em><\/h4>\n<p><span style=\"font-weight: 400;\">Az utaz\u00f3 a foglal\u00e1si folyamat ut\u00e1n kap egy tal\u00e1lkoz\u00e1si pontot. A t\u00far\u00e1k a tal\u00e1lkoz\u00e1si pontokon kezd\u0151dnek \u00e9s fejez\u0151dnek be.<\/span><\/p>\n<p>&nbsp;<\/p>\n<h4><b><i>Mire sz\u00e1m\u00edtson?<\/i><\/b><\/h4>\n<p>&nbsp;<\/p>\n<p><em><strong>Szerezze be jegyeit<\/strong><\/em> a Los Haitises Nemzeti Park megl\u00e1togat\u00e1s\u00e1hoz a k\u00f6vetkez\u0151 helyr\u0151l<strong> La Romana<\/strong> sz\u00e1ll\u00edt\u00e1ssal egy\u00fctt a barlangok, mangroveerd\u0151k \u00e9s a San Lorenzo \u00f6b\u00f6l.<\/p>\n<p>Legalacsonyabb \u00e1r a l\u00e1togat\u00e1shoz <strong>Los Haitises Nemzeti Park<\/strong> a  c\u00edmr\u0151l <strong>La Romana Hotelek<\/strong> vagy Airbnb a helyiekkel.<\/p>\n<p>Miut\u00e1n elindulunk a Los Haitises Nemzeti Park Ca\u00f1o Hondo (Deep Creek) nev\u0171 f\u0151 kik\u00f6t\u0151j\u00e9b\u0151l egy ment\u0151mell\u00e9nyes cs\u00f3nakon. A San Lorenzo \u00f6b\u00f6lbe \u00e9rkez\u00e9s\u00fcnkig \u00e9lvezz\u00fck a v\u00f6r\u00f6s mangrove erd\u0151t. Kis \u00f6b\u00f6l a Saman\u00e1-\u00f6b\u00f6lbe. \u00c9s m\u00e1ris indulunk! Az els\u0151 leny\u0171g\u00f6z\u0151 dolog, amit l\u00e1thatunk, a Mogotes nev\u0171 hatalmas m\u00e9szk\u0151 hegyi sziget gy\u0171jtem\u00e9nye. a tetej\u00fck\u00f6n t\u00f6bb mint 700 n\u00f6v\u00e9nyfaj \u00e9s sok vizes \u00e9l\u0151helyi mad\u00e1r repked. K\u00e9s\u0151bb L\u00e1togat\u00e1s barlangok l\u00e1togat\u00e1sa a 750 \u00e9vvel ezel\u0151tti \u0151slakos k\u00f6z\u00f6ss\u00e9gek piktogramjaival.<\/p>\n<p>A mangroveerd\u0151k\u00f6n kereszt\u00fcl a nyitott San Lorenzo \u00f6b\u00f6lben landol, ahonnan a vadreg\u00e9nyes erdei t\u00e1jat f\u00e9nyk\u00e9pezheti. N\u00e9zzen a v\u00edzre, hogy megl\u00e1ssa <em><strong>Manatees<\/strong><\/em>, r\u00e1kf\u00e9l\u00e9k, \u00e9s <em><strong>delfinek.<\/strong><\/em><\/p>\n<div class=\"body-description secondary\">\n<p>A nemzeti park nev\u00e9t az \u0151slakosokr\u00f3l, a taino indi\u00e1nokr\u00f3l kapta. Az \u0151 nyelv\u00fck\u00f6n a \"Haitises\" felf\u00f6ldet vagy dombokat jelent, ami a partvid\u00e9k m\u00e9szk\u0151b\u0151l \u00e1ll\u00f3 meredek geol\u00f3giai k\u00e9pz\u0151dm\u00e9nyeire utal. Kalandozzon m\u00e9lyebbre a parkban, hogy felfedezze a barlangokat, mint p\u00e9ld\u00e1ul a <em><strong>Cueva de la Arena<\/strong><\/em> \u00e9s <strong><em>Cueva de la L\u00ednea.<\/em><\/strong> A rezerv\u00e1tumban tal\u00e1lhat\u00f3 barlangokat a taino indi\u00e1nok, k\u00e9s\u0151bb pedig kal\u00f3zok haszn\u00e1lt\u00e1k b\u00fav\u00f3helyk\u00e9nt. Keresse az indi\u00e1nok rajzait, amelyek n\u00e9h\u00e1ny falat d\u00edsz\u00edtenek. A Los Haitises Nemzeti Park megl\u00e1togat\u00e1sa ut\u00e1n visszat\u00e9r\u00fcnk a kik\u00f6t\u0151be, ahonnan az utunk indult.<\/p>\n<\/div>\n<p>&nbsp;<\/p>\n<h4><em><strong>Mit hozzon mag\u00e1val?<\/strong><\/em><\/h4>\n<ul>\n<li style=\"font-weight: 400;\"><span style=\"font-weight: 400;\">Kamera<\/span><\/li>\n<li style=\"font-weight: 400;\"><span style=\"font-weight: 400;\">Repell\u00e1l\u00f3 r\u00fcgyek<\/span><\/li>\n<li style=\"font-weight: 400;\"><span style=\"font-weight: 400;\">naptej<\/span><\/li>\n<li style=\"font-weight: 400;\"><span style=\"font-weight: 400;\">Kalap<\/span><\/li>\n<li style=\"font-weight: 400;\"><span style=\"font-weight: 400;\">K\u00e9nyelmes nadr\u00e1g<\/span><\/li>\n<li style=\"font-weight: 400;\"><span style=\"font-weight: 400;\">Erdei t\u00faracip\u0151<\/span><\/li>\n<li style=\"font-weight: 400;\"><span style=\"font-weight: 400;\">Szand\u00e1lok a tavaszi ter\u00fcletekre.<\/span><\/li>\n<li style=\"font-weight: 400;\"><span style=\"font-weight: 400;\">\u00dasz\u00f3 ruh\u00e1zat<\/span><\/li>\n<\/ul>\n<p>&nbsp;<\/p>\n<h4><b><i>Sz\u00e1llodai \u00e1tv\u00e9tel <\/i><\/b><\/h4>\n<p><span style=\"font-weight: 400;\">Ha La Roman\u00e1ban tart\u00f3zkodik, a sz\u00e1llod\u00e1b\u00f3l t\u00f6rt\u00e9n\u0151 felv\u00e9telt is felaj\u00e1nljuk.<\/span><\/p>\n<p>&nbsp;<\/p>\n<p><b>Megjegyz\u00e9s:<\/b><span style=\"font-weight: 400;\"> ha a t\u00fara\/kir\u00e1ndul\u00e1s indul\u00e1si ideje el\u0151tt 24 \u00f3r\u00e1n bel\u00fcl foglal, akkor a sz\u00e1llodai felsz\u00e1ll\u00e1st fel\u00e1r ellen\u00e9ben megszervezz\u00fck, ha nem a La Romana-i sz\u00e1llod\u00e1kban tart\u00f3zkodik. A v\u00e1s\u00e1rl\u00e1s befejez\u00e9se ut\u00e1n elk\u00fcldj\u00fck \u00d6nnek a teljes el\u00e9rhet\u0151s\u00e9get (telefonsz\u00e1m, e-mail c\u00edm, stb.) a helyi t\u00faravezet\u0151nk sz\u00e1m\u00e1ra, hogy megszervezhesse a felv\u00e9telt.<\/span><\/p>\n<h4><b><i>Tov\u00e1bbi inform\u00e1ci\u00f3 Meger\u0151s\u00edt\u00e9s <\/i><\/b><\/h4>\n<ol>\n<li>A jegyek a t\u00fara kifizet\u00e9se ut\u00e1ni nyugta. A fizet\u00e9st a telefonj\u00e1n is meg tudja mutatni.<\/li>\n<li style=\"font-weight: 400;\"><span style=\"font-weight: 400;\">A tal\u00e1lkoz\u00e1si pont a foglal\u00e1si folyamat ut\u00e1n lesz megadva.<\/span><\/li>\n<li style=\"font-weight: 400;\"><span style=\"font-weight: 400;\">A gyermekeket feln\u0151ttnek kell k\u00eds\u00e9rnie.<\/span><\/li>\n<li style=\"font-weight: 400;\"><span style=\"font-weight: 400;\"> Nem kerekessz\u00e9kkel megk\u00f6zel\u00edthet\u0151 <\/span><\/li>\n<li style=\"font-weight: 400;\"><span style=\"font-weight: 400;\">A csecsem\u0151knek \u00f6lben kell \u00fclni\u00fck <\/span><\/li>\n<li style=\"font-weight: 400;\"><span style=\"font-weight: 400;\">Nem aj\u00e1nlott h\u00e1tprobl\u00e9m\u00e1kkal k\u00fczd\u0151 utasoknak<\/span><\/li>\n<li style=\"font-weight: 400;\"><span style=\"font-weight: 400;\">Terhes utaz\u00f3knak nem aj\u00e1nlott <\/span><\/li>\n<li style=\"font-weight: 400;\"><span style=\"font-weight: 400;\"> Nincsenek sz\u00edvprobl\u00e9m\u00e1k vagy egy\u00e9b s\u00falyos eg\u00e9szs\u00e9g\u00fcgyi probl\u00e9m\u00e1k <\/span><\/li>\n<li style=\"font-weight: 400;\"><span style=\"font-weight: 400;\">A legt\u00f6bb utaz\u00f3 r\u00e9szt vehet<\/span><\/li>\n<\/ol>\n<h4><b><i>Lemond\u00e1si szab\u00e1lyzat<\/i><\/b><\/h4>\n<p><span style=\"font-weight: 400;\">A d\u00edjak ut\u00e1ni visszat\u00e9r\u00edt\u00e9shez legal\u00e1bb 78 \u00f3r\u00e1val az \u00e9lm\u00e9ny kezdete el\u0151tt le kell mondania a r\u00e9szv\u00e9telt.<\/span><\/p>\n\n\t\t<\/div>\n\t<\/div>\n<\/div><\/div><\/div><\/div><div class=\"vc_row wpb_row vc_row-fluid\" ><div class=\"wpb_column vc_column_container vc_col-sm-12\"><div class=\"vc_column-inner\"><div class=\"wpb_wrapper\"><div class=\"vc_empty_space\"   style=\"height: 32px\"><span class=\"vc_empty_space_inner\"><\/span><\/div>\n\t<div class=\"wpb_text_column wpb_content_element\" >\n\t\t<div class=\"wpb_wrapper\">\n\t\t\t<h4>L\u00e9pjen kapcsolatba vel\u00fcnk?<\/h4>\n<h5>Foglal\u00e1si kalandok<\/h5>\n<p><em><strong>Helyiek<\/strong>\u00a0\u00e9s\u00a0<strong>Nationals<\/strong>\u00a0Idegenvezet\u0151k \u00e9s vend\u00e9gszolg\u00e1latok<\/em><\/p>\n<p><span class=\"text-turquoise\">Fenntart\u00e1sok:<\/span>\u00a0T\u00far\u00e1k \u00e9s kir\u00e1ndul\u00e1sok a Dom. Rep.<\/p>\n<p><img decoding=\"async\" class=\"emoji\" draggable=\"false\" src=\"https:\/\/s.w.org\/images\/core\/emoji\/11.2.0\/svg\/1f4de.svg\" alt=\"\ud83d\udcde\" \/>\u00a0Tel \/ Whatsapp\u00a0\u00a0<a href=\"tel:+1-809-720-6035\">+1-809-720-6035<\/a>.<\/p>\n<p><img decoding=\"async\" class=\"emoji\" draggable=\"false\" src=\"https:\/\/s.w.org\/images\/core\/emoji\/11.2.0\/svg\/1f4e9.svg\" alt=\"\ud83d\udce9\" \/>\u00a0<a href=\"mailto:info@dominicanrepublictrips.com\">info@dominicanrepublictrips.com<\/a><\/p>\n<p><strong>Mi rugalmasan be\u00e1ll\u00edtjuk a priv\u00e1t t\u00far\u00e1kat Whatsappon kereszt\u00fcl:\u00a0<a href=\"tel:+18097206035\">+18097206035.<\/a><\/strong><\/p>\n\n\t\t<\/div>\n\t<\/div>\n<div class=\"vc_empty_space\"   style=\"height: 32px\"><span class=\"vc_empty_space_inner\"><\/span><\/div><\/div><\/div><\/div><\/div><div class=\"vc_row wpb_row vc_row-fluid\" ><div class=\"wpb_column vc_column_container vc_col-sm-12\"><div class=\"vc_column-inner\"><div class=\"wpb_wrapper\"><div class=\"mkdf-section-title-holder\" style=\"text-align: left\">\n\t<div class=\"mkdf-st-inner\">\n\t\t\t\t\t<h5 class=\"mkdf-st-subtitle\" >\n\t\t\t\tCano Hondo k\u00f6rny\u00e9ki t\u00far\u00e1k \u00e9s kir\u00e1ndul\u00e1sok\t\t\t<\/h5>\n\t\t\t\t\t\t\t<h3 class=\"mkdf-st-title\" >\n\t\t\t\tCano Hondo kir\u00e1ndul\u00e1sok\t\t\t<\/h3>\n\t\t\t\t\t\t\t<p class=\"mkdf-st-text\" >\n\t\t\t\tEgy\u00e9b t\u00fara- \u00e9s kir\u00e1ndul\u00e1si lehet\u0151s\u00e9gek Cano Hondo ter\u00fclet\u00e9n. Sabana de la mar, Dominikai K\u00f6zt\u00e1rsas\u00e1g.\t\t\t<\/p>\n\t\t\t<\/div>\n<\/div><div class=\"woocommerce columns-4\"><\/div><\/div><\/div><\/div><\/div>","protected":false},"excerpt":{"rendered":"<p>Legalacsonyabb \u00e1r a l\u00e1togat\u00e1shoz <strong>Los Haitises Nemzeti Park<\/strong> a  c\u00edmr\u0151l <b>La Romana <\/b>a helyiekkel. Az utaz\u00e1s a Haitises Nemzeti Park f\u0151 kik\u00f6t\u0151j\u00e9b\u0151l indul. A kir\u00e1ndul\u00e1s reggel 6:00 \u00e9s 8:00 \u00f3ra k\u00f6z\u00f6tt indulhat. Felv\u00e9tel La Romana ter\u00fclet\u00e9n. Helyi idegenvezet\u0151, aki ismeri a gy\u00f6ny\u00f6r\u0171 Nemzeti Park eredeti t\u00f6rt\u00e9net\u00e9t, lesz az utaz\u00e1son.<\/p>\n<p>Miut\u00e1n elindulunk a Los Haitises Nemzeti Park Ca\u00f1o Hondo (Deep Creek) nev\u0171 f\u0151 kik\u00f6t\u0151j\u00e9b\u0151l egy ment\u0151mell\u00e9nyes cs\u00f3nakon. \u00c9lvezni fogjuk a v\u00f6r\u00f6s mangrove erd\u0151t, am\u00edg meg\u00e9rkez\u00fcnk a San Lorenzo \u00f6b\u00f6lbe, a Saman\u00e1-\u00f6b\u00f6lbe ny\u00edl\u00f3 kis \u00f6b\u00f6lbe. \u00c9s m\u00e1ris indulunk! Az els\u0151 leny\u0171g\u00f6z\u0151 dolog, amit l\u00e1thatunk, a Mogotes nev\u0171 hatalmas m\u00e9szk\u0151 hegyi sziget gy\u0171jtem\u00e9nye. A tetej\u00fck\u00f6n t\u00f6bb mint 700 n\u00f6v\u00e9nyfaj \u00e9s sok vizes \u00e9l\u0151helyi mad\u00e1r repked. K\u00e9s\u0151bb L\u00e1togat\u00e1s barlangok l\u00e1togat\u00e1sa \u0151slakos k\u00f6z\u00f6ss\u00e9geink 750 \u00e9vvel ezel\u0151tti piktogramokkal.<\/p>\n<p><strong>K\u00e9rj\u00fck, v\u00e1lassza ki a Priv\u00e1t utaz\u00e1s id\u0151pontj\u00e1t:<\/strong><\/p>","protected":false},"featured_media":13635,"template":"","meta":[],"product_brand":[],"product_cat":[738,779,739,318,319,297,320,298,321,322,323],"product_tag":[324,325,326,327,328,329,330,331,332,333,782,781,335,336,313],"class_list":{"0":"post-14042","1":"product","2":"type-product","3":"status-publish","4":"has-post-thumbnail","6":"product_cat-1-sabana-de-la-mar","7":"product_cat-bayahibe-boat-tour","8":"product_cat-boat-trip-los-haitises","9":"product_cat-caves","10":"product_cat-fees-entrace","11":"product_cat-local-tour-guides","12":"product_cat-mangroves","13":"product_cat-swimming-natural-springs","14":"product_cat-tours-and-excursions","15":"product_cat-tours-excursions-los-haitises-national-park","16":"product_cat-tours-excursions-samana-bay-dominican-republic","17":"product_tag-boat-tour","18":"product_tag-cano-hondo","19":"product_tag-cano-hondo-excursion","20":"product_tag-cano-hondo-hotel","21":"product_tag-cano-hondo-tours","22":"product_tag-eco-tours","23":"product_tag-excursion","24":"product_tag-hotel-cano-hondo","25":"product_tag-locals-guides","26":"product_tag-los-haitises","27":"product_tag-los-haitises-boat-private-trip-from-la-romana","28":"product_tag-los-haitises-from-la-romana","29":"product_tag-los-haitises-national-park","30":"product_tag-los-haitises-national-park-tour","31":"product_tag-sabana-de-la-mar","33":"first","34":"instock","35":"sale","36":"virtual","37":"sold-individually","38":"purchasable","39":"product-type-simple"},"_links":{"self":[{"href":"https:\/\/dominicanrepublictrips.com\/hu\/wp-json\/wp\/v2\/product\/14042","targetHints":{"allow":["GET"]}}],"collection":[{"href":"https:\/\/dominicanrepublictrips.com\/hu\/wp-json\/wp\/v2\/product"}],"about":[{"href":"https:\/\/dominicanrepublictrips.com\/hu\/wp-json\/wp\/v2\/types\/product"}],"wp:featuredmedia":[{"embeddable":true,"href":"https:\/\/dominicanrepublictrips.com\/hu\/wp-json\/wp\/v2\/media\/13635"}],"wp:attachment":[{"href":"https:\/\/dominicanrepublictrips.com\/hu\/wp-json\/wp\/v2\/media?parent=14042"}],"wp:term":[{"taxonomy":"product_brand","embeddable":true,"href":"https:\/\/dominicanrepublictrips.com\/hu\/wp-json\/wp\/v2\/product_brand?post=14042"},{"taxonomy":"product_cat","embeddable":true,"href":"https:\/\/dominicanrepublictrips.com\/hu\/wp-json\/wp\/v2\/product_cat?post=14042"},{"taxonomy":"product_tag","embeddable":true,"href":"https:\/\/dominicanrepublictrips.com\/hu\/wp-json\/wp\/v2\/product_tag?post=14042"}],"curies":[{"name":"wp","href":"https:\/\/api.w.org\/{rel}","templated":true}]}}