{"id":13993,"date":"2021-11-25T10:26:14","date_gmt":"2021-11-25T10:26:14","guid":{"rendered":"https:\/\/dominicanrepublictrips.com\/?post_type=product&#038;p=13993"},"modified":"2021-11-25T10:26:24","modified_gmt":"2021-11-25T10:26:24","slug":"2-hours-hiking-rain-forest-los-haitises","status":"publish","type":"product","link":"https:\/\/dominicanrepublictrips.com\/hu\/dominicantour\/2-oras-gyalogos-eso-erdo-los-haitises\/","title":{"rendered":"2 \u00f3ra t\u00far\u00e1z\u00e1s es\u0151erd\u0151 Los Haitises"},"content":{"rendered":"<div class=\"vc_row wpb_row vc_row-fluid\" ><div class=\"wpb_column vc_column_container vc_col-sm-12\"><div class=\"vc_column-inner\"><div class=\"wpb_wrapper\"><div class=\"mkdf-section-title-holder\" style=\"text-align: left\">\n\t<div class=\"mkdf-st-inner\">\n\t\t\t\t\t<h5 class=\"mkdf-st-subtitle\" >\n\t\t\t\tT\u00far\u00e1z\u00e1s az es\u0151erd\u0151ben.\t\t\t<\/h5>\n\t\t\t\t\t\t\t<h3 class=\"mkdf-st-title\" >\n\t\t\t\tLos Haitises Nemzeti Park - T\u00far\u00e1z\u00e1s 4 \u00f3ra Sendero del Bosque Humedo (nedves erdei \u00f6sv\u00e9ny).\t\t\t<\/h3>\n\t\t\t\t\t\t\t<p class=\"mkdf-st-text\" >\n\t\t\t\tEhhez a tapasztalathoz legal\u00e1bb 4 r\u00e9sztvev\u0151re van sz\u00fcks\u00e9g. Ha nem 4, k\u00e9rj\u00fck, forduljon hozz\u00e1nk bizalommal!\t\t\t<\/p>\n\t\t\t<\/div>\n<\/div><\/div><\/div><\/div><\/div><div class=\"vc_row wpb_row vc_row-fluid\" ><\/div><div class=\"wpb_column vc_column_container vc_col-sm-12\"><div class=\"vc_column-inner\"><div class=\"wpb_wrapper\"><\/div><\/div><\/div>\n\t<div class=\"wpb_text_column wpb_content_element\" >\n\t\t<div class=\"wpb_wrapper\">\n\t\t\t\n\t\t<\/div>\n\t<\/div>\n<h4><b><i>\u00c1ttekint\u00e9s <\/i><\/b><\/h4>\n<p>A Los Haitises Nemzeti Park Cano Hond\u00f3b\u00f3l vagy Sabana de la marb\u00f3l indulva a Sendero del Bosque Humedo (nedves erdei \u00f6sv\u00e9ny) kir\u00e1ndul\u00e1s sor\u00e1n Ca\u00f1o Hond\u00f3t\u00f3l Ca\u00f1o Salad\u00f3ig gyalogolunk az erd\u0151n kereszt\u00fcl, hogy egy r\u00f6vid haj\u00f3\u00faton vissza\u00e9rj\u00fcnk a kik\u00f6t\u0151be. Az \u00f6sv\u00e9ny 3,8 km hossz\u00fa, \u00e9s k\u00f6r\u00fclbel\u00fcl 2 \u00f3r\u00e1t vesz ig\u00e9nybe csak egy ir\u00e1nyban.<\/p>\n<p>Ez ut\u00e1n a tapasztalat, akkor kap vissza Cano Hondo vagy Sabana de la mar.<\/p>\n<ul>\n<li style=\"font-weight: 400;\">D\u00edjakkal egy\u00fctt<\/li>\n<li>Los Haitises Nemzeti Park T\u00far\u00e1z\u00e1s Kir\u00e1ndul\u00e1s<\/li>\n<li style=\"font-weight: 400;\"><span style=\"font-weight: 400;\">Az \u00fatmutat\u00f3 \u00fatmutat\u00e1st \u00e9s fel\u00fcgyeletet biztos\u00edt<\/span><\/li>\n<\/ul>\n<p>&nbsp;<\/p>\n<h4><b>Tartoz\u00e1sok \u00e9s kiz\u00e1r\u00e1sok<\/b><\/h4>\n<p>&nbsp;<\/p>\n<p><b>Tartalmak<\/b><\/p>\n<p>&nbsp;<\/p>\n<ol>\n<li style=\"font-weight: 400;\">Los Haitises Nemzeti Park<\/li>\n<li style=\"font-weight: 400;\"><span style=\"font-weight: 400;\">Minden ad\u00f3, d\u00edj \u00e9s kezel\u00e9si k\u00f6lts\u00e9g<\/span><\/li>\n<li style=\"font-weight: 400;\"><span style=\"font-weight: 400;\">Helyi ad\u00f3k<\/span><\/li>\n<li style=\"font-weight: 400;\"><span style=\"font-weight: 400;\">Italok<\/span><\/li>\n<li style=\"font-weight: 400;\"><span style=\"font-weight: 400;\">Minden tev\u00e9kenys\u00e9g<\/span><\/li>\n<li style=\"font-weight: 400;\"><span style=\"font-weight: 400;\">Helyi idegenvezet\u0151<\/span><\/li>\n<\/ol>\n<p><b> Kiz\u00e1r\u00e1sok<\/b><\/p>\n<ol>\n<li style=\"font-weight: 400;\"><span style=\"font-weight: 400;\">Jutalmak<\/span><\/li>\n<li style=\"font-weight: 400;\"><span style=\"font-weight: 400;\">Transzfer<\/span><\/li>\n<li>Eb\u00e9d<\/li>\n<li style=\"font-weight: 400;\"><span style=\"font-weight: 400;\">Alkoholos italok<\/span><\/li>\n<\/ol>\n<p>&nbsp;<\/p>\n<h4><em><strong>Indul\u00e1s \u00e9s visszat\u00e9r\u00e9s<\/strong><\/em><\/h4>\n<p><span style=\"font-weight: 400;\">Az utaz\u00f3 a foglal\u00e1si folyamat ut\u00e1n kap egy tal\u00e1lkoz\u00e1si pontot. A t\u00far\u00e1k a tal\u00e1lkoz\u00e1si pontjainkon kezd\u0151dnek \u00e9s fejez\u0151dnek be.<\/span><\/p>\n<p>&nbsp;<\/p>\n<h2>Los Haitises Nemzeti Park - T\u00far\u00e1z\u00e1s 4 \u00f3ra Sendero del Bosque Humedo (nedves erdei \u00f6sv\u00e9ny).<\/h2>\n<h4><b><i>Mire sz\u00e1m\u00edtson?<\/i><\/b><\/h4>\n<p>L\u00e1togat\u00e1s a Los Haitises Nemzeti Parkban 4 \u00f3r\u00e1s t\u00far\u00e1z\u00e1s a humistikus erd\u0151ben, ahol l\u00e1tni fogja az emberi hat\u00e1sokat ebben a nemzeti parkban. Tanul\u00e1s a t\u00f6rt\u00e9nelemr\u0151l \u00e9s a term\u00e9szetr\u0151l a helyi t\u00faravezet\u0151kkel, akik Emvoromental v\u00e9delmez\u0151k\u00e9nt \u00e9s \u00f6nk\u00e9ntesk\u00e9nt n\u0151ttek fel ezen a v\u00e9dett ter\u00fcleten bel\u00fcl.<\/p>\n<p>A \"Booking Adventures\" \u00e1ltal szervezett t\u00fara az idegenvezet\u0151vel k\u00f6z\u00f6sen meghat\u00e1rozott tal\u00e1lkoz\u00e1si ponton indul. A mez\u0151k\u00f6n \u00e9s sz\u00e1nt\u00f3f\u00f6ldeken \u00e1t vezet\u0151 kezdeti s\u00e9ta ut\u00e1n a Coconuct \u00e9s a kaka\u00f3erd\u0151 mellett kezd\u00fcnk el s\u00e9t\u00e1lni.  A Los Haitises Nemzeti Parkon bel\u00fcli els\u0151dleges \u00e9s egyed\u00fcl\u00e1ll\u00f3 term\u00e9szetv\u00e9delmi erd\u0151ter\u00fcleten bel\u00fcl minden percet megismerhet\u00fcnk. J\u00f6jj\u00f6n a Booking Adventures-szel, \u00e9s kezdje el ellen\u0151rizni az Endemic madarakat, eml\u0151s\u00f6ket \u00e9s n\u00f6v\u00e9nyfajokat, a buja n\u00f6v\u00e9nyzet\u0171 dombokat \u00e9s a barlangok barlangjait! <em><strong>Los Haitises Nemzeti Park<\/strong><\/em>.<\/p>\n<div class=\"body-description secondary\">\n<p>A nemzeti park nev\u00e9t az \u0151slakosokr\u00f3l, a taino indi\u00e1nokr\u00f3l kapta. Az \u0151 nyelv\u00fck\u00f6n a \"Haitises\" felf\u00f6ldet vagy dombokat jelent, ami a partvid\u00e9k m\u00e9szk\u0151b\u0151l \u00e1ll\u00f3 meredek geol\u00f3giai k\u00e9pz\u0151dm\u00e9nyeire utal. Kalandozzon m\u00e9lyebbre a parkban, hogy felfedezze a barlangokat, mint p\u00e9ld\u00e1ul a <em><strong>Cueva de la Arena<\/strong><\/em> \u00e9s <strong><em>Cueva de la L\u00ednea. A haj\u00f3kir\u00e1ndul\u00e1st \u00f6ssze lehet egyeztetni a t\u00far\u00e1z\u00e1ssal. Csak vegye fel vel\u00fcnk a kapcsolatot.<\/em><\/strong><\/p>\n<p>A rezerv\u00e1tumban tal\u00e1lhat\u00f3 barlangokat a taino indi\u00e1nok, k\u00e9s\u0151bb pedig kal\u00f3zok haszn\u00e1lt\u00e1k b\u00fav\u00f3helyk\u00e9nt. Keresse az indi\u00e1nok rajzait, amelyek n\u00e9h\u00e1ny falat d\u00edsz\u00edtenek. Az es\u0151erd\u0151ben t\u00f6bb mint 700 sz\u00e1z n\u00f6v\u00e9nyfaj tal\u00e1lhat\u00f3, ezen a t\u00fara\u00fatvonalon igyeksz\u00fcnk megtan\u00edtani a l\u00e1togat\u00f3kat minden \u00e1ltalunk ismert gy\u00f3gyn\u00f6v\u00e9nyre.<\/p>\n<p>J\u00f6jj\u00f6n el tanulni, t\u00far\u00e1zni \u00e9s \u00e9lvezni a Los Haitises Nemzeti Park igazi term\u00e9szet\u00e9t.<\/p>\n<\/div>\n<p>&nbsp;<\/p>\n<h4><em><strong>Mit hozzon mag\u00e1val?<\/strong><\/em><\/h4>\n<ul>\n<li style=\"font-weight: 400;\"><span style=\"font-weight: 400;\">Kamera<\/span><\/li>\n<li style=\"font-weight: 400;\"><span style=\"font-weight: 400;\">Repell\u00e1l\u00f3 r\u00fcgyek<\/span><\/li>\n<li style=\"font-weight: 400;\"><span style=\"font-weight: 400;\">Napkr\u00e9m<\/span><\/li>\n<li style=\"font-weight: 400;\"><span style=\"font-weight: 400;\">Kalap<\/span><\/li>\n<li style=\"font-weight: 400;\"><span style=\"font-weight: 400;\">K\u00e9nyelmes nadr\u00e1g<\/span><\/li>\n<li style=\"font-weight: 400;\"><span style=\"font-weight: 400;\">Erdei t\u00faracip\u0151<\/span><\/li>\n<li style=\"font-weight: 400;\"><span style=\"font-weight: 400;\">Szand\u00e1lok a tavaszi ter\u00fcletekre.<\/span><\/li>\n<li style=\"font-weight: 400;\"><span style=\"font-weight: 400;\">\u00dasz\u00f3 ruh\u00e1zat<\/span><\/li>\n<\/ul>\n<p>&nbsp;<\/p>\n<h4><b><i>Sz\u00e1llodai \u00e1tv\u00e9tel <\/i><\/b><\/h4>\n<p><span style=\"font-weight: 400;\">Ezen a t\u00far\u00e1n a sz\u00e1llodai felsz\u00e1ll\u00e1st nem biztos\u00edtjuk. Csak akkor, ha a Cano Hondo Hotels.<\/span><\/p>\n<p><b>Megjegyz\u00e9s:<\/b><span style=\"font-weight: 400;\"> Ha a t\u00fara\/kir\u00e1ndul\u00e1s indul\u00e1si id\u0151pontja el\u0151tt 24 \u00f3r\u00e1n bel\u00fcl foglal, akkor a Dominikai K\u00f6zt\u00e1rsas\u00e1g b\u00e1rmely pontj\u00e1r\u00f3l fel\u00e1r ellen\u00e9ben sz\u00e1llodai felsz\u00e1ll\u00e1st tudunk szervezni. Amint a v\u00e1s\u00e1rl\u00e1s befejez\u0151d\u00f6tt, elk\u00fcldj\u00fck \u00d6nnek a teljes el\u00e9rhet\u0151s\u00e9get (telefonsz\u00e1m, e-mail c\u00edm, stb.) a helyi idegenvezet\u0151nk sz\u00e1m\u00e1ra, hogy megszervezhesse a felv\u00e9telt.<\/span><\/p>\n<h4><b><i>Tov\u00e1bbi inform\u00e1ci\u00f3 Meger\u0151s\u00edt\u00e9s <\/i><\/b><\/h4>\n<ol>\n<li>Jegyek a nyugta kifizet\u00e9se ut\u00e1n a Tour. Meg tudja mutatni a fizet\u00e9st a telefonj\u00e1n.<\/li>\n<li style=\"font-weight: 400;\"><span style=\"font-weight: 400;\">A tal\u00e1lkoz\u00e1si pont a foglal\u00e1si folyamat ut\u00e1n lesz megadva.<\/span><\/li>\n<li style=\"font-weight: 400;\"><span style=\"font-weight: 400;\">A gyermekeket feln\u0151ttnek kell k\u00eds\u00e9rnie.<\/span><\/li>\n<li style=\"font-weight: 400;\"><span style=\"font-weight: 400;\"> Nem kerekessz\u00e9kkel megk\u00f6zel\u00edthet\u0151 <\/span><\/li>\n<li style=\"font-weight: 400;\"><span style=\"font-weight: 400;\">A csecsem\u0151knek \u00f6lben kell \u00fclni\u00fck <\/span><\/li>\n<li style=\"font-weight: 400;\"><span style=\"font-weight: 400;\">Nem aj\u00e1nlott h\u00e1tprobl\u00e9m\u00e1kkal k\u00fczd\u0151 utasoknak<\/span><\/li>\n<li style=\"font-weight: 400;\"><span style=\"font-weight: 400;\">Terhes utaz\u00f3knak nem aj\u00e1nlott <\/span><\/li>\n<li style=\"font-weight: 400;\"><span style=\"font-weight: 400;\"> Nincsenek sz\u00edvprobl\u00e9m\u00e1k vagy egy\u00e9b s\u00falyos eg\u00e9szs\u00e9g\u00fcgyi probl\u00e9m\u00e1k <\/span><\/li>\n<li style=\"font-weight: 400;\"><span style=\"font-weight: 400;\">A legt\u00f6bb utaz\u00f3 r\u00e9szt vehet<\/span><\/li>\n<\/ol>\n<h4><b><i>Lemond\u00e1si szab\u00e1lyzat<\/i><\/b><\/h4>\n<p><span style=\"font-weight: 400;\"><span style=\"vertical-align: inherit;\"><span style=\"vertical-align: inherit;\">Para obtener un reembolso completo, cancele al menos 24 horas antes de la fecha de inicio de la experiencia. <\/span><span style=\"vertical-align: inherit;\">Los fondos se perder\u00e1n si la reserva se cancela el mismo d\u00eda del viaje. <\/span><\/span><\/span><span style=\"vertical-align: inherit;\"><span style=\"vertical-align: inherit;\">[\/ vc_column_text] [\/ vc_column] [\/ vc_row] [\/ vc_column] <div class=\"vc_row wpb_row vc_row-fluid\" ><\/div> <div class=\"wpb_column vc_column_container vc_col-sm-12\"><div class=\"vc_column-inner\"><div class=\"wpb_wrapper\"><\/div><\/div><\/div> <div class=\"vc_empty_space\"   style=\"height: 32px\"><span class=\"vc_empty_space_inner\"><\/span><\/div> \n\t<div class=\"wpb_text_column wpb_content_element\" >\n\t\t<div class=\"wpb_wrapper\">\n\t\t\t\n\t\t<\/div>\n\t<\/div>\n<\/span><\/span><\/p>\n<h4><span style=\"vertical-align: inherit;\"><span style=\"vertical-align: inherit;\">\u00bfCont\u00e1ctenos?<\/span><\/span><\/h4>\n<h5><span style=\"vertical-align: inherit;\"><span style=\"vertical-align: inherit;\">Reservas de aventuras<\/span><\/span><\/h5>\n<p><em><span style=\"vertical-align: inherit;\"><span style=\"vertical-align: inherit;\">\u00a0Servicios para hu\u00e9spedes y gu\u00edas tur\u00edsticos <\/span><strong><span style=\"vertical-align: inherit;\">locales<\/span><\/strong><span style=\"vertical-align: inherit;\"> \u00a0y\u00a0 <\/span><\/span><strong><span style=\"vertical-align: inherit;\"><span style=\"vertical-align: inherit;\">nacionales<\/span><\/span><\/strong><\/em><\/p>\n<p><span class=\"text-turquoise\"><span style=\"vertical-align: inherit;\"><span style=\"vertical-align: inherit;\">Fenntart\u00e1sok:<\/span><\/span><\/span><span style=\"vertical-align: inherit;\"><span style=\"vertical-align: inherit;\"> \u00a0Tours y Excursiones en Dom. <\/span><span style=\"vertical-align: inherit;\">K\u00e9pvisel\u0151k.<\/span><\/span><\/p>\n<p><img decoding=\"async\" class=\"emoji\" draggable=\"false\" src=\"https:\/\/s.w.org\/images\/core\/emoji\/11.2.0\/svg\/1f4de.svg\" alt=\"\ud83d\udcde\" \/><span style=\"vertical-align: inherit;\"><span style=\"vertical-align: inherit;\">\u00a0Tel \/ Whatsapp\u00a0\u00a0 <\/span><\/span><a href=\"tel:+1-809-720-6035\"><span style=\"vertical-align: inherit;\"><span style=\"vertical-align: inherit;\">+ 1-809-720-6035<\/span><\/span><\/a><span style=\"vertical-align: inherit;\"><span style=\"vertical-align: inherit;\"> .<\/span><\/span><\/p>\n<p><img decoding=\"async\" class=\"emoji\" draggable=\"false\" src=\"https:\/\/s.w.org\/images\/core\/emoji\/11.2.0\/svg\/1f4e9.svg\" alt=\"\ud83d\udce9\" \/>\u00a0<a href=\"mailto:info@dominicanrepublictrips.com\"><span style=\"vertical-align: inherit;\"><span style=\"vertical-align: inherit;\">info@dominicanrepublictrips.com<\/span><\/span><\/a><\/p>\n<p><strong><span style=\"vertical-align: inherit;\"><span style=\"vertical-align: inherit;\">Somos tours privados de configuraci\u00f3n flexible por Whatsapp:\u00a0 <\/span><\/span><a href=\"tel:+18097206035\"><span style=\"vertical-align: inherit;\"><span style=\"vertical-align: inherit;\">+18097206035. <\/span><\/span><\/a><\/strong><span style=\"vertical-align: inherit;\"><span style=\"vertical-align: inherit;\">[\/ vc_column_text] <div class=\"vc_empty_space\"   style=\"height: 32px\"><span class=\"vc_empty_space_inner\"><\/span><\/div> [\/ vc_column] [\/ vc_row]<\/span><\/span><\/p>","protected":false},"excerpt":{"rendered":"<p><span style=\"vertical-align: inherit;\"><span style=\"vertical-align: inherit;\">Caminata 4 horas al Parque Nacional Los Haitises con un gu\u00eda tur\u00edstico local desde Sabana de la mar. <\/span><span style=\"vertical-align: inherit;\">L\u00e1togat\u00e1s a Selva Tropical, Cocos, Caf\u00e9 \u00e9s Cacao ter\u00fcleteken. <\/span><span style=\"vertical-align: inherit;\">Aprendiendo sobre la historia original del Parque Nacional Los Haitises.<\/span><\/span><\/p>\n<p>&nbsp;<\/p>\n<p><strong><span style=\"vertical-align: inherit;\"><span style=\"vertical-align: inherit;\">Seleccione la fecha para el viaje de senderismo:<\/span><\/span><\/strong><\/p>","protected":false},"featured_media":12903,"template":"","meta":[],"product_brand":[],"product_cat":[738,295,751,322,323],"product_tag":[544,408,329,330,424,617,618,335,619,418,420,620,426,313,621,350,345,622],"class_list":{"0":"post-13993","1":"product","2":"type-product","3":"status-publish","4":"has-post-thumbnail","6":"product_cat-1-sabana-de-la-mar","7":"product_cat-hiking","8":"product_cat-hiking-los-haitises","9":"product_cat-tours-excursions-los-haitises-national-park","10":"product_cat-tours-excursions-samana-bay-dominican-republic","11":"product_tag-cano-hondo-sabana-de-la-mar","12":"product_tag-caves-los-haitises","13":"product_tag-eco-tours","14":"product_tag-excursion","15":"product_tag-hiking-los-haitises","16":"product_tag-hiking-sabana-de-la-mar","17":"product_tag-hiking-samana","18":"product_tag-los-haitises-national-park","19":"product_tag-los-haitises-national-park-entrance-fee","20":"product_tag-los-haitises-national-park-tour-from-las-terrenas","21":"product_tag-los-haitises-national-park-tour-from-santo-domingo","22":"product_tag-los-haitises-national-park-weather","23":"product_tag-los-haitises-sabana-de-la-mar","24":"product_tag-sabana-de-la-mar","25":"product_tag-sabana-de-la-mar-tour","26":"product_tag-samana-excursions","27":"product_tag-samana-tours","28":"product_tag-secrets-of-los-haitises","30":"first","31":"instock","32":"sale","33":"virtual","34":"sold-individually","35":"purchasable","36":"product-type-simple"},"_links":{"self":[{"href":"https:\/\/dominicanrepublictrips.com\/hu\/wp-json\/wp\/v2\/product\/13993","targetHints":{"allow":["GET"]}}],"collection":[{"href":"https:\/\/dominicanrepublictrips.com\/hu\/wp-json\/wp\/v2\/product"}],"about":[{"href":"https:\/\/dominicanrepublictrips.com\/hu\/wp-json\/wp\/v2\/types\/product"}],"wp:featuredmedia":[{"embeddable":true,"href":"https:\/\/dominicanrepublictrips.com\/hu\/wp-json\/wp\/v2\/media\/12903"}],"wp:attachment":[{"href":"https:\/\/dominicanrepublictrips.com\/hu\/wp-json\/wp\/v2\/media?parent=13993"}],"wp:term":[{"taxonomy":"product_brand","embeddable":true,"href":"https:\/\/dominicanrepublictrips.com\/hu\/wp-json\/wp\/v2\/product_brand?post=13993"},{"taxonomy":"product_cat","embeddable":true,"href":"https:\/\/dominicanrepublictrips.com\/hu\/wp-json\/wp\/v2\/product_cat?post=13993"},{"taxonomy":"product_tag","embeddable":true,"href":"https:\/\/dominicanrepublictrips.com\/hu\/wp-json\/wp\/v2\/product_tag?post=13993"}],"curies":[{"name":"wp","href":"https:\/\/api.w.org\/{rel}","templated":true}]}}