{"id":13963,"date":"2021-11-25T10:25:55","date_gmt":"2021-11-25T10:25:55","guid":{"rendered":"https:\/\/dominicanrepublictrips.com\/?post_type=product&#038;p=13963"},"modified":"2023-11-25T07:49:18","modified_gmt":"2023-11-25T07:49:18","slug":"los-haitises-national-park-tour-from-samana-port-bacardi-island-cayo-levantado","status":"publish","type":"product","link":"https:\/\/dominicanrepublictrips.com\/fr\/dominicantour\/los-haitises-national-park-tour-from-samana-port-bacardi-island-cayo-levantado\/","title":{"rendered":"Circuit du parc national Los Haitises depuis le port de Saman\u00e1 + l'\u00eele de Bacardi (Cayo Levantado)"},"content":{"rendered":"<div class=\"vc_row wpb_row vc_row-fluid\" ><div class=\"wpb_column vc_column_container vc_col-sm-12\"><div class=\"vc_column-inner\"><div class=\"wpb_wrapper\"><div class=\"mkdf-section-title-holder\" style=\"text-align: left\">\n\t<div class=\"mkdf-st-inner\">\n\t\t\t\t\t<h5 class=\"mkdf-st-subtitle\" >\n\t\t\t\tVisites \u00e9cologiques avec des locaux\t\t\t<\/h5>\n\t\t\t\t\t\t\t<h3 class=\"mkdf-st-title\" >\n\t\t\t\tExcursion en bateau dans le parc national Los Haitises + \u00eele Cayo Levantado\t\t\t<\/h3>\n\t\t\t\t\t<\/div>\n<\/div><\/div><\/div><\/div><\/div><div class=\"vc_row wpb_row vc_row-fluid\" ><div class=\"wpb_column vc_column_container vc_col-sm-12\"><div class=\"vc_column-inner\"><div class=\"wpb_wrapper\">\n\t<div class=\"wpb_text_column wpb_content_element\" >\n\t\t<div class=\"wpb_wrapper\">\n\t\t\t<h4><\/h4>\n<h2>Circuit du parc national Los Haitises depuis le port de Saman\u00e1 + l'\u00eele de Bacardi (Cayo Levantado)<\/h2>\n<h4><b><i>Vue d'ensemble <\/i><\/b><\/h4>\n<p>Parc national de Los Haitises au d\u00e9part du port de Saman\u00e1 et d\u00e9jeuner sur l'\u00eele de Bacardi.  Venez avec nous et visitez le plus beau parc national de la R\u00e9publique Dominicaine, en visitant les mangroves, les grottes et la baie de San Lorenzo et en traversant la magnifique baie de Saman\u00e1. Puis retour dans la r\u00e9gion de Saman\u00e1 pour visiter l'\u00eele de Bacardi, d\u00e9jeuner sur la plage et se baigner sur l'une des plus belles plages de la baie de Saman\u00e1.<\/p>\n<p>Apr\u00e8s cette exp\u00e9rience, vous retournerez au port de Saman\u00e1.<\/p>\n<ul>\n<li style=\"font-weight: 400;\">Frais inclus<\/li>\n<li>D\u00e9jeuner \u00e0 l'\u00eele de Bacardi inclus<\/li>\n<li style=\"font-weight: 400;\"><span style=\"font-weight: 400;\">Le guide fournit des instructions et une supervision<\/span><\/li>\n<\/ul>\n<p>&nbsp;<\/p>\n<h4><b>Inclusions et exclusions<\/b><\/h4>\n<p><b>Inclusions<\/b><\/p>\n<ol>\n<li style=\"font-weight: 400;\">Visite de Los Haitises + grottes et pictogrammes<\/li>\n<li>D\u00e9jeuner \u00e0 Cayo Levantado (\u00eele Bacardi) si vous souhaitez un circuit similaire : Los Haitises + Ca\u00f1o Hondo<\/li>\n<li style=\"font-weight: 400;\"><span style=\"font-weight: 400;\">Toutes les taxes, tous les frais et tous les frais de gestion<\/span><\/li>\n<li style=\"font-weight: 400;\"><span style=\"font-weight: 400;\">Imp\u00f4ts locaux<\/span><\/li>\n<li style=\"font-weight: 400;\"><span style=\"font-weight: 400;\">Boissons<\/span><\/li>\n<li style=\"font-weight: 400;\"><span style=\"font-weight: 400;\">Toutes les activit\u00e9s<\/span><\/li>\n<li style=\"font-weight: 400;\"><span style=\"font-weight: 400;\">Guide local<\/span><\/li>\n<\/ol>\n<p><b> Exclusions<\/b><\/p>\n<ol>\n<li style=\"font-weight: 400;\"><span style=\"font-weight: 400;\">Pourboires<\/span><\/li>\n<li style=\"font-weight: 400;\"><span style=\"font-weight: 400;\">Transfert<\/span><\/li>\n<li style=\"font-weight: 400;\"><span style=\"font-weight: 400;\">Boissons alcoolis\u00e9es<\/span><\/li>\n<\/ol>\n<p>&nbsp;<\/p>\n<h4><em><strong>D\u00e9part et retour<\/strong><\/em><\/h4>\n<p><span style=\"font-weight: 400;\">Le voyageur obtiendra un point de rencontre apr\u00e8s le processus de r\u00e9servation. Les circuits commencent et se terminent \u00e0 nos points de rencontre.<\/span><\/p>\n<p>&nbsp;<\/p>\n<h2>Circuit du parc national Los Haitises depuis le port de Saman\u00e1 jusqu'\u00e0 l'\u00eele de Bacardi (Cayo Levantado)<\/h2>\n<h4><b><i>\u00c0 quoi s'attendre ?<\/i><\/b><\/h4>\n<p><b><i>V<\/i><\/b>isiting<strong> Parc national de Los Haitises<\/strong> avec un merveilleux d\u00e9jeuner \u00e0<strong> \u00cele de Cayo Levantado<\/strong> et Baignade \u00e0 la plage. D\u00e9marrage <strong>du port de Saman\u00e1<\/strong> \u00e0 bord d'un bateau ou d'un catamaran avec un guide local, nous passons la baie de Saman\u00e1 jusqu'\u00e0 Sabana de la Mar pour visiter l'un des plus beaux parcs nationaux de la R\u00e9publique dominicaine. <em><strong>Le parc national des Haitises<\/strong><\/em>.<\/p>\n<p>L'excursion, organis\u00e9e par Booking Adventures, commence au point de rendez-vous fix\u00e9 par le guide touristique. Venez avec Booking Adventures et commencez \u00e0 d\u00e9couvrir des mangroves pleines d'oiseaux, des collines ondulantes \u00e0 la v\u00e9g\u00e9tation luxuriante et des grottes d'une beaut\u00e9 exceptionnelle. <em><strong>Parc national de Los Haitises<\/strong><\/em>. Visite de l'\u00eele avec les oiseaux autour. En p\u00e9riode de nidification, on peut m\u00eame voir les oisillons de Pelecanos sur les nids. Approfondir la connaissance des \u00eeles Rocheuses et visiter les grottes avec des pictogrammes et des p\u00e9trographes des peuples indig\u00e8nes.<\/p>\n<p>Traversez les mangroves et d\u00e9barquez dans la baie ouverte de San Lorenzo, d'o\u00f9 vous pourrez photographier le paysage forestier accident\u00e9. Regardez vers l'eau pour apercevoir <em><strong>Lamantins<\/strong><\/em>les crustac\u00e9s, et <em><strong>dauphins.<\/strong><\/em><\/p>\n<h2><strong>Grottes du parc national de Los Haitises<\/strong><\/h2>\n<div class=\"body-description secondary\">\n<p>Le parc national tire son nom de ses premiers habitants, les Indiens Taino. Dans leur langue, \"Haitises\" signifie \"hautes terres\" ou \"collines\", en r\u00e9f\u00e9rence aux formations g\u00e9ologiques escarp\u00e9es de calcaire du littoral. Aventurez-vous plus profond\u00e9ment dans le parc pour explorer des grottes telles que la <em><strong>Cueva de la Arena<\/strong><\/em> et <strong><em>Cueva de la L\u00ednea.<\/em><\/strong><\/p>\n<p>Les grottes de la r\u00e9serve servaient d'abri aux Indiens Taino et, plus tard, aux pirates qui s'y cachaient. Cherchez les dessins des Indiens qui d\u00e9corent certains murs. Apr\u00e8s avoir visit\u00e9 le parc national Los Haitises, nous retournerons au port de Saman\u00e1 en passant par la baie de Saman\u00e1 pendant 30 minutes et en visitant l'\u00eele de Bacardi. Nous prendrons un d\u00e9jeuner typique sur l'\u00eele. Si vous \u00eates v\u00e9g\u00e9talien, ne vous inqui\u00e9tez pas, nous avons aussi de la nourriture pour vous !<\/p>\n<p>Apr\u00e8s avoir nag\u00e9 tout l'apr\u00e8s-midi et s'\u00eatre d\u00e9tendu sur la plage, notre guide vous indiquera l'heure du retour au port de Saman\u00e1.<\/p>\n<\/div>\n<p>Au cas o\u00f9 vous aimeriez que ce voyage soit plus long ou plus court, nous avons ces options :<\/p>\n<ol>\n<li>Juste Los Haitises du port de Saman\u00e1.<\/li>\n<li>Los Haitises + Ca\u00f1o Hondo depuis le port de Saman\u00e1.<\/li>\n<\/ol>\n<p>&nbsp;<\/p>\n<h4><em><strong>Que faut-il apporter ?<\/strong><\/em><\/h4>\n<ul>\n<li style=\"font-weight: 400;\"><span style=\"font-weight: 400;\">Appareil photo<\/span><\/li>\n<li style=\"font-weight: 400;\"><span style=\"font-weight: 400;\">Bourgeons r\u00e9pulsifs<\/span><\/li>\n<li style=\"font-weight: 400;\"><span style=\"font-weight: 400;\">Cr\u00e8me solaire<\/span><\/li>\n<li style=\"font-weight: 400;\"><span style=\"font-weight: 400;\">Chapeau<\/span><\/li>\n<li style=\"font-weight: 400;\"><span style=\"font-weight: 400;\">Pantalon confortable<\/span><\/li>\n<li style=\"font-weight: 400;\"><span style=\"font-weight: 400;\">Chaussures de randonn\u00e9e pour la for\u00eat<\/span><\/li>\n<li style=\"font-weight: 400;\"><span style=\"font-weight: 400;\">Sandals to the Spring areas.<\/span><\/li>\n<li style=\"font-weight: 400;\"><span style=\"font-weight: 400;\">V\u00eatements de bain<\/span><\/li>\n<\/ul>\n<p>&nbsp;<\/p>\n<h4><b><i>Ramassage \u00e0 l'h\u00f4tel <\/i><\/b><\/h4>\n<p><span style=\"font-weight: 400;\">La prise en charge \u00e0 l'h\u00f4tel n'est pas propos\u00e9e pour ce circuit. <\/span><\/p>\n<p>&nbsp;<\/p>\n<p><b>Remarque :<\/b><span style=\"font-weight: 400;\"> Si vous r\u00e9servez dans les 24 heures pr\u00e9c\u00e9dant l'heure de d\u00e9part de la visite\/excursion, nous pouvons organiser la prise en charge \u00e0 l'h\u00f4tel moyennant des frais suppl\u00e9mentaires. Une fois votre achat effectu\u00e9, nous vous enverrons les coordonn\u00e9es compl\u00e8tes (num\u00e9ro de t\u00e9l\u00e9phone, adresse \u00e9lectronique, etc.) de notre guide local pour organiser la prise en charge.<\/span><\/p>\n<h4><b><i>Informations compl\u00e9mentaires Confirmation <\/i><\/b><\/h4>\n<ol>\n<li>Les billets sont le re\u00e7u apr\u00e8s le paiement de cette tourn\u00e9e. Vous pouvez montrer le paiement sur votre t\u00e9l\u00e9phone.<\/li>\n<li style=\"font-weight: 400;\"><span style=\"font-weight: 400;\">Le point de rencontre sera communiqu\u00e9 apr\u00e8s le processus de r\u00e9servation.<\/span><\/li>\n<li style=\"font-weight: 400;\"><span style=\"font-weight: 400;\">Les enfants doivent \u00eatre accompagn\u00e9s d'un adulte.<\/span><\/li>\n<li style=\"font-weight: 400;\"><span style=\"font-weight: 400;\"> Non accessible aux fauteuils roulants <\/span><\/li>\n<li style=\"font-weight: 400;\"><span style=\"font-weight: 400;\">Les enfants en bas \u00e2ge doivent \u00eatre assis sur les genoux <\/span><\/li>\n<li style=\"font-weight: 400;\"><span style=\"font-weight: 400;\">D\u00e9conseill\u00e9 aux voyageurs souffrant de probl\u00e8mes de dos<\/span><\/li>\n<li style=\"font-weight: 400;\"><span style=\"font-weight: 400;\">D\u00e9conseill\u00e9 aux voyageuses enceintes <\/span><\/li>\n<li style=\"font-weight: 400;\"><span style=\"font-weight: 400;\"> Pas de probl\u00e8mes cardiaques ou d'autres maladies graves <\/span><\/li>\n<li style=\"font-weight: 400;\"><span style=\"font-weight: 400;\">La plupart des voyageurs peuvent participer<\/span><\/li>\n<\/ol>\n<h4><b><i>Politique d'annulation<\/i><\/b><\/h4>\n<p><span style=\"font-weight: 400;\">Pour obtenir un remboursement complet, il faut annuler au moins 24 heures avant la date de d\u00e9but de l'exp\u00e9rience. Les fonds seront perdus si la r\u00e9servation est annul\u00e9e le jour m\u00eame du voyage.<\/span><\/p>\n\n\t\t<\/div>\n\t<\/div>\n\n\t<div class=\"wpb_video_widget wpb_content_element vc_clearfix   vc_video-aspect-ratio-169 vc_video-el-width-100 vc_video-align-left\" >\n\t\t<div class=\"wpb_wrapper\">\n\t\t\t<h2 class=\"wpb_heading wpb_video_heading\">Parc national de Los Haitises<\/h2>\n\t\t\t<div class=\"wpb_video_wrapper\"><iframe loading=\"lazy\" title=\"Parc national de Los Haitises Tours et excursions\" width=\"1100\" height=\"619\" src=\"https:\/\/www.youtube.com\/embed\/vMI4Ou81cd4?feature=oembed\" frameborder=\"0\" allow=\"accelerometer; autoplay; clipboard-write; encrypted-media; gyroscope; picture-in-picture\" allowfullscreen><\/iframe><\/div>\n\t\t<\/div>\n\t<\/div>\n<\/div><\/div><\/div><\/div><div class=\"vc_row wpb_row vc_row-fluid\" ><\/div><div class=\"wpb_column vc_column_container vc_col-sm-12\"><div class=\"vc_column-inner\"><div class=\"wpb_wrapper\"><\/div><\/div><\/div><div class=\"vc_empty_space\"   style=\"height: 32px\"><span class=\"vc_empty_space_inner\"><\/span><\/div>\n\t<div class=\"wpb_text_column wpb_content_element\" >\n\t\t<div class=\"wpb_wrapper\">\n\t\t\t\n\t\t<\/div>\n\t<\/div>\n<h4>Nous contacter ?<\/h4>\n<h5>R\u00e9servation d'aventures<\/h5>\n<p><em><strong>Locaux<\/strong>\u00a0et\u00a0<strong>Nationales<\/strong>\u00a0Guides touristiques et services aux visiteurs<\/em><\/p>\n<p><span class=\"text-turquoise\">R\u00e9servations :<\/span>\u00a0Visites et excursions \u00e0 Dom. Rep.<\/p>\n<p><img decoding=\"async\" class=\"emoji\" draggable=\"false\" src=\"https:\/\/s.w.org\/images\/core\/emoji\/11.2.0\/svg\/1f4de.svg\" alt=\"\ud83d\udcde\" \/>\u00a0T\u00e9l \/ Whatsapp\u00a0\u00a0<a href=\"tel:+1-809-720-6035\">+1-809-720-6035<\/a>.<\/p>\n<p><img decoding=\"async\" class=\"emoji\" draggable=\"false\" src=\"https:\/\/s.w.org\/images\/core\/emoji\/11.2.0\/svg\/1f4e9.svg\" alt=\"\ud83d\udce9\" \/>\u00a0<a href=\"mailto:info@dominicanrepublictrips.com\">info@dominicanrepublictrips.com<\/a><\/p>\n<p><strong><span style=\"vertical-align: inherit;\"><span style=\"vertical-align: inherit;\">Nous sommes des tours priv\u00e9s de configuration flexible par Whatsapp :\u00a0 <\/span><\/span><a href=\"tel:+18097206035\"><span style=\"vertical-align: inherit;\"><span style=\"vertical-align: inherit;\">+18097206035. <\/span><\/span><\/a><\/strong><span style=\"vertical-align: inherit;\"><span style=\"vertical-align: inherit;\">[\/ vc_column_text] <div class=\"vc_empty_space\"   style=\"height: 32px\"><span class=\"vc_empty_space_inner\"><\/span><\/div> [\/ vc_column] [\/ vc_row] <div class=\"vc_row wpb_row vc_row-fluid\" ><\/div> <div class=\"wpb_column vc_column_container vc_col-sm-12\"><div class=\"vc_column-inner\"><div class=\"wpb_wrapper\"><\/div><\/div><\/div> <div class=\"mkdf-section-title-holder\" style=\"text-align: left\">\n\t<div class=\"mkdf-st-inner\">\n\t\t\t\t\t\t\t<h3 class=\"mkdf-st-title\" >\n\t\t\t\tLos Haitises et Cayo Levantado\t\t\t<\/h3>\n\t\t\t\t\t<\/div>\n<\/div> <div class=\"vc_empty_space\"   style=\"height: 32px\"><span class=\"vc_empty_space_inner\"><\/span><\/div> [\/ vc_column] [\/ vc_row] <div class=\"vc_row wpb_row vc_row-fluid\" ><\/div> <div class=\"wpb_column vc_column_container vc_col-sm-12\"><div class=\"vc_column-inner\"><div class=\"wpb_wrapper\"><\/div><\/div><\/div> [columnas de productos =\" 4 \"orderby =\" title \"order =\" ASC \"ids =\" 8219, 8852, 9228, 8854 \" ] [\/ vc_column] [\/ vc_row]<\/span><\/span><\/p>","protected":false},"excerpt":{"rendered":"<p><span style=\"vertical-align: inherit;\"><span style=\"vertical-align: inherit;\">Excursions \u00e0 Los Haitises et Cayo levantado, Viaje Ecol\u00f3gico al Parque Nacional Los Haitises con un Gu\u00eda Tur\u00edstico Local. <\/span><span style=\"vertical-align: inherit;\">Visitando los Cayos en el Parque Nacional Los Haitises, Manglares, Vegetaci\u00f3n, Observaci\u00f3n de aves, Cuevas, Pictogramas y las \u00e1reas hist\u00f3ricas de Sabana de la Mar en el Parque Nacional Los Haitises. <\/span><span style=\"vertical-align: inherit;\">Apr\u00e8s le d\u00e9part de Los Haitises, nous nous sommes rendus sur la plage de l'\u00eele Bacardi. <\/span><span style=\"vertical-align: inherit;\">R\u00e9servez d\u00e8s maintenant votre excursion dans le parc national des \u00eeles Haitis depuis Puerto Saman\u00e1 et l'\u00eele Bacard\u00ed (Cayo Levantado) avec nous.<\/span><\/span><\/p>\n<p>&nbsp;<\/p>\n<p><strong><span style=\"vertical-align: inherit;\"><span style=\"vertical-align: inherit;\">S\u00e9lectionnez la date de la tourn\u00e9e :<\/span><\/span><\/strong><\/p>","protected":false},"featured_media":12932,"template":"","meta":[],"product_brand":[],"product_cat":[744,739,322,323],"product_tag":[339,407,383,324,408,341,365,329,409,410,333,411,412,413,414,415,335,416,417,418,419,420,421,392,422,313,344,350,345,423],"class_list":{"0":"post-13963","1":"product","2":"type-product","3":"status-publish","4":"has-post-thumbnail","6":"product_cat-1-samana","7":"product_cat-boat-trip-los-haitises","8":"product_cat-tours-excursions-los-haitises-national-park","9":"product_cat-tours-excursions-samana-bay-dominican-republic","10":"product_tag-bacardi-island","11":"product_tag-bacardi-island-tours","12":"product_tag-birdwatching","13":"product_tag-boat-tour","14":"product_tag-caves-los-haitises","15":"product_tag-cayo-levantado","16":"product_tag-cayo-levantado-tour","17":"product_tag-eco-tours","18":"product_tag-excursiones-a-los-haitises-y-cayo-levantado","19":"product_tag-haitises-park-and-cayo-levantado-island","20":"product_tag-los-haitises","21":"product_tag-los-haitises-and-cayo-levantado","22":"product_tag-los-haitises-excursiones","23":"product_tag-los-haitises-excursions","24":"product_tag-los-haitises-mapa","25":"product_tag-los-haitises-mas-cayo-levantado","26":"product_tag-los-haitises-national-park","27":"product_tag-los-haitises-national-park-map","28":"product_tag-los-haitises-national-park-mas-cayo-levantado","29":"product_tag-los-haitises-national-park-tour-from-las-terrenas","30":"product_tag-los-haitises-national-park-tour-from-samana-port-bacardi-island-cayo-levantado","31":"product_tag-los-haitises-national-park-tour-from-santo-domingo","32":"product_tag-los-haitises-park-tour-cayo-levantado-island","33":"product_tag-los-haitises-samana","34":"product_tag-los-haitises-y-cayo-levantado","35":"product_tag-sabana-de-la-mar","36":"product_tag-samana","37":"product_tag-samana-excursions","38":"product_tag-samana-tours","39":"product_tag-tour-los-haitises-national-park-cayo-levantado","41":"first","42":"instock","43":"sale","44":"sold-individually","45":"shipping-taxable","46":"product-type-external"},"_links":{"self":[{"href":"https:\/\/dominicanrepublictrips.com\/fr\/wp-json\/wp\/v2\/product\/13963","targetHints":{"allow":["GET"]}}],"collection":[{"href":"https:\/\/dominicanrepublictrips.com\/fr\/wp-json\/wp\/v2\/product"}],"about":[{"href":"https:\/\/dominicanrepublictrips.com\/fr\/wp-json\/wp\/v2\/types\/product"}],"wp:featuredmedia":[{"embeddable":true,"href":"https:\/\/dominicanrepublictrips.com\/fr\/wp-json\/wp\/v2\/media\/12932"}],"wp:attachment":[{"href":"https:\/\/dominicanrepublictrips.com\/fr\/wp-json\/wp\/v2\/media?parent=13963"}],"wp:term":[{"taxonomy":"product_brand","embeddable":true,"href":"https:\/\/dominicanrepublictrips.com\/fr\/wp-json\/wp\/v2\/product_brand?post=13963"},{"taxonomy":"product_cat","embeddable":true,"href":"https:\/\/dominicanrepublictrips.com\/fr\/wp-json\/wp\/v2\/product_cat?post=13963"},{"taxonomy":"product_tag","embeddable":true,"href":"https:\/\/dominicanrepublictrips.com\/fr\/wp-json\/wp\/v2\/product_tag?post=13963"}],"curies":[{"name":"wp","href":"https:\/\/api.w.org\/{rel}","templated":true}]}}