{"id":14058,"date":"2021-11-25T10:26:52","date_gmt":"2021-11-25T10:26:52","guid":{"rendered":"https:\/\/dominicanrepublictrips.com\/?post_type=product&#038;p=14058"},"modified":"2021-11-25T10:27:06","modified_gmt":"2021-11-25T10:27:06","slug":"cano-hondo-hotel-room-free-breakfast-for-5-guests","status":"publish","type":"product","link":"https:\/\/dominicanrepublictrips.com\/et\/dominicantour\/cano-hondo-hotel-room-free-breakfast-for-5-guests\/","title":{"rendered":"Ca\u00f1o Hondo hotellituba ja tasuta hommikus\u00f6\u00f6k 5 k\u00fclalisele"},"content":{"rendered":"<div class=\"vc_row wpb_row vc_row-fluid\" ><div class=\"wpb_column vc_column_container vc_col-sm-12\"><div class=\"vc_column-inner\"><div class=\"wpb_wrapper\">\n\t<div class=\"wpb_text_column wpb_content_element\" >\n\t\t<div class=\"wpb_wrapper\">\n\t\t\t<p data-name-en=\"roomsize\"><strong>Tasuta WiFi-\u00fchendus toas v\u00f5i fuajees,\u00a0<\/strong><strong>Tasuta parkimine, igap\u00e4evane majapidamine<\/strong><\/p>\n<p data-name-en=\"roomsize\"><em>(Free Breakfast for 5 Guests)<\/em><\/p>\n<h4 class=\"hprt-lightbox-title\" data-et-view=\"ZdffZZLJbFcFbRAOAcEUJXDbNZRO:1\"><strong>Teie vannitoas:<\/strong><\/h4>\n<ul class=\"hprt-lightbox-list js-lightbox-facilities\" data-nr-of-facilities=\"4\" data-et-view=\"\">\n<li class=\"hprt-lightbox-list__item js-lightbox-facility\" data-name-en=\"Shower\" data-id=\"4\">- Du\u0161\u0161<\/li>\n<li class=\"hprt-lightbox-list__item js-lightbox-facility\" data-name-en=\"Free Toiletries\" data-id=\"27\">- Tasuta tualett-tarbed<\/li>\n<li class=\"hprt-lightbox-list__item js-lightbox-facility\" data-name-en=\"Bathroom\" data-id=\"38\">- Ensuite vannituba<\/li>\n<li class=\"hprt-lightbox-list__item js-lightbox-facility\" data-name-en=\"higher level toilet\" data-id=\"151\">- T\u00f5stetud tualettruum<\/li>\n<\/ul>\n<h4 class=\"hprt-lightbox-title\"><strong>Toa v\u00f5imalused:<\/strong><\/h4>\n<ul class=\"hprt-lightbox-list js-lightbox-facilities\" data-nr-of-facilities=\"10\">\n<li style=\"list-style-type: none;\">\n<ul class=\"hprt-lightbox-list js-lightbox-facilities\" data-nr-of-facilities=\"10\">\n<li class=\"hprt-lightbox-list__item js-lightbox-facility\" data-name-en=\"Balcony\" data-id=\"17\">- R\u00f5du<\/li>\n<li class=\"hprt-lightbox-list__item js-lightbox-facility\" data-name-en=\"Garden View\" data-id=\"110\">- Vaade ookeanile<\/li>\n<li class=\"hprt-lightbox-list__item js-lightbox-facility\" data-name-en=\"Fan\" data-id=\"30\">- Ventilaator<\/li>\n<li class=\"hprt-lightbox-list__item js-lightbox-facility\" data-name-en=\"Tumble dryer (machine)\" data-id=\"94\">- M\u00f6\u00f6bel<\/li>\n<li>\u2022 3 Double beds<\/li>\n<li class=\"hprt-lightbox-list__item js-lightbox-facility\" data-name-en=\"Wardrobe\/Closet\" data-id=\"95\">- Garderoob v\u00f5i riidekapp<\/li>\n<\/ul>\n<\/li>\n<\/ul>\n<p>[loe edasi]<\/p>\n<div>\n<h4><strong>K\u00fclaliste juurdep\u00e4\u00e4s:<\/strong><\/h4>\n<ul>\n<li>- 24-tunnine vastuv\u00f5tt<\/li>\n<li>- 16 suitsuvaba numbrituba<\/li>\n<li>- Restoran ja baar<\/li>\n<li>- Mitmekeelne personal<\/li>\n<li>- Laisk j\u00f5gi ja 11 looduslikku v\u00e4libasseini<\/li>\n<li>- Katuseterrass<\/li>\n<li>- Aed<\/li>\n<li>- Piknikuala<\/li>\n<li>- Igap\u00e4evane majapidamine<\/li>\n<li>- Pesupesemise teenus<\/li>\n<\/ul>\n<h2><strong><em>Toa mugavused:<\/em><\/strong><\/h2>\n<ul>\n<li>Laeventilaator<\/li>\n<li>Individuaalselt kaunistatud<\/li>\n<li>F\u00f6\u00f6n (soovi korral)<\/li>\n<li>Tasuta pudelivesi<\/li>\n<li>R\u00f5du<\/li>\n<li>Igap\u00e4evane majapidamine<\/li>\n<li>24-tunnine vastuv\u00f5tt<\/li>\n<li>Kaunis vaade<\/li>\n<\/ul>\n<p>[\/read]<\/p>\n<hr \/>\n<h2>Rohkem \u00fcksikasju Ca\u00f1o Hondo kohta:<\/h2>\n<h2><strong><em>L\u00f5kketuli ja telkimine<\/em><\/strong><\/h2>\n<p>Nautige \u00f6ist jaanituld t\u00e4hetaguse all... ei mingit valgusreostust, vaid ainult pimedat \u00f6\u00f6taevast ja troopilise metsaelu helisid.<\/p>\n<p>Lisaks suurep\u00e4rasele teenindusele saate nautida t\u00fc\u00fcpilist kohalikku toitu (v\u00e4rsked mereannid) v\u00f5i vaba\u00f5hu\u00fcritusi ja ekskursioone koos kohaliku professionaalse giidiga.<\/p>\n<p>Iga meie 16 tuba on nime saanud Los Haitise rahvuspargis elavate lindude j\u00e4rgi (pargis on umbes 110 liiki). Ennek\u00f5ike on toad individuaalselt sisustatud, t\u00e4ielikult positiivne energia, mis toob parema viibimise Ca\u00f1o Hondo. Saate nautida vaateid San Lorenzo lahele ja Samana lahele!<\/p>\n<p>&nbsp;<\/p>\n<hr \/>\n<h2>Eripakkumised Ca\u00f1o Hondo Tegevused ja ekskursioonid<\/h2>\n<ul>\n<li>Tegevuste ja ekskursioonide nimekiri:<\/li>\n<li>Zip Lining<\/li>\n<li>Kaljuseinale ronimine<\/li>\n<li>Ratsutamine<\/li>\n<li>Matkarada rahvuspargis (2 v\u00f5i 4 tundi, v\u00f5ib kombineerida kajakis\u00f5iduga)<\/li>\n<li>Kajakis\u00f5it (2 v\u00f5i 4 tundi, v\u00f5ib kombineerida matkaga)<\/li>\n<li>Giidiga paadimatkad Los Haitisesi koobaste k\u00fclastamine<\/li>\n<li>Vaalade vaatamine (hooaeg 15. jaanuar - 30. m\u00e4rts)<\/li>\n<li>Juhendatud linnuvaatlus<\/li>\n<li>Avastage Los Haitises parki kanuudega<\/li>\n<li>Cayo Levantado\/Bacardi saar<\/li>\n<li>Veekogud El Limon<\/li>\n<li>Frontoni rand<\/li>\n<li>Boca del Diablo<\/li>\n<li>ATV + El Valle Beach<\/li>\n<\/ul>\n<p>Teeme era- v\u00f5i grupireisi, kombineeritud pakette, mis sobivad meie k\u00fclalistele. Lisateavet tegevuste ja ekskursioonide kohta saate meilt.<\/p>\n<h2><span class=\"_6ijom0\">Ca\u00f1o Hondo k\u00fclaliste juurdep\u00e4\u00e4s<\/span><\/h2>\n<p>Mis on \u00fcmberringi ...<\/p>\n<ol>\n<li>16 suitsuvaba numbrituba<\/li>\n<li>Restoran ja baar\/lounge<\/li>\n<li>Laisk j\u00f5gi ja 15 v\u00e4libasseini<\/li>\n<li>Tasuta veepark<\/li>\n<li>Katuseterrass<\/li>\n<li>24-tunnine vastuv\u00f5tt<\/li>\n<li>Igap\u00e4evane majapidamine<\/li>\n<li>Vaated aeda<\/li>\n<li>Pesupesemise teenus<\/li>\n<li>Mitmekeelne personal<\/li>\n<li>Concierge teenused<\/li>\n<li>Piknikuala<\/li>\n<li>Tasuta buffet-hommikus\u00f6\u00f6k, tasuta WiFi-\u00fchendus \u00fcldkasutatavates ruumides ja tasuta parkimine.<\/li>\n<\/ol>\n<\/div>\n\n\t\t<\/div>\n\t<\/div>\n<\/div><\/div><\/div><\/div><div class=\"vc_row wpb_row vc_row-fluid\" ><div class=\"wpb_column vc_column_container vc_col-sm-12\"><div class=\"vc_column-inner\"><div class=\"wpb_wrapper\">\n\t<div class=\"wpb_text_column wpb_content_element\" >\n\t\t<div class=\"wpb_wrapper\">\n\t\t\t<h2><em>Muud ruumide valikud<\/em><\/h2>\n\n\t\t<\/div>\n\t<\/div>\n<\/div><\/div><\/div><\/div><div class=\"vc_row wpb_row vc_row-fluid\" ><div class=\"wpb_column vc_column_container vc_col-sm-12\"><div class=\"vc_column-inner\"><div class=\"wpb_wrapper\"><div class=\"woocommerce columns-3\"><ul class=\"products columns-3\">\n<li class=\"product type-product post-32475 status-publish first instock product_cat-dominican-republic product_tag-excursion product_tag-tour has-post-thumbnail shipping-taxable product-type-external\">\n\t<div class=\"mkdf-pl-inner\"><div class=\"mkdf-pl-image\"><img loading=\"lazy\" decoding=\"async\" width=\"300\" height=\"300\" src=\"https:\/\/dominicanrepublictrips.com\/wp-content\/uploads\/2025\/09\/145-120-1-300x300.jpg\" class=\"attachment-woocommerce_thumbnail size-woocommerce_thumbnail\" alt=\"\" srcset=\"https:\/\/dominicanrepublictrips.com\/wp-content\/uploads\/2025\/09\/145-120-1-300x300.jpg 300w, https:\/\/dominicanrepublictrips.com\/wp-content\/uploads\/2025\/09\/145-120-1-150x150.jpg 150w, https:\/\/dominicanrepublictrips.com\/wp-content\/uploads\/2025\/09\/145-120-1-550x550.jpg 550w, https:\/\/dominicanrepublictrips.com\/wp-content\/uploads\/2025\/09\/145-120-1-100x100.jpg 100w\" sizes=\"auto, (max-width: 300px) 100vw, 300px\" \/><div class=\"mkdf-pl-text\"><div class=\"mkdf-pl-text-outer\"><div class=\"mkdf-pl-text-inner\"><a href=\"\" aria-describedby=\"woocommerce_loop_add_to_cart_link_describedby_32475\" data-quantity=\"1\" class=\"button product_type_external\" data-product_id=\"32475\" data-product_sku=\"\" aria-label=\"Osta \u201cFrom Punta Cana: Los Haitises Trip with Monta\u00f1a Redonda Tour\u201d\" rel=\"nofollow\" data-no-translation=\"\" data-trp-gettext=\"\" data-no-translation-aria-label=\"\">Osta toode<\/a>\t<span id=\"woocommerce_loop_add_to_cart_link_describedby_32475\" class=\"screen-reader-text\">\n\t\t\t<\/span>\n<\/div><\/div><\/div><\/div><a href=\"https:\/\/dominicanrepublictrips.com\/et\/dominicantour\/from-punta-cana-los-haitises-trip-with-montana-redonda-tour-2\/\" class=\"woocommerce-LoopProduct-link woocommerce-loop-product__link\"><\/a><\/div><div class=\"mkdf-pl-text-wrapper\"><h4 class=\"mkdf-product-list-title\"><a href=\"https:\/\/dominicanrepublictrips.com\/et\/dominicantour\/from-punta-cana-los-haitises-trip-with-montana-redonda-tour-2\/\">From Punta Cana: Los Haitises Trip with Monta\u00f1a Redonda Tour<\/a><\/h4>\n\t<span class=\"price\"><span class=\"woocommerce-Price-amount amount\"><bdi><span class=\"woocommerce-Price-currencySymbol\">&#36;<\/span>125.00<\/bdi><\/span><\/span>\n<\/div><\/li><li class=\"product type-product post-32474 status-publish instock product_cat-city-tour product_cat-dominican-republic product_cat-samana product_cat-walking-tour product_tag-samana product_tag-samana-city-tour product_tag-samana-walking-tour has-post-thumbnail sale shipping-taxable product-type-external\">\n\t<div class=\"mkdf-pl-inner\"><div class=\"mkdf-pl-image\">\n\t<span class=\"mkdf-onsale\">SALE<\/span>\n\t<img loading=\"lazy\" decoding=\"async\" width=\"300\" height=\"300\" src=\"https:\/\/dominicanrepublictrips.com\/wp-content\/uploads\/2025\/09\/fullsizeoutput_eed-scaled-1-300x300.jpeg\" class=\"attachment-woocommerce_thumbnail size-woocommerce_thumbnail\" alt=\"\" srcset=\"https:\/\/dominicanrepublictrips.com\/wp-content\/uploads\/2025\/09\/fullsizeoutput_eed-scaled-1-300x300.jpeg 300w, https:\/\/dominicanrepublictrips.com\/wp-content\/uploads\/2025\/09\/fullsizeoutput_eed-scaled-1-1024x1024.jpeg 1024w, https:\/\/dominicanrepublictrips.com\/wp-content\/uploads\/2025\/09\/fullsizeoutput_eed-scaled-1-150x150.jpeg 150w, https:\/\/dominicanrepublictrips.com\/wp-content\/uploads\/2025\/09\/fullsizeoutput_eed-scaled-1-768x768.jpeg 768w, https:\/\/dominicanrepublictrips.com\/wp-content\/uploads\/2025\/09\/fullsizeoutput_eed-scaled-1-1536x1536.jpeg 1536w, https:\/\/dominicanrepublictrips.com\/wp-content\/uploads\/2025\/09\/fullsizeoutput_eed-scaled-1-12x12.jpeg 12w, https:\/\/dominicanrepublictrips.com\/wp-content\/uploads\/2025\/09\/fullsizeoutput_eed-scaled-1-550x550.jpeg 550w, https:\/\/dominicanrepublictrips.com\/wp-content\/uploads\/2025\/09\/fullsizeoutput_eed-scaled-1-1100x1100.jpeg 1100w, https:\/\/dominicanrepublictrips.com\/wp-content\/uploads\/2025\/09\/fullsizeoutput_eed-scaled-1-600x600.jpeg 600w, https:\/\/dominicanrepublictrips.com\/wp-content\/uploads\/2025\/09\/fullsizeoutput_eed-scaled-1-100x100.jpeg 100w, https:\/\/dominicanrepublictrips.com\/wp-content\/uploads\/2025\/09\/fullsizeoutput_eed-scaled-1-64x64.jpeg 64w, https:\/\/dominicanrepublictrips.com\/wp-content\/uploads\/2025\/09\/fullsizeoutput_eed-scaled-1.jpeg 1600w\" sizes=\"auto, (max-width: 300px) 100vw, 300px\" \/><div class=\"mkdf-pl-text\"><div class=\"mkdf-pl-text-outer\"><div class=\"mkdf-pl-text-inner\"><a href=\"\" aria-describedby=\"woocommerce_loop_add_to_cart_link_describedby_32474\" data-quantity=\"1\" class=\"button product_type_external\" data-product_id=\"32474\" data-product_sku=\"\" aria-label=\"Osta \u201cSamana: Walking City Tour\u201d\" rel=\"nofollow\" data-no-translation=\"\" data-trp-gettext=\"\" data-no-translation-aria-label=\"\">Osta toode<\/a>\t<span id=\"woocommerce_loop_add_to_cart_link_describedby_32474\" class=\"screen-reader-text\">\n\t\t\t<\/span>\n<\/div><\/div><\/div><\/div><a href=\"https:\/\/dominicanrepublictrips.com\/et\/dominicantour\/samana-walking-city-tour\/\" class=\"woocommerce-LoopProduct-link woocommerce-loop-product__link\"><\/a><\/div><div class=\"mkdf-pl-text-wrapper\"><h4 class=\"mkdf-product-list-title\"><a href=\"https:\/\/dominicanrepublictrips.com\/et\/dominicantour\/samana-walking-city-tour\/\">Samana: Walking City Tour<\/a><\/h4>\n\t<span class=\"price\"><del aria-hidden=\"true\"><span class=\"woocommerce-Price-amount amount\"><bdi><span class=\"woocommerce-Price-currencySymbol\">&#36;<\/span>45.00<\/bdi><\/span><\/del> <span class=\"screen-reader-text\" data-no-translation=\"\" data-trp-gettext=\"\">Algne hind oli: &#036;45.00.<\/span><ins aria-hidden=\"true\"><span class=\"woocommerce-Price-amount amount\"><bdi><span class=\"woocommerce-Price-currencySymbol\">&#36;<\/span>25.00<\/bdi><\/span><\/ins><span class=\"screen-reader-text\" data-no-translation=\"\" data-trp-gettext=\"\">Current price is: &#036;25.00.<\/span><\/span>\n<\/div><\/li><li class=\"product type-product post-32473 status-publish last instock product_cat-city-tour product_cat-samana product_cat-walking-tour product_tag-samana product_tag-samana-city-tour product_tag-samana-walking-tour has-post-thumbnail sale shipping-taxable product-type-external\">\n\t<div class=\"mkdf-pl-inner\"><div class=\"mkdf-pl-image\">\n\t<span class=\"mkdf-onsale\">SALE<\/span>\n\t<img loading=\"lazy\" decoding=\"async\" width=\"300\" height=\"300\" src=\"https:\/\/dominicanrepublictrips.com\/wp-content\/uploads\/2025\/09\/fullsizeoutput_f2d-scaled-1-300x300.jpeg\" class=\"attachment-woocommerce_thumbnail size-woocommerce_thumbnail\" alt=\"\" srcset=\"https:\/\/dominicanrepublictrips.com\/wp-content\/uploads\/2025\/09\/fullsizeoutput_f2d-scaled-1-300x300.jpeg 300w, https:\/\/dominicanrepublictrips.com\/wp-content\/uploads\/2025\/09\/fullsizeoutput_f2d-scaled-1-1024x1024.jpeg 1024w, https:\/\/dominicanrepublictrips.com\/wp-content\/uploads\/2025\/09\/fullsizeoutput_f2d-scaled-1-150x150.jpeg 150w, https:\/\/dominicanrepublictrips.com\/wp-content\/uploads\/2025\/09\/fullsizeoutput_f2d-scaled-1-768x768.jpeg 768w, https:\/\/dominicanrepublictrips.com\/wp-content\/uploads\/2025\/09\/fullsizeoutput_f2d-scaled-1-1536x1536.jpeg 1536w, https:\/\/dominicanrepublictrips.com\/wp-content\/uploads\/2025\/09\/fullsizeoutput_f2d-scaled-1-12x12.jpeg 12w, https:\/\/dominicanrepublictrips.com\/wp-content\/uploads\/2025\/09\/fullsizeoutput_f2d-scaled-1-550x550.jpeg 550w, https:\/\/dominicanrepublictrips.com\/wp-content\/uploads\/2025\/09\/fullsizeoutput_f2d-scaled-1-1100x1100.jpeg 1100w, https:\/\/dominicanrepublictrips.com\/wp-content\/uploads\/2025\/09\/fullsizeoutput_f2d-scaled-1-600x600.jpeg 600w, https:\/\/dominicanrepublictrips.com\/wp-content\/uploads\/2025\/09\/fullsizeoutput_f2d-scaled-1-100x100.jpeg 100w, https:\/\/dominicanrepublictrips.com\/wp-content\/uploads\/2025\/09\/fullsizeoutput_f2d-scaled-1-64x64.jpeg 64w, https:\/\/dominicanrepublictrips.com\/wp-content\/uploads\/2025\/09\/fullsizeoutput_f2d-scaled-1.jpeg 1600w\" sizes=\"auto, (max-width: 300px) 100vw, 300px\" \/><div class=\"mkdf-pl-text\"><div class=\"mkdf-pl-text-outer\"><div class=\"mkdf-pl-text-inner\"><a href=\"\" aria-describedby=\"woocommerce_loop_add_to_cart_link_describedby_32473\" data-quantity=\"1\" class=\"button product_type_external\" data-product_id=\"32473\" data-product_sku=\"\" aria-label=\"Osta \u201cSamana: Walking City Tour With Moto Safari\u201d\" rel=\"nofollow\" data-no-translation=\"\" data-trp-gettext=\"\" data-no-translation-aria-label=\"\">Osta toode<\/a>\t<span id=\"woocommerce_loop_add_to_cart_link_describedby_32473\" class=\"screen-reader-text\">\n\t\t\t<\/span>\n<\/div><\/div><\/div><\/div><a href=\"https:\/\/dominicanrepublictrips.com\/et\/dominicantour\/samana-walking-city-tour-with-moto-safari\/\" class=\"woocommerce-LoopProduct-link woocommerce-loop-product__link\"><\/a><\/div><div class=\"mkdf-pl-text-wrapper\"><h4 class=\"mkdf-product-list-title\"><a href=\"https:\/\/dominicanrepublictrips.com\/et\/dominicantour\/samana-walking-city-tour-with-moto-safari\/\">Samana: Walking City Tour With Moto Safari<\/a><\/h4>\n\t<span class=\"price\"><del aria-hidden=\"true\"><span class=\"woocommerce-Price-amount amount\"><bdi><span class=\"woocommerce-Price-currencySymbol\">&#36;<\/span>50.00<\/bdi><\/span><\/del> <span class=\"screen-reader-text\" data-no-translation=\"\" data-trp-gettext=\"\">Algne hind oli: &#036;50.00.<\/span><ins aria-hidden=\"true\"><span class=\"woocommerce-Price-amount amount\"><bdi><span class=\"woocommerce-Price-currencySymbol\">&#36;<\/span>35.00<\/bdi><\/span><\/ins><span class=\"screen-reader-text\" data-no-translation=\"\" data-trp-gettext=\"\">Current price is: &#036;35.00.<\/span><\/span>\n<\/div><\/li><\/ul>\n<\/div><\/div><\/div><\/div><\/div>","protected":false},"excerpt":{"rendered":"<h2><strong>Ca\u00f1o Hondo hotell<\/strong><\/h2>\n<p><em>(Free Breakfast for 5 Guests)<\/em><\/p>\n<p>Eco-Lodge on maagiline, rahulik ja originaalne koht, kus viibida. See looduslik ja autentne hotell asub kuulsas Los Haitisesi rahvuspargis Sabana de la Maris. K\u00f5ik meie toad on t\u00e4is positiivset energiat, kust avaneb imeline vaade San Lorenzo lahele ja Samana lahele! Tubades on privaatne vannituba sooja veega ja laeventilaator. Hommikus\u00f6\u00f6k on hinna sees, kogu p\u00e4eva jooksul pakutakse tasuta joogivett ja kohvi. V\u00f5ite valida ka meie s\u00f6\u00f6gikavade hulgast.<br \/>\n[loe edasi]<\/p>\n<h2><strong><em><span class=\"_6ijom0\">\u00a0Cano Hondo <\/span><\/em><\/strong><em><strong>Looduslikud basseinid<\/strong><\/em><\/h2>\n<p>Nautige koos oma pere v\u00f5i k\u00fclalistega tervisliku ja v\u00e4rskendava veega looduslikke \u00f6kobasseine, mis sobituvad ilusti maastikuga. Basseinid on t\u00e4iesti bioloogilised, kus ei ole vaja kloori ega kemikaale, mis arendavad oma loomulikku \u00f6koloogiat ja tasakaalustatud \u00f6kos\u00fcsteemi, kuna need on projekteeritud ja ehitatud teatud viisil.<\/p>\n<h2><em><strong>Ca\u00f1o Hondo laste reeglid:<\/strong><\/em><\/h2>\n<p>-Lapsed vanuses 2-10 aastat maksavad lastetariifi.<br \/>\n-Alla 2 aasta vanused tasuta<\/p>\n<h2><em><strong>Ca\u00f1o Hondo restoran:\u00a0<\/strong><\/em><\/h2>\n<p>Men\u00fc\u00fcs on palju v\u00f5imalusi, mille hulgast saate valida. Iga s\u00f6\u00f6gi juurde kuulub ka \u00fcks jook inimese kohta. Alkohoolsed joogid on saadaval tasu eest, nagu ka t\u00e4iendavad joogid.<\/p>\n<p>Hotelli men\u00fc\u00fc r\u00e4\u00e4gib omap\u00e4raseid lugusid p\u00f5lisrahvaste s\u00f5nadest ja piirkonna muinasjutulistest lugudest. Samuti tuuakse esile piirkonnale iseloomulikke toite, nagu krabid, merikarp ja minutas, v\u00e4ike mageveekal, mida nauditakse kohapeal, maitsestatakse ja praetakse. V\u00e4rskeid naturaalseid puuviljamahlu vahetatakse iga p\u00e4ev: laim, melon, mango, tamarind, ananass jne.<br \/>\n[\/read]<\/p>","protected":false},"featured_media":13936,"template":"","meta":[],"product_brand":[],"product_cat":[809,812,810],"product_tag":[542,705,325,543,327,331,811,545],"class_list":{"0":"post-14058","1":"product","2":"type-product","3":"status-publish","4":"has-post-thumbnail","6":"product_cat-hotel-cano-hondo","7":"product_cat-room-hotel-cano-hondo","8":"product_cat-room-offers","9":"product_tag-altos-cano-hondo","10":"product_tag-altos-de-cano-hondo","11":"product_tag-cano-hondo","12":"product_tag-cano-hondo-day-pass","13":"product_tag-cano-hondo-hotel","14":"product_tag-hotel-cano-hondo","15":"product_tag-hotel-sabana-de-la-mar","16":"product_tag-paraiso-cano-hondo","18":"first","19":"instock","20":"shipping-taxable","21":"product-type-external"},"_links":{"self":[{"href":"https:\/\/dominicanrepublictrips.com\/et\/wp-json\/wp\/v2\/product\/14058","targetHints":{"allow":["GET"]}}],"collection":[{"href":"https:\/\/dominicanrepublictrips.com\/et\/wp-json\/wp\/v2\/product"}],"about":[{"href":"https:\/\/dominicanrepublictrips.com\/et\/wp-json\/wp\/v2\/types\/product"}],"wp:featuredmedia":[{"embeddable":true,"href":"https:\/\/dominicanrepublictrips.com\/et\/wp-json\/wp\/v2\/media\/13936"}],"wp:attachment":[{"href":"https:\/\/dominicanrepublictrips.com\/et\/wp-json\/wp\/v2\/media?parent=14058"}],"wp:term":[{"taxonomy":"product_brand","embeddable":true,"href":"https:\/\/dominicanrepublictrips.com\/et\/wp-json\/wp\/v2\/product_brand?post=14058"},{"taxonomy":"product_cat","embeddable":true,"href":"https:\/\/dominicanrepublictrips.com\/et\/wp-json\/wp\/v2\/product_cat?post=14058"},{"taxonomy":"product_tag","embeddable":true,"href":"https:\/\/dominicanrepublictrips.com\/et\/wp-json\/wp\/v2\/product_tag?post=14058"}],"curies":[{"name":"wp","href":"https:\/\/api.w.org\/{rel}","templated":true}]}}