{"id":13987,"date":"2021-11-25T10:26:14","date_gmt":"2021-11-25T10:26:14","guid":{"rendered":"https:\/\/dominicanrepublictrips.com\/?post_type=product&#038;p=13987"},"modified":"2021-11-25T10:26:20","modified_gmt":"2021-11-25T10:26:20","slug":"four-adventures-parasailing-snorkeling-cruise-sharks-rays-in-natural-pools-from-punta-cana","status":"publish","type":"product","link":"https:\/\/dominicanrepublictrips.com\/et\/dominicantour\/neli-seiklust-parasailing-snorkeling-kruiis-haid-rajad-looduslikud-basseinid-alates-punta-cana\/","title":{"rendered":"Neli seiklust: Punta Cana'st: Purjelauas\u00f5it, snorkeldamine, haid ja raisid looduslikes basseinides."},"content":{"rendered":"<div class=\"vc_row wpb_row vc_row-fluid\" ><div class=\"wpb_column vc_column_container vc_col-sm-12\"><div class=\"vc_column-inner\"><div class=\"wpb_wrapper\"><div class=\"mkdf-section-title-holder\" style=\"text-align: left\">\n\t<div class=\"mkdf-st-inner\">\n\t\t\t\t\t<h5 class=\"mkdf-st-subtitle\" >\n\t\t\t\tAlates Punta Cana hotellidest\t\t\t<\/h5>\n\t\t\t\t\t\t\t<h3 class=\"mkdf-st-title\" >\n\t\t\t\tNeli seiklust: Punta Cana'st: purjelauas\u00f5it, snorkeldamine, haid ja raisid looduslikes basseinides.\t\t\t<\/h3>\n\t\t\t\t\t\t\t<p class=\"mkdf-st-text\" >\n\t\t\t\tM\u00e4rkus: See ekskursioon algab erinevatel aegadel vahemikus 7:00 hommikul kuni 16:00 \u00f5htul. Samuti on teil lubatud n\u00e4ha delfiine, kuid mitte ujuda koos delfiinidega. S\u00f5ltuvalt sellest, kus on Pickup Hotels aeg v\u00f5ib muutuda. Lisatasu maksab Pick up piirkondades, mis ei ole meie kirjelduses loetletud.\t\t\t<\/p>\n\t\t\t<\/div>\n<\/div><\/div><\/div><\/div><\/div><div class=\"vc_row wpb_row vc_row-fluid\" ><div class=\"wpb_column vc_column_container vc_col-sm-12\"><div class=\"vc_column-inner\"><div class=\"wpb_wrapper\"><div class=\"vc_empty_space\"   style=\"height: 32px\"><span class=\"vc_empty_space_inner\"><\/span><\/div><\/div><\/div><\/div><\/div><div class=\"vc_row wpb_row vc_row-fluid\" ><div class=\"wpb_column vc_column_container vc_col-sm-12\"><div class=\"vc_column-inner\"><div class=\"wpb_wrapper\">\n\t<div class=\"wpb_text_column wpb_content_element\" >\n\t\t<div class=\"wpb_wrapper\">\n\t\t\t<h4><b><i>\u00dclevaade <\/i><\/b><\/h4>\n<div>\n<p>Kogege nelja seikluse p\u00f5nevust \u00fchekorraga selle eepilise ekskursiooniga Punta Canast. L\u00f5\u00f5gastuge kahekorruselise katamaraani pardal, avastage mere imesid ja nautige l\u00e4hedasi kohtumisi mereelustikuga. Snorgeldate troopiliste kalade poolt \u00fcmbritsetud suurejoonelisel barj\u00e4\u00e4rriffil ja kogete l\u00f5busat interaktiivset mereshow'd koos haide ja varaanidega. See populaarne ekskursioon sisaldab piiramatuid jooke parimal peopaadil ning sobib ideaalselt l\u00f5bus\u00f5iduks koos pere ja s\u00f5pradega. P\u00e4rast seda, kui olete saanud vee all elust aimu, uurige seda \u00fclevaltpoolt, kui s\u00f5idate p\u00f5nevalt 500 jala k\u00f5rgusel veepinnast!<\/p>\n<\/div>\n<ul class=\"vcs-highlights\">\n<li>Valik mitmete v\u00e4ljumiste vahel kogu p\u00e4eva jooksul<\/li>\n<li>Meres\u00f5pradele<\/li>\n<li>Nautige fantastilisi \u00f5huvaateid<\/li>\n<li>Peres\u00f5bralik<\/li>\n<li>Vastuv\u00f5tmine keskselt asuvast kogunemiskohast<\/li>\n<li>Romantiline kogemus, ideaalne paaridele<\/li>\n<\/ul>\n<p>&nbsp;<\/p>\n<h4><b>Lisad ja erandid<\/b><\/h4>\n<p>&nbsp;<\/p>\n<p><b>Lisandid<\/b><\/p>\n<p>&nbsp;<\/p>\n<ol>\n<li>Parasaling Tour<\/li>\n<li>Snorkeling Cruise, haid ja raisid looduslikes basseinides<\/li>\n<li>Bussi pealev\u00f5tmine teie hotellist<\/li>\n<li style=\"font-weight: 400;\"><span style=\"font-weight: 400;\">K\u00f5ik maksud, tasud ja k\u00e4itlemiskulud<\/span><\/li>\n<li style=\"font-weight: 400;\"><span style=\"font-weight: 400;\">Kohalikud maksud<\/span><\/li>\n<li style=\"font-weight: 400;\"><span style=\"font-weight: 400;\">Joogid<\/span><\/li>\n<\/ol>\n<p><b> Erandid<\/b><\/p>\n<ol>\n<li style=\"font-weight: 400;\"><span style=\"font-weight: 400;\">H\u00fcvitised<\/span><\/li>\n<li>L\u00f5unas\u00f6\u00f6k<\/li>\n<\/ol>\n<p>&nbsp;<\/p>\n<h4><em><strong>V\u00e4ljumine ja tagasip\u00f6\u00f6rdumine<\/strong><\/em><\/h4>\n<p><span style=\"font-weight: 400;\">Reisija saab kohtumispaiga p\u00e4rast broneerimisprotsessi. Ekskursioonid algavad ja l\u00f5ppevad meie kohtumispaikades.<\/span><\/p>\n<p>&nbsp;<\/p>\n<h4><b><i>Mida oodata?<\/i><\/b><\/h4>\n<p>S\u00f5itke oma Punta Cana hotellist kliimaseadmega varustatud mugavalt kaunisse kahekorruselisse katamaraani ja k\u00fclastage koos asjatundliku meeskonnaga Punta Canas h\u00e4mmastavat ilu. Tehke ringk\u00e4ik Bavaro rannas ja snorgeldage professionaalsete sukeldujate juhendamisel l\u00e4bi korallriffide ja troopiliste kalade.  Seej\u00e4rel suunduge mereparki, kus saate l\u00e4hedalt kokku puutuda mereraanide ja taltsutavate haidega. Ujuge ja snorgeldage nende hiiglaslike olendite keskel ning saate oma giidide meeskonnalt s\u00fcgavamaid teadmisi.<\/p>\n<p>Seej\u00e4rel naudite aega v\u00e4rskendavas looduslikus basseinis, kus saate ujuda ja l\u00f5\u00f5gastuda k\u00fclma \u00f5llega k\u00e4es. S\u00f6\u00f6ge maiustusi ujuvast baarist ja kuulake, kuidas kohalik DJ sellel uskumatul saarel biite pumbab.<\/p>\n<p>Kogege p\u00f5nevust kristallselge vee ookeanis koos m\u00e4ngude, jookide ja meelelahutusega.  Teie ekskursioon l\u00f5peb eepilise parasailing-seiklusega Cortesito rannast. P\u00e4rast ohutus\u00fclevaadet lendate taevas k\u00f5rgel \u00fcle uimastavate siniste vete ja naudite uskumatuid troopilisi vaateid, samal ajal kui h\u00f5ljute l\u00e4bi paradiisi. Teid viiakse turvaliselt tagasi kaldale, enne kui te oma transpordiga tagasi hotelli s\u00f5idate.<\/p>\n<p><strong>Ajakava:<\/strong><\/p>\n<p>7:00 AM - 16:00 PM... Aeg muutub s\u00f5ltuvalt sellest, kus Punta Canas te asute. V\u00f5tke meiega \u00fchendust, et m\u00e4\u00e4rata aeg.<\/p>\n<p>&nbsp;<\/p>\n<h4><em><strong>Mida peaksite kaasa v\u00f5tma?<\/strong><\/em><\/h4>\n<ul>\n<li style=\"font-weight: 400;\"><span style=\"font-weight: 400;\">Kaamera<\/span><\/li>\n<li style=\"font-weight: 400;\"><span style=\"font-weight: 400;\">Repellentne pungad<\/span><\/li>\n<li style=\"font-weight: 400;\"><span style=\"font-weight: 400;\">p\u00e4ikesekreem<\/span><\/li>\n<li style=\"font-weight: 400;\"><span style=\"font-weight: 400;\">M\u00fctsike<\/span><\/li>\n<li style=\"font-weight: 400;\"><span style=\"font-weight: 400;\">Mugavad p\u00fcksid<\/span><\/li>\n<li style=\"font-weight: 400;\"><span style=\"font-weight: 400;\">Matkakingad metsa jaoks<\/span><\/li>\n<li style=\"font-weight: 400;\"><span style=\"font-weight: 400;\">Sandaalid rannas<\/span><\/li>\n<li style=\"font-weight: 400;\"><span style=\"font-weight: 400;\">Ujumisriided<\/span><\/li>\n<li>Sularaha suveniiride ostmiseks<\/li>\n<\/ul>\n<p>&nbsp;<\/p>\n<h4><b><i>Hotelli pealev\u00f5tmine <\/i><\/b><\/h4>\n<p><span style=\"font-weight: 400;\">Pakutakse reisijate pealev\u00f5tmist!<\/span><\/p>\n<p><span style=\"font-weight: 400;\">Me v\u00f5tame vastu k\u00f5ik hotellid Punta Canas. Peatuspaik on hotelli fuajee<br \/>\nKui viibite piirkonnas asuvas korteris, v\u00f5tame teid vastu korteris v\u00f5i l\u00e4hima kuurordi sissep\u00e4\u00e4su juures... Seame Pick up \u00fchendust meiega Whatsapp.<\/span><\/p>\n<p><b>M\u00e4rkus:<\/b><span style=\"font-weight: 400;\"> Kui broneerite reisi 24 tunni jooksul enne ekskursiooni\/ekskursiooni algusaega, saame korraldada hotelli pealev\u00f5tmise. Kui teie ost on tehtud, saadame teile t\u00e4ieliku kontaktinformatsiooni (telefoninumber, e-posti aadress jne.) meie kohaliku reisijuhi jaoks, et korraldada pealev\u00f5tmine.<\/span><\/p>\n<h4><b><i>Lisainfo Kinnitus <\/i><\/b><\/h4>\n<ol>\n<li>Piletid on kviitung p\u00e4rast selle Touri maksmist. V\u00f5ite n\u00e4idata makse oma telefonis.<\/li>\n<li style=\"font-weight: 400;\"><span style=\"font-weight: 400;\">Kohtumispaik saadakse p\u00e4rast broneerimisprotsessi.<\/span><\/li>\n<li style=\"font-weight: 400;\"><span style=\"font-weight: 400;\">Lastel peab olema kaasas t\u00e4iskasvanu.<\/span><\/li>\n<li style=\"font-weight: 400;\"><span style=\"font-weight: 400;\">ligip\u00e4\u00e4setav ratastooliga <\/span><\/li>\n<li style=\"font-weight: 400;\"><span style=\"font-weight: 400;\">Imikud peavad istuma s\u00fcles <\/span><\/li>\n<li style=\"font-weight: 400;\"><span style=\"font-weight: 400;\">Enamik reisijaid saab osaleda<\/span><\/li>\n<\/ol>\n<h4><b><i>T\u00fchistamispoliitika<\/i><\/b><\/h4>\n<p><span style=\"font-weight: 400;\">T\u00e4ieliku h\u00fcvitise saamiseks t\u00fchistage reis v\u00e4hemalt 24 tundi enne kogemuse alguskuup\u00e4eva.<\/span><\/p>\n\n\t\t<\/div>\n\t<\/div>\n<\/div><\/div><\/div><\/div><div class=\"vc_row wpb_row vc_row-fluid\" ><div class=\"wpb_column vc_column_container vc_col-sm-12\"><div class=\"vc_column-inner\"><div class=\"wpb_wrapper\">\n\t<div class=\"wpb_text_column wpb_content_element\" >\n\t\t<div class=\"wpb_wrapper\">\n\t\t\t<h4>V\u00f5tke meiega \u00fchendust?<\/h4>\n<h5><em><strong>Seikluste broneerimine<\/strong><\/em><\/h5>\n<p><em><strong>Kohalikud<\/strong> ja <strong>Rahvuslased<\/strong> Reisijuhid ja k\u00fclaliste teenindus<\/em><\/p>\n<p><span class=\"text-turquoise\">Broneeringud:<\/span> Ekskursioonid ja ekskursioonid Dom. Rep.<\/p>\n\n\t\t<\/div>\n\t<\/div>\n<\/div><\/div><\/div><\/div><div class=\"vc_row wpb_row vc_row-fluid\" ><\/div><div class=\"wpb_column vc_column_container vc_col-sm-12\"><div class=\"vc_column-inner\"><div class=\"wpb_wrapper\"><\/div><\/div><\/div><div class=\"vc_empty_space\"   style=\"height: 32px\"><span class=\"vc_empty_space_inner\"><\/span><\/div>\n\t<div class=\"wpb_text_column wpb_content_element\" >\n\t\t<div class=\"wpb_wrapper\">\n\t\t\t\n\t\t<\/div>\n\t<\/div>\n<h4>V\u00f5tke meiega \u00fchendust?<\/h4>\n<h5>Seikluste broneerimine<\/h5>\n<p><em><strong>Kohalikud<\/strong>\u00a0ja\u00a0<strong>Rahvuslased<\/strong>\u00a0Reisijuhid ja k\u00fclaliste teenindus<\/em><\/p>\n<p><span class=\"text-turquoise\">Broneeringud:<\/span>\u00a0Ekskursioonid ja ekskursioonid Dom. Rep.<\/p>\n<p><img decoding=\"async\" class=\"emoji\" draggable=\"false\" src=\"https:\/\/s.w.org\/images\/core\/emoji\/11.2.0\/svg\/1f4de.svg\" alt=\"\ud83d\udcde\" \/><span style=\"vertical-align: inherit;\"><span style=\"vertical-align: inherit;\">\u00a0Tel \/ Whatsapp\u00a0\u00a0 <\/span><\/span><a href=\"tel:+1-809-720-6035\"><span style=\"vertical-align: inherit;\"><span style=\"vertical-align: inherit;\">+ 1-809-720-6035<\/span><\/span><\/a><span style=\"vertical-align: inherit;\"><span style=\"vertical-align: inherit;\"> .<\/span><\/span><\/p>\n<p><img decoding=\"async\" class=\"emoji\" draggable=\"false\" src=\"https:\/\/s.w.org\/images\/core\/emoji\/11.2.0\/svg\/1f4e9.svg\" alt=\"\ud83d\udce9\" \/>\u00a0<a href=\"mailto:info@dominicanrepublictrips.com\"><span style=\"vertical-align: inherit;\"><span style=\"vertical-align: inherit;\">info@dominicanrepublictrips.com<\/span><\/span><\/a><\/p>\n<p><strong><span style=\"vertical-align: inherit;\"><span style=\"vertical-align: inherit;\"><span style=\"vertical-align: inherit;\"><span style=\"vertical-align: inherit;\">Somos tours privados de configuraci\u00f3n flexible por Whatsapp:\u00a0 <\/span><\/span><\/span><\/span><a href=\"tel:+18097206035\"><span style=\"vertical-align: inherit;\"><span style=\"vertical-align: inherit;\"><span style=\"vertical-align: inherit;\"><span style=\"vertical-align: inherit;\">+18097206035. <\/span><\/span><\/span><\/span><\/a><\/strong><span style=\"vertical-align: inherit;\"><span style=\"vertical-align: inherit;\"><span style=\"vertical-align: inherit;\"><span style=\"vertical-align: inherit;\">[\/ vc_column_text] <div class=\"vc_empty_space\"   style=\"height: 32px\"><span class=\"vc_empty_space_inner\"><\/span><\/div> [\/ vc_column] [\/ vc_row]<\/span><\/span><\/span><\/span><\/p>","protected":false},"excerpt":{"rendered":"<p><span style=\"vertical-align: inherit;\"><span style=\"vertical-align: inherit;\"><span style=\"vertical-align: inherit;\"><span style=\"vertical-align: inherit;\">Parasailing en Punta Cana es una aventura incre\u00edble y una de las mejores cosas para hacer en Punta Cana. <\/span><\/span><\/span><span style=\"vertical-align: inherit;\"><span style=\"vertical-align: inherit;\"><span style=\"vertical-align: inherit;\">La costa desde 200 pies en el aire, mientras navega, es absolutamente impresionante.<\/span><\/span><\/span><\/span><\/p>\n<p><span style=\"vertical-align: inherit;\"><span style=\"vertical-align: inherit;\"><span style=\"vertical-align: inherit;\"><span style=\"vertical-align: inherit;\">El parasailing es una experiencia sencilla y divertida para todos los miembros de la familia. <\/span><\/span><\/span><span style=\"vertical-align: inherit;\"><span style=\"vertical-align: inherit;\"><span style=\"vertical-align: inherit;\">Como la principal empresa de parasailing y aventura en Rep\u00fablica Dominicana, nuestro equipo de Parasailing se encuentra entre los m\u00e1s experimentados en Punta Cana, con m\u00e1s de 16 a\u00f1os de experience en vuelos. <\/span><\/span><\/span><span style=\"vertical-align: inherit;\"><span style=\"vertical-align: inherit;\"><span style=\"vertical-align: inherit;\">Puede disfrutar de unos 15 minutos de vuelo mientras disfruta de la hermosa vista panoraamica.<\/span><\/span><\/span><\/span><\/p>\n<p>&nbsp;<\/p>\n<p><em><strong><span style=\"vertical-align: inherit;\"><span style=\"vertical-align: inherit;\"><span style=\"vertical-align: inherit;\"><span style=\"vertical-align: inherit;\">Seleccione la fecha para el tour\u00a0<\/span><\/span><\/span><\/span><\/strong><\/em><\/p>","protected":false},"featured_media":13531,"template":"","meta":[],"product_brand":[],"product_cat":[749,562,566,508,321,462],"product_tag":[369,567,568,569,570,563,564,343,565,571,431,572,373,573,574,575],"class_list":{"0":"post-13987","1":"product","2":"type-product","3":"status-publish","4":"has-post-thumbnail","6":"product_cat-1-punta-cana","7":"product_cat-parasaling","8":"product_cat-sharks-rays-in-natural-pools","9":"product_cat-tours-and-excursion-punta-cana","10":"product_cat-tours-and-excursions","11":"product_cat-tours-excursions-punta-cana-dominican-republic","12":"product_tag-catamaran","13":"product_tag-cheap-punta-cana-excursions","14":"product_tag-four-adventures-parasailing","15":"product_tag-natural-pool-punta-cana","16":"product_tag-natural-swimming-pool-punta-cana","17":"product_tag-parasail-punta-cana","18":"product_tag-parasailing-in-punta-cana","19":"product_tag-punta-cana","20":"product_tag-punta-cana-catamaran-party-with-snorkeling-and-parasailing","21":"product_tag-punta-cana-sharks","22":"product_tag-punta-cana-tours","23":"product_tag-rays-from-punta-cana","24":"product_tag-saona-island","25":"product_tag-sharks-rays-in-natural-pools-from-punta-cana","26":"product_tag-snorkeling-cruise","27":"product_tag-swimming-with-sharks-punta-cana","29":"first","30":"instock","31":"sale","32":"featured","33":"virtual","34":"sold-individually","35":"purchasable","36":"product-type-simple"},"_links":{"self":[{"href":"https:\/\/dominicanrepublictrips.com\/et\/wp-json\/wp\/v2\/product\/13987","targetHints":{"allow":["GET"]}}],"collection":[{"href":"https:\/\/dominicanrepublictrips.com\/et\/wp-json\/wp\/v2\/product"}],"about":[{"href":"https:\/\/dominicanrepublictrips.com\/et\/wp-json\/wp\/v2\/types\/product"}],"wp:featuredmedia":[{"embeddable":true,"href":"https:\/\/dominicanrepublictrips.com\/et\/wp-json\/wp\/v2\/media\/13531"}],"wp:attachment":[{"href":"https:\/\/dominicanrepublictrips.com\/et\/wp-json\/wp\/v2\/media?parent=13987"}],"wp:term":[{"taxonomy":"product_brand","embeddable":true,"href":"https:\/\/dominicanrepublictrips.com\/et\/wp-json\/wp\/v2\/product_brand?post=13987"},{"taxonomy":"product_cat","embeddable":true,"href":"https:\/\/dominicanrepublictrips.com\/et\/wp-json\/wp\/v2\/product_cat?post=13987"},{"taxonomy":"product_tag","embeddable":true,"href":"https:\/\/dominicanrepublictrips.com\/et\/wp-json\/wp\/v2\/product_tag?post=13987"}],"curies":[{"name":"wp","href":"https:\/\/api.w.org\/{rel}","templated":true}]}}