{"id":14025,"date":"2021-11-25T10:26:32","date_gmt":"2021-11-25T10:26:32","guid":{"rendered":"https:\/\/dominicanrepublictrips.com\/?post_type=product&#038;p=14025"},"modified":"2021-11-25T10:26:44","modified_gmt":"2021-11-25T10:26:44","slug":"mountain-bikes-tainos-canoe-los-haitises","status":"publish","type":"product","link":"https:\/\/dominicanrepublictrips.com\/de\/dominicantour\/mountain-bikes-tainos-canoe-los-haitises\/","title":{"rendered":"Mountainbikes + Tainos Kanu Los Haitises"},"content":{"rendered":"<p><span style=\"vertical-align: inherit;\"><span style=\"vertical-align: inherit;\"><div class=\"vc_row wpb_row vc_row-fluid\" ><\/div> <div class=\"wpb_column vc_column_container vc_col-sm-12\"><div class=\"vc_column-inner\"><div class=\"wpb_wrapper\"><\/div><\/div><\/div> <div class=\"vc_empty_space\"   style=\"height: 32px\"><span class=\"vc_empty_space_inner\"><\/span><\/div> [\/ vc_column] [\/ vc_row] <div class=\"vc_row wpb_row vc_row-fluid\" ><\/div> <div class=\"wpb_column vc_column_container vc_col-sm-12\"><div class=\"vc_column-inner\"><div class=\"wpb_wrapper\"><\/div><\/div><\/div> <div class=\"mkdf-section-title-holder\" style=\"text-align: left\">\n\t<div class=\"mkdf-st-inner\">\n\t\t\t\t\t<h5 class=\"mkdf-st-subtitle\" >\n\t\t\t\tAbenteuer mit Kanus und Fahrr\u00e4dern im Gebirge\t\t\t<\/h5>\n\t\t\t\t\t\t\t<h3 class=\"mkdf-st-title\" >\n\t\t\t\tLos Haitises Taino's Tour en bicicleta\t\t\t<\/h3>\n\t\t\t\t\t<\/div>\n<\/div> [\/ vc_column] [\/ vc_row] <div class=\"vc_row wpb_row vc_row-fluid\" ><\/div> <div class=\"wpb_column vc_column_container vc_col-sm-12\"><div class=\"vc_column-inner\"><div class=\"wpb_wrapper\"><\/div><\/div><\/div> <div class=\"vc_empty_space\"   style=\"height: 32px\"><span class=\"vc_empty_space_inner\"><\/span><\/div> [\/ vc_column] [\/ vc_row] <div class=\"vc_row wpb_row vc_row-fluid\" ><\/div> <div class=\"wpb_column vc_column_container vc_col-sm-12\"><div class=\"vc_column-inner\"><div class=\"wpb_wrapper\"><\/div><\/div><\/div> \n\t<div class=\"wpb_text_column wpb_content_element\" >\n\t\t<div class=\"wpb_wrapper\">\n\t\t\t\n\t\t<\/div>\n\t<\/div>\n<\/span><\/span><\/p>\n<h4><b><i><span style=\"vertical-align: inherit;\"><span style=\"vertical-align: inherit;\">Allgemeine Ansicht<\/span><\/span><\/i><\/b><\/h4>\n<p><span style=\"font-weight: 400;\">Reisen Sie mit einem lokalen Experten und erleben Sie die einzigartige Erfahrung des Radfahrens ab Sabana de la Mar. Diese Tour f\u00fchrt Sie durch die wundersch\u00f6ne Landschaft der Dominikanischen Republik. W\u00e4hrend Sie mit dem Fahrrad unterwegs sind, k\u00f6nnen Sie die Bauern gr\u00fc\u00dfen, die mit ihren Pferden oder Motorr\u00e4dern zu ihren Grundst\u00fccken reiten, und w\u00e4hrend der Tour k\u00f6nnen Sie das Abenteuer und die lokale Kultur von Sabana de la Mar kennenlernen. Einige Fakten \u00fcber Los Haitises: ist eine der gr\u00f6\u00dften Kalksteinformationen der Welt, ein Ort f\u00fcr die Erhaltung der endemischen Arten, Standort mit der Mehrheit der Artenvielfalt der Insel, gibt es eine der gr\u00f6\u00dften Mangrovenw\u00e4lder von Quisqueya und die H\u00f6hle mit den meisten Piktogrammen der Karibik. <\/span><\/p>\n<p><span style=\"font-weight: 400;\">Sind Sie neugierig auf das t\u00e4gliche Leben der Ta\u00ednos? Mit der Aktivit\u00e4t Taino Adventure werden Sie in die Zeit zur\u00fcckversetzt und erleben die Welt der indigenen V\u00f6lker der Dominikanischen Republik.\u00a0<\/span><\/p>\n<p><span style=\"font-weight: 400;\">Das Kanu war wohl der wichtigste Teil des Lebens der Ta\u00ednos. Mit ihm fischten sie, reisten zu kleineren Inseln, kommunizierten mit anderen St\u00e4mmen und besuchten Schamanen f\u00fcr Rituale, Heilung und Prophezeiungen. Bei Booking Adventures m\u00f6chten wir Sie in die Welt der Ta\u00ednos eintauchen lassen.\u00a0 <\/span><\/p>\n<p>&nbsp;<\/p>\n<h4><b>Einschl\u00fcsse &amp; Ausschl\u00fcsse<\/b><\/h4>\n<p><b>Einschl\u00fcsse<\/b><\/p>\n<ol>\n<li style=\"font-weight: 400;\">Kanufahrt<\/li>\n<li>Mountainbikes<\/li>\n<li>Kostenloses T-Shirt mit dem Piktogramm von Taino<\/li>\n<li>Casabe Brot Geschmack<\/li>\n<li>H\u00f6hlentouren<\/li>\n<li style=\"font-weight: 400;\"><span style=\"font-weight: 400;\">Alle Steuern, Geb\u00fchren und Bearbeitungskosten<\/span><\/li>\n<li style=\"font-weight: 400;\"><span style=\"font-weight: 400;\">Lokale Steuern<\/span><\/li>\n<li style=\"font-weight: 400;\"><span style=\"font-weight: 400;\">Lokaler F\u00fchrer<\/span><\/li>\n<\/ol>\n<p><b> Ausschl\u00fcsse<\/b><\/p>\n<ol>\n<li style=\"font-weight: 400;\"><span style=\"font-weight: 400;\">Trinkgelder<\/span><\/li>\n<li style=\"font-weight: 400;\"><span style=\"font-weight: 400;\">\u00dcbertragung<\/span><\/li>\n<li>Das Mittagessen ist nicht inbegriffen<\/li>\n<li style=\"font-weight: 400;\"><span style=\"font-weight: 400;\">Alkoholische Getr\u00e4nke<\/span><\/li>\n<\/ol>\n<p>&nbsp;<\/p>\n<h4><em><strong>Abreise und R\u00fcckkehr<\/strong><\/em><\/h4>\n<p><span style=\"font-weight: 400;\">Der Reisende erh\u00e4lt nach der Reservierung einen Treffpunkt. Die Touren beginnen und enden an unseren Treffpunkten.<\/span><\/p>\n<h4><b><i>Was ist zu erwarten?<\/i><\/b><\/h4>\n<p><span style=\"font-weight: 400;\">Bei dieser Aktivit\u00e4t machen Sie sich in den handgefertigten Kanus auf den Weg, so wie es die Ta\u00ednos taten. Sie werden viele der Ger\u00e4usche h\u00f6ren, die ihre Verbindung zur Natur kennzeichneten: den Ruf der Kraniche, das Eintauchen der Krabben ins Wasser und das sanfte Pl\u00e4tschern der Wellen gegen die nat\u00fcrlichen Felsformationen. Die B\u00f6gen der Mangrovenwurzeln werden Sie an Kathedralen erinnern, und tats\u00e4chlich waren die Ta\u00ednos (obwohl sie keine Kirchen hatten) zutiefst spirituell. Sobald Sie sich mit unserem F\u00fchrer auf den Weg gemacht haben, werden Sie die reiche Vielfalt an V\u00f6geln, Reptilien und Fischen in den Mangroven genie\u00dfen. Bestaunen Sie das Glitzern der Wellen im Morgenlicht, die Berge von Saman\u00e1 in der Ferne und das Smaragdgr\u00fcn der sich wiegenden Palmen.\u00a0\u00a0<\/span><\/p>\n<p><span style=\"font-weight: 400;\">Anschlie\u00dfend k\u00f6nnen Sie einige der H\u00f6hlen besuchen, die f\u00fcr die Ta\u00ednos besonders wichtig waren. Sie reisten von H\u00f6hle zu H\u00f6hle, um weise M\u00e4nner zu besuchen, Schutz vor Wirbelst\u00fcrmen zu suchen und um sich mit anderen St\u00e4mmen zu treffen. Sobald Sie in den H\u00f6hlen sind, werden Sie die Stille und die heilige Aura des Raumes zu sch\u00e4tzen wissen. Sie werden einige der Felszeichnungen, die so genannten Petroglyphen, sehen, die ihre Gottheiten und Geister darstellen. Schlie\u00dflich k\u00f6nnen Sie einige der tropischen Fr\u00fcchte probieren, die die Ta\u00ednos gesammelt haben, bevor Sie zum Treffpunkt zur\u00fcckkehren.\u00a0<\/span><\/p>\n<p><span style=\"font-weight: 400;\">Auf dieser Tour erkl\u00e4ren unsere fachkundigen F\u00fchrer die vielf\u00e4ltigen Einsatzm\u00f6glichkeiten des Kanus, wie die Ta\u00ednos vor der Zeit von Kolumbus lebten und wie wichtig der Mangrovenwald f\u00fcr die Gesundheit der Umwelt ist.\u00a0<\/span><\/p>\n<p>&nbsp;<\/p>\n<h4><em><strong>Was sollten Sie mitbringen?<\/strong><\/em><\/h4>\n<ul>\n<li style=\"font-weight: 400;\"><span style=\"font-weight: 400;\">Kamera<\/span><\/li>\n<li style=\"font-weight: 400;\"><span style=\"font-weight: 400;\">Absto\u00dfende Knospen<\/span><\/li>\n<li style=\"font-weight: 400;\"><span style=\"font-weight: 400;\">Sonnencreme<\/span><\/li>\n<li style=\"font-weight: 400;\"><span style=\"font-weight: 400;\">Hut<\/span><\/li>\n<li style=\"font-weight: 400;\"><span style=\"font-weight: 400;\">Bequeme Hosen<\/span><\/li>\n<li style=\"font-weight: 400;\"><span style=\"font-weight: 400;\">Sandalen oder Schuhe f\u00fcr schlammige Gebiete.\u00a0<\/span><\/li>\n<li style=\"font-weight: 400;\"><span style=\"font-weight: 400;\">Schwimmbekleidung<\/span><\/li>\n<\/ul>\n<p>&nbsp;<\/p>\n<h4><b><i>Hotel Abholung <\/i><\/b><\/h4>\n<p><span style=\"font-weight: 400;\">Eine Abholung vom Hotel wird f\u00fcr diese Tour nicht angeboten. <\/span><\/p>\n<p><b>Anmerkung:<\/b><span style=\"font-weight: 400;\"> Wenn Sie innerhalb von 24 Stunden vor der Abfahrtszeit der Tour\/Exkursion buchen, k\u00f6nnen wir die Abholung vom Hotel gegen Aufpreis organisieren. Sobald Ihr Kauf abgeschlossen ist, senden wir Ihnen die vollst\u00e4ndigen Kontaktdaten (Telefonnummer, E-Mail-Adresse, etc.) f\u00fcr unseren lokalen Reiseleiter, um die Abholung zu organisieren.<\/span><\/p>\n<h4><b><i>Zus\u00e4tzliche Informationen Best\u00e4tigung <\/i><\/b><\/h4>\n<ol>\n<li>Tickets sind die Quittung nach der Zahlung f\u00fcr diese Tour. Sie k\u00f6nnen die Zahlung auf Ihrem Telefon zeigen.<\/li>\n<li style=\"font-weight: 400;\"><span style=\"font-weight: 400;\">Der Treffpunkt wird nach der Reservierung mitgeteilt.<\/span><\/li>\n<li style=\"font-weight: 400;\"><span style=\"font-weight: 400;\">Kinder m\u00fcssen von einem Erwachsenen begleitet werden.<\/span><\/li>\n<li style=\"font-weight: 400;\"><span style=\"font-weight: 400;\"> Nicht rollstuhlgerecht <\/span><\/li>\n<li style=\"font-weight: 400;\"><span style=\"font-weight: 400;\">Kleinkinder m\u00fcssen auf dem Scho\u00df sitzen <\/span><\/li>\n<li style=\"font-weight: 400;\"><span style=\"font-weight: 400;\">Nicht empfohlen f\u00fcr Reisende mit R\u00fcckenproblemen<\/span><\/li>\n<li style=\"font-weight: 400;\"><span style=\"font-weight: 400;\">Nicht empfohlen f\u00fcr schwangere Reisende <\/span><\/li>\n<li style=\"font-weight: 400;\"><span style=\"font-weight: 400;\"> Keine Herzprobleme oder andere ernsthafte medizinische Probleme <\/span><\/li>\n<li style=\"font-weight: 400;\"><span style=\"font-weight: 400;\">Die meisten Reisenden k\u00f6nnen teilnehmen<\/span><\/li>\n<\/ol>\n<h4><b><i><span style=\"vertical-align: inherit;\"><span style=\"vertical-align: inherit;\">Widerrufsbelehrung<\/span><\/span><\/i><\/b><\/h4>\n<p><span style=\"font-weight: 400;\"><span style=\"vertical-align: inherit;\"><span style=\"vertical-align: inherit;\">Para obtener un reembolso completo, cancele al menos 72 horas antes de la fecha de inicio de la experiencia. <\/span><\/span><\/span><span style=\"vertical-align: inherit;\"><span style=\"vertical-align: inherit;\">[\/ vc_column_text] [\/ vc_column] [\/ vc_row] <div class=\"vc_row wpb_row vc_row-fluid\" ><\/div> <div class=\"wpb_column vc_column_container vc_col-sm-12\"><div class=\"vc_column-inner\"><div class=\"wpb_wrapper\"><\/div><\/div><\/div> <div class=\"vc_empty_space\"   style=\"height: 32px\"><span class=\"vc_empty_space_inner\"><\/span><\/div> \n\t<div class=\"wpb_text_column wpb_content_element\" >\n\t\t<div class=\"wpb_wrapper\">\n\t\t\t\n\t\t<\/div>\n\t<\/div>\n<\/span><\/span><\/p>\n<h4><span style=\"vertical-align: inherit;\"><span style=\"vertical-align: inherit;\">\u00bfCont\u00e1ctenos?<\/span><\/span><\/h4>\n<h5><span style=\"vertical-align: inherit;\"><span style=\"vertical-align: inherit;\">Reserven f\u00fcr Erlebnisse<\/span><\/span><\/h5>\n<p><em><span style=\"vertical-align: inherit;\"><span style=\"vertical-align: inherit;\">\u00a0Dienstleistungen f\u00fcr G\u00e4ste und Fremdenf\u00fchrer <\/span><strong><span style=\"vertical-align: inherit;\">Lokale<\/span><\/strong><span style=\"vertical-align: inherit;\"> \u00a0y\u00a0 <\/span><\/span><strong><span style=\"vertical-align: inherit;\"><span style=\"vertical-align: inherit;\">nacionales<\/span><\/span><\/strong><\/em><\/p>\n<p><span class=\"text-turquoise\"><span style=\"vertical-align: inherit;\"><span style=\"vertical-align: inherit;\">Reserven:<\/span><\/span><\/span><span style=\"vertical-align: inherit;\"><span style=\"vertical-align: inherit;\"> \u00a0Tours y Excursiones en Dom. <\/span><span style=\"vertical-align: inherit;\">Repr\u00e4sentanten.<\/span><\/span><\/p>\n<p><img decoding=\"async\" class=\"emoji\" draggable=\"false\" src=\"https:\/\/s.w.org\/images\/core\/emoji\/11.2.0\/svg\/1f4de.svg\" alt=\"\ud83d\udcde\" \/><span style=\"vertical-align: inherit;\"><span style=\"vertical-align: inherit;\">\u00a0Telefon \/ Whatsapp\u00a0\u00a0 <\/span><\/span><a href=\"tel:+1-809-720-6035\"><span style=\"vertical-align: inherit;\"><span style=\"vertical-align: inherit;\">+ 1-809-720-6035<\/span><\/span><\/a><span style=\"vertical-align: inherit;\"><span style=\"vertical-align: inherit;\"> .<\/span><\/span><\/p>\n<p><img decoding=\"async\" class=\"emoji\" draggable=\"false\" src=\"https:\/\/s.w.org\/images\/core\/emoji\/11.2.0\/svg\/1f4e9.svg\" alt=\"\ud83d\udce9\" \/>\u00a0<a href=\"mailto:info@dominicanrepublictrips.com\"><span style=\"vertical-align: inherit;\"><span style=\"vertical-align: inherit;\">info@dominicanrepublictrips.com<\/span><\/span><\/a><\/p>\n<p><strong><span style=\"vertical-align: inherit;\"><span style=\"vertical-align: inherit;\">Wir sind private, flexibel konfigurierbare Touren \u00fcber Whatsapp:\u00a0 <\/span><\/span><a href=\"tel:+18097206035\"><span style=\"vertical-align: inherit;\"><span style=\"vertical-align: inherit;\">+18097206035. <\/span><\/span><\/a><\/strong><span style=\"vertical-align: inherit;\"><span style=\"vertical-align: inherit;\">[\/ vc_column_text] <div class=\"vc_empty_space\"   style=\"height: 32px\"><span class=\"vc_empty_space_inner\"><\/span><\/div> [\/ vc_column] [\/ vc_row]<\/span><\/span><\/p>","protected":false},"excerpt":{"rendered":"<p><span style=\"font-weight: 400;\"><span style=\"vertical-align: inherit;\"><span style=\"vertical-align: inherit;\">Bei dieser Aktivit\u00e4t nehmen Sie an handwerklichen Kanufahrten teil, so wie es die Ta\u00ednos taten. <\/span><span style=\"vertical-align: inherit;\">Escuchar\u00e1s muchos de los sonidos que marcaron su conexi\u00f3n con la naturaleza: el llamado de las grullas, el chapuz\u00f3n de los cangrejos en el agua y el suave batir de las olas contra las formaciones rocosas naturales. <\/span><span style=\"vertical-align: inherit;\">Los arcos de las ra\u00edces del manglar te recordar\u00e1n a las catedrales y, de hecho, los ta\u00ednos (aunque no ten\u00edan iglesias) eran profundamente espirituales. <\/span><span style=\"vertical-align: inherit;\">Sobald Sie mit unserem F\u00fchrer losgezogen sind, k\u00f6nnen Sie die gro\u00dfe Vielfalt an V\u00f6geln, Reptilien und Mangrovenfischen genie\u00dfen. <\/span><span style=\"vertical-align: inherit;\">Deslumbrado por el destello de las olas que parpadean a la luz de la ma\u00f1ana, las monta\u00f1as de Saman\u00e1 en la distanzia y el verde esmeralda de las palmeras que se mecen.\u00a0 <\/span><\/span><\/span><\/p>\n<p>&nbsp;<\/p>\n<p><strong><span style=\"vertical-align: inherit;\"><span style=\"vertical-align: inherit;\">W\u00e4hlen Sie das Datum f\u00fcr die Tour aus:<\/span><\/span><\/strong><\/p>","protected":false},"featured_media":13606,"template":"","meta":[],"product_brand":[],"product_cat":[738,693,653,777,776,322,323],"product_tag":[325,327,694,695,347,352,399,400,401,333,703,335,402,654,403,313,349,350],"class_list":{"0":"post-14025","1":"product","2":"type-product","3":"status-publish","4":"has-post-thumbnail","6":"product_cat-1-sabana-de-la-mar","7":"product_cat-los-haitises","8":"product_cat-mangroves-projects","9":"product_cat-mountain-bike-los-haitises","10":"product_cat-tainos-canoes","11":"product_cat-tours-excursions-los-haitises-national-park","12":"product_cat-tours-excursions-samana-bay-dominican-republic","13":"product_tag-cano-hondo","14":"product_tag-cano-hondo-hotel","15":"product_tag-canoes","16":"product_tag-canoes-dominican-republic","17":"product_tag-day-tour-cano-hondo","18":"product_tag-kayak-dominican-republic","19":"product_tag-kayaking-dominican-republic","20":"product_tag-kayaking-los-haitises","21":"product_tag-kayaks","22":"product_tag-los-haitises","23":"product_tag-los-haitises-mountain-bike","24":"product_tag-los-haitises-national-park","25":"product_tag-los-haitises-tours","26":"product_tag-mangroves-reforestation-in-los-haitises-with-locals","27":"product_tag-private-tours-samana","28":"product_tag-sabana-de-la-mar","29":"product_tag-samana-bay","30":"product_tag-samana-excursions","32":"first","33":"instock","34":"sale","35":"virtual","36":"sold-individually","37":"purchasable","38":"product-type-simple"},"_links":{"self":[{"href":"https:\/\/dominicanrepublictrips.com\/de\/wp-json\/wp\/v2\/product\/14025","targetHints":{"allow":["GET"]}}],"collection":[{"href":"https:\/\/dominicanrepublictrips.com\/de\/wp-json\/wp\/v2\/product"}],"about":[{"href":"https:\/\/dominicanrepublictrips.com\/de\/wp-json\/wp\/v2\/types\/product"}],"wp:featuredmedia":[{"embeddable":true,"href":"https:\/\/dominicanrepublictrips.com\/de\/wp-json\/wp\/v2\/media\/13606"}],"wp:attachment":[{"href":"https:\/\/dominicanrepublictrips.com\/de\/wp-json\/wp\/v2\/media?parent=14025"}],"wp:term":[{"taxonomy":"product_brand","embeddable":true,"href":"https:\/\/dominicanrepublictrips.com\/de\/wp-json\/wp\/v2\/product_brand?post=14025"},{"taxonomy":"product_cat","embeddable":true,"href":"https:\/\/dominicanrepublictrips.com\/de\/wp-json\/wp\/v2\/product_cat?post=14025"},{"taxonomy":"product_tag","embeddable":true,"href":"https:\/\/dominicanrepublictrips.com\/de\/wp-json\/wp\/v2\/product_tag?post=14025"}],"curies":[{"name":"wp","href":"https:\/\/api.w.org\/{rel}","templated":true}]}}