{"id":14005,"date":"2021-11-25T10:26:15","date_gmt":"2021-11-25T10:26:15","guid":{"rendered":"https:\/\/dominicanrepublictrips.com\/?post_type=product&#038;p=14005"},"modified":"2021-11-25T10:26:30","modified_gmt":"2021-11-25T10:26:30","slug":"saona-island-private-tour-from-cap-cana-hotels-cap-cana-lobby","status":"publish","type":"product","link":"https:\/\/dominicanrepublictrips.com\/de\/dominicantour\/saona-island-private-tour-from-cap-cana-hotels-cap-cana-lobby\/","title":{"rendered":"Saona Island Private Tour von Cap Cana Hotels- Cap Cana Lobby"},"content":{"rendered":"<div class=\"vc_row wpb_row vc_row-fluid\" ><div class=\"wpb_column vc_column_container vc_col-sm-12\"><div class=\"vc_column-inner\"><div class=\"wpb_wrapper\">\n\t<div class=\"wpb_text_column wpb_content_element\" >\n\t\t<div class=\"wpb_wrapper\">\n\t\t\t<h2><b><i>Privatausflug zur Insel Saona\u00a0<\/i><\/b><\/h2>\n<h4><b><i>\u00dcbersicht<\/i><\/b><\/h4>\n<div>Die Abfahrt in Booten ist vom Hauptpier der <strong>Bayahibe<\/strong> um 9:00 Uhr und R\u00fcckkehr um 17:00 Uhr. Wenn\u00a0<b>(Sie f\u00fcgen einen privaten Transfer von anderen Abfahrten zu dieser Reise hinzu, die Zeit kann sich \u00e4ndern)<\/b> <span style=\"font-size: 16px;\">Diese Reise f\u00fchrt Sie zu den sch\u00f6nsten Str\u00e4nden von <strong>Insel Saona<\/strong> (Isla Saona) von der Stadt Bayahibe aus. Sie essen auf der Insel zu Mittag und halten an den nat\u00fcrlichen Pools der<strong> Cotubanama Nacional Park<\/strong>. Genie\u00dfen Sie die wundersch\u00f6ne S\u00fcdostk\u00fcste der Dominikanischen Republik. Nachdem Sie das Boot genommen haben, fahren Sie entlang der K\u00fcste und beobachten die verschiedenen Str\u00e4nde, Landschaften, Mangroven und Kalksteinformationen dieses einzigartigen Ortes.\u00a0<\/span><\/div>\n<div>\n<p><span style=\"font-weight: 400;\">Die Fahrt zur Insel dauert etwa 45 Minuten und w\u00e4hrend der Tour haben Sie die M\u00f6glichkeit, Folgendes zu sehen <strong>Mano Juan<\/strong>Sie werden verschiedene Str\u00e4nde in der Umgebung besuchen und das Mittagessen wird am Strand eingenommen. Sie werden auch die M\u00f6glichkeit haben, auf der Insel zu schnorcheln.<\/span><\/p>\n<p><span style=\"font-weight: 400;\">Nach Beendigung des Ausflugs zu den verschiedenen Orten der Insel kehren Sie zu dem Ort zur\u00fcck, an dem Sie sich mit Ihrem Reiseleiter treffen.<\/span><\/p>\n<ul>\n<li style=\"font-weight: 400;\"><span style=\"font-weight: 400;\">Inklusive Mittagsbuffet am Strand.<\/span><\/li>\n<li style=\"font-weight: 400;\"><span style=\"font-weight: 400;\">Nat\u00fcrlicher Pool<\/span><\/li>\n<li style=\"font-weight: 400;\"><span style=\"font-weight: 400;\">Transfer mit Boot oder Katamaran<\/span><\/li>\n<li style=\"font-weight: 400;\"><span style=\"font-weight: 400;\">Der Kapit\u00e4n gibt Anweisungen und beaufsichtigt<\/span><\/li>\n<\/ul>\n<\/div>\n<p>&nbsp;<\/p>\n<h2><b>Einschl\u00fcsse &amp; Ausschl\u00fcsse<\/b><\/h2>\n<p><b>Einschl\u00fcsse<\/b><\/p>\n<ol>\n<li>Schnellboot oder Katamaranfahrt (abh\u00e4ngig von der Gruppengr\u00f6\u00dfe)<\/li>\n<li style=\"font-weight: 400;\"><span style=\"font-weight: 400;\">Mittagsbuffet am Strand<\/span><\/li>\n<li>Nat\u00fcrlicher Pool<\/li>\n<li style=\"font-weight: 400;\"><span style=\"font-weight: 400;\">Alle Steuern, Geb\u00fchren und Bearbeitungskosten<\/span><\/li>\n<li style=\"font-weight: 400;\"><span style=\"font-weight: 400;\">Lokale Steuern<\/span><\/li>\n<li style=\"font-weight: 400;\"><span style=\"font-weight: 400;\">Getr\u00e4nke<\/span><\/li>\n<\/ol>\n<p><b> Ausschl\u00fcsse<\/b><\/p>\n<ol>\n<li style=\"font-weight: 400;\"><span style=\"font-weight: 400;\">Trinkgelder<\/span><\/li>\n<li>Lokaler F\u00fchrer<\/li>\n<\/ol>\n<p>&nbsp;<\/p>\n<h4><em><strong>Abreise und R\u00fcckkehr<\/strong><\/em><\/h4>\n<p><span style=\"font-weight: 400;\">Wir haben einen Zeitplan, um Sie je nach Ihrem Wohnort abzuholen und abzusetzen. <\/span><span style=\"font-weight: 400;\">Der Reisende erh\u00e4lt nach der Reservierung einen Treffpunkt. Die Touren beginnen und enden an unseren Treffpunkten.<\/span><\/p>\n<p>&nbsp;<\/p>\n<h4><b><i>Was ist zu erwarten?<\/i><\/b><\/h4>\n<p>&nbsp;<\/p>\n<p><em><strong>Holen Sie sich Ihre Tickets<\/strong><\/em> f\u00fcr eine Tageskarte f\u00fcr die Insel Saona (Isla Saona) in Bayahibe plus ein wunderbares Mittagessen und Strandaufenthalt.<\/p>\n<p><span style=\"font-weight: 400;\">Der von \"Booking Adventures\" organisierte Tagesausflug beginnt an dem mit dem Reiseleiter vereinbarten Treffpunkt. <\/span>Mittagessen am Strand und Sie k\u00f6nnen so lange bleiben, wie Sie schwimmen wollen. Wenn Sie Veganer sind, k\u00f6nnen wir auch etwas Essen f\u00fcr Sie zubereiten.<\/p>\n<p>Diese Bootsfahrt beginnt in Bayahibe, aber wir bieten einen privaten Transfer f\u00fcr zus\u00e4tzliche Kosten an, je nachdem, wo die Gruppe ist.<\/p>\n<p><strong>Zeitplan:<\/strong><\/p>\n<p>7:45 UHR - 18:00 UHR<\/p>\n<p>&nbsp;<\/p>\n<h4><em><strong>Was sollten Sie mitbringen?<\/strong><\/em><\/h4>\n<ul>\n<li style=\"font-weight: 400;\"><span style=\"font-weight: 400;\">Kamera<\/span><\/li>\n<li style=\"font-weight: 400;\"><span style=\"font-weight: 400;\">Absto\u00dfende Knospen<\/span><\/li>\n<li style=\"font-weight: 400;\"><span style=\"font-weight: 400;\">Sonnencreme<\/span><\/li>\n<li style=\"font-weight: 400;\"><span style=\"font-weight: 400;\">Hut<\/span><\/li>\n<li style=\"font-weight: 400;\"><span style=\"font-weight: 400;\">Bequeme Hosen<\/span><\/li>\n<li style=\"font-weight: 400;\"><span style=\"font-weight: 400;\">Wanderschuhe f\u00fcr den Wald<\/span><\/li>\n<li style=\"font-weight: 400;\"><span style=\"font-weight: 400;\">Sandalen f\u00fcr den Strand<\/span><\/li>\n<li style=\"font-weight: 400;\"><span style=\"font-weight: 400;\">Schwimmbekleidung<\/span><\/li>\n<li>Bargeld f\u00fcr Souvenirs<\/li>\n<\/ul>\n<p>&nbsp;<\/p>\n<h2><b><i>Hotelabholung f\u00fcr Tagesausflug zur Insel Saona<\/i><\/b><\/h2>\n<p><span style=\"font-weight: 400;\">Dies ist das Programm, das wir auf der Grundlage Ihrer Standorte erstellt haben. Bitte teilen Sie uns Ihr spezifisches Hotel mit und wir werden Sie kontaktieren, um Ihnen mitzuteilen, wo wir Sie treffen werden. F\u00fcr diese Transferoptionen fallen zus\u00e4tzliche Kosten an. Diese Reise beginnt in Bayahibe.<\/span><\/p>\n<table style=\"height: 487px;\" width=\"420\">\n<tbody>\n<tr>\n<td><b>Ort<\/b><\/td>\n<td><b>Zeit<\/b><\/td>\n<\/tr>\n<tr>\n<td><b>Punta Cana<\/b><\/td>\n<td><b>7:45 Uhr<\/b><\/td>\n<\/tr>\n<tr>\n<td><b>B\u00e1varo<\/b><\/td>\n<td><b>7:30 Uhr<\/b><\/td>\n<\/tr>\n<tr>\n<td><b>Uvero Altos<\/b><\/td>\n<td><b>7:00 Uhr<\/b><\/td>\n<\/tr>\n<tr>\n<td><b>Club Med<\/b><\/td>\n<td><b>7:00 Uhr<\/b><\/td>\n<\/tr>\n<tr>\n<td><b>Boca Chica<\/b><\/td>\n<td><b>7:00 Uhr<\/b><\/td>\n<\/tr>\n<tr>\n<td><b>Santo Domingo<\/b><\/td>\n<td><b>6:40 Uhr<\/b><\/td>\n<\/tr>\n<tr>\n<td><b>Juan Doli\u00f3<\/b><\/td>\n<td><b>7:00 Uhr<\/b><\/td>\n<\/tr>\n<\/tbody>\n<\/table>\n<p>&nbsp;<\/p>\n<p><b>Anmerkung:<\/b><span style=\"font-weight: 400;\"> Wenn Sie innerhalb von 24 Stunden vor der Abfahrtszeit der Tour\/Exkursion buchen, k\u00f6nnen wir gegen Aufpreis eine Abholung vom Hotel organisieren. Sobald Ihr Kauf abgeschlossen ist, senden wir Ihnen die vollst\u00e4ndigen Kontaktinformationen (Telefonnummer, E-Mail-Adresse, etc.) f\u00fcr unseren lokalen Reiseleiter, um die Abholung zu organisieren.<\/span><\/p>\n<h4><b><i>Zus\u00e4tzliche Informationen Best\u00e4tigung <\/i><\/b><\/h4>\n<ol>\n<li>Die Tickets sind die Quittung nach der Bezahlung dieser Tour. Sie k\u00f6nnen die Zahlung auf Ihrem Telefon zeigen.<\/li>\n<li style=\"font-weight: 400;\"><span style=\"font-weight: 400;\">Der Treffpunkt wird nach der Reservierung mitgeteilt.<\/span><\/li>\n<li style=\"font-weight: 400;\"><span style=\"font-weight: 400;\">Kinder m\u00fcssen von einem Erwachsenen begleitet werden.<\/span><\/li>\n<li style=\"font-weight: 400;\"><span style=\"font-weight: 400;\">rollstuhlgerecht <\/span><\/li>\n<li style=\"font-weight: 400;\"><span style=\"font-weight: 400;\">Kleinkinder m\u00fcssen auf dem Scho\u00df sitzen <\/span><\/li>\n<li style=\"font-weight: 400;\"><span style=\"font-weight: 400;\">Die meisten Reisenden k\u00f6nnen teilnehmen<\/span><\/li>\n<\/ol>\n<h4><b><i>Stornierungspolitik<\/i><\/b><\/h4>\n<p><span style=\"font-weight: 400;\">F\u00fcr eine vollst\u00e4ndige R\u00fcckerstattung stornieren Sie bitte mindestens 24 Stunden vor Beginn des Erlebnisses.<\/span><\/p>\n<p>HINWEIS: Wenn Sie an diesem Ausflug teilnehmen m\u00f6chten und weitere Einzelheiten erfahren m\u00f6chten, k\u00f6nnen Sie<a href=\"mailto:info@dominicanrepublictrips.com\">\u00a0Kontaktaufnahme per emai<\/a>l<strong>\u00a0<\/strong>oder \u00fcber unseren direkten Service-Chat per Whatsapp unter dieser Nummer:\u00a0<strong>+1 809-720-6035<\/strong>. Wir werden Sie sofort besuchen und wir k\u00f6nnen Ihnen ein Angebot machen, das den Preis je nach der Anzahl der Personen anpasst.<\/p>\n<p>(Wir ben\u00f6tigen mindestens 4 Personen, um die Tour privat zu organisieren. F\u00fcr weniger Personen k\u00f6nnen wir eine halbprivate Tour mit maximal 15 Personen organisieren).<\/p>\n<div id=\"gtx-trans\" style=\"position: absolute; left: -1px; top: 1055.03px;\">\n<div class=\"gtx-trans-icon\"><\/div>\n<\/div>\n\n\t\t<\/div>\n\t<\/div>\n<\/div><\/div><\/div><\/div><div class=\"vc_row wpb_row vc_row-fluid\" ><div class=\"wpb_column vc_column_container vc_col-sm-12\"><div class=\"vc_column-inner\"><div class=\"wpb_wrapper\"><\/div><\/div><\/div><\/div><div class=\"vc_row wpb_row vc_row-fluid\" ><div class=\"wpb_column vc_column_container vc_col-sm-12\"><div class=\"vc_column-inner\"><div class=\"wpb_wrapper\"><div class=\"vc_empty_space\"   style=\"height: 32px\"><span class=\"vc_empty_space_inner\"><\/span><\/div>\n\t<div class=\"wpb_video_widget wpb_content_element vc_clearfix   vc_video-aspect-ratio-169 vc_video-el-width-100 vc_video-align-left\" >\n\t\t<div class=\"wpb_wrapper\">\n\t\t\t<h2 class=\"wpb_heading wpb_video_heading\">Saona Island Tours &amp; Excursions Video:<\/h2>\n\t\t\t<div class=\"wpb_video_wrapper\"><iframe loading=\"lazy\" title=\"Saola Island Ganzt\u00e4gig bei Booking Adventures, Reisen Dominikanische Republik\" width=\"1100\" height=\"619\" src=\"https:\/\/www.youtube.com\/embed\/sas91N4zMHo?feature=oembed\" frameborder=\"0\" allow=\"accelerometer; autoplay; clipboard-write; encrypted-media; gyroscope; picture-in-picture\" allowfullscreen><\/iframe><\/div>\n\t\t<\/div>\n\t<\/div>\n<div class=\"vc_empty_space\"   style=\"height: 32px\"><span class=\"vc_empty_space_inner\"><\/span><\/div><\/div><\/div><\/div><\/div><div class=\"vc_row wpb_row vc_row-fluid\" ><\/div><div class=\"wpb_column vc_column_container vc_col-sm-12\"><div class=\"vc_column-inner\"><div class=\"wpb_wrapper\"><\/div><\/div><\/div><div class=\"vc_empty_space\"   style=\"height: 32px\"><span class=\"vc_empty_space_inner\"><\/span><\/div>\n\t<div class=\"wpb_text_column wpb_content_element\" >\n\t\t<div class=\"wpb_wrapper\">\n\t\t\t\n\t\t<\/div>\n\t<\/div>\n<h4>Kontakt aufnehmen?<\/h4>\n<h5>Abenteuer buchen<\/h5>\n<p><em><strong>Einheimische<\/strong>\u00a0und\u00a0<strong>Nationals<\/strong>\u00a0Reiseleiter &amp; G\u00e4steservice<\/em><\/p>\n<p><span class=\"text-turquoise\">Reservierungen:<\/span>\u00a0Touren &amp; Ausfl\u00fcge in Dom. Rep.<\/p>\n<p><img decoding=\"async\" class=\"emoji\" draggable=\"false\" src=\"https:\/\/s.w.org\/images\/core\/emoji\/11.2.0\/svg\/1f4de.svg\" alt=\"\ud83d\udcde\" \/>\u00a0Telefon \/ Whatsapp\u00a0\u00a0<a href=\"tel:+1-809-720-6035\">+1-809-720-6035<\/a>.<\/p>\n<p><img decoding=\"async\" class=\"emoji\" draggable=\"false\" src=\"https:\/\/s.w.org\/images\/core\/emoji\/11.2.0\/svg\/1f4e9.svg\" alt=\"\ud83d\udce9\" \/>\u00a0<a href=\"mailto:info@dominicanrepublictrips.com\">info@dominicanrepublictrips.com<\/a><\/p>\n<p><strong><span style=\"vertical-align: inherit;\"><span style=\"vertical-align: inherit;\">Wir sind private, flexibel konfigurierbare Touren \u00fcber Whatsapp:\u00a0 <\/span><\/span><a href=\"tel:+18097206035\"><span style=\"vertical-align: inherit;\"><span style=\"vertical-align: inherit;\">+18097206035. <\/span><\/span><\/a><\/strong><span style=\"vertical-align: inherit;\"><span style=\"vertical-align: inherit;\">[\/ vc_column_text] <div class=\"vc_empty_space\"   style=\"height: 32px\"><span class=\"vc_empty_space_inner\"><\/span><\/div> [\/ vc_column] [\/ vc_row]<\/span><\/span><\/p>","protected":false},"excerpt":{"rendered":"<p><span style=\"vertical-align: inherit;\"><span style=\"vertical-align: inherit;\">Pase de un d\u00eda a la isla Saona desde el puerto de Bayahibe. <\/span><span style=\"vertical-align: inherit;\">Almuerzo y piscinas naturales incluidas. <\/span><span style=\"vertical-align: inherit;\">En caso de necesidad traslado desde cualquier parte de Rep\u00fablica Dominicana. <\/span><span style=\"vertical-align: inherit;\">Simplemente cont\u00e1ctenos y tengamos la mejor experiencia en Isla Saona.<\/span><\/span><\/p>\n<p>&nbsp;<\/p>\n<p><em><strong><span style=\"vertical-align: inherit;\"><span style=\"vertical-align: inherit;\">W\u00e4hlen Sie das Datum f\u00fcr die Tour aus\u00a0<\/span><\/span><\/strong><\/em><\/p>","protected":false},"featured_media":13415,"template":"","meta":[],"product_brand":[],"product_cat":[749,771,773,637,646,645],"product_tag":[367,368,647,369,370,371,639,640,372,373,374,375,641,642,377],"class_list":{"0":"post-14005","1":"product","2":"type-product","3":"status-publish","4":"has-post-thumbnail","6":"product_cat-1-punta-cana","7":"product_cat-punta-cana-private-tours","8":"product_cat-punta-cana-saona-island","9":"product_cat-saona-island-offers","10":"product_cat-saona-island-private-tour-from-cap-cana-hotels-cap-cana-lobby","11":"product_cat-saona-island-private-tour-from-la-romana-hotels-la-romana-lobby","12":"product_tag-all-inclusive-trip-to-saona-island-by-speedboat-catamaran","13":"product_tag-bayahibe","14":"product_tag-cap-cana","15":"product_tag-catamaran","16":"product_tag-how-to-get-to-saona-island","17":"product_tag-isla-saona","18":"product_tag-private-day-trip-saona","19":"product_tag-private-tours","20":"product_tag-saona","21":"product_tag-saona-island","22":"product_tag-saona-island-excursion","23":"product_tag-saona-island-hotels","24":"product_tag-saona-island-private","25":"product_tag-saona-island-private-tour-from-punta-cana-hotels-punta-cana-lobby","26":"product_tag-saona-island-tour","28":"first","29":"instock","30":"sale","31":"virtual","32":"sold-individually","33":"purchasable","34":"product-type-simple"},"_links":{"self":[{"href":"https:\/\/dominicanrepublictrips.com\/de\/wp-json\/wp\/v2\/product\/14005","targetHints":{"allow":["GET"]}}],"collection":[{"href":"https:\/\/dominicanrepublictrips.com\/de\/wp-json\/wp\/v2\/product"}],"about":[{"href":"https:\/\/dominicanrepublictrips.com\/de\/wp-json\/wp\/v2\/types\/product"}],"wp:featuredmedia":[{"embeddable":true,"href":"https:\/\/dominicanrepublictrips.com\/de\/wp-json\/wp\/v2\/media\/13415"}],"wp:attachment":[{"href":"https:\/\/dominicanrepublictrips.com\/de\/wp-json\/wp\/v2\/media?parent=14005"}],"wp:term":[{"taxonomy":"product_brand","embeddable":true,"href":"https:\/\/dominicanrepublictrips.com\/de\/wp-json\/wp\/v2\/product_brand?post=14005"},{"taxonomy":"product_cat","embeddable":true,"href":"https:\/\/dominicanrepublictrips.com\/de\/wp-json\/wp\/v2\/product_cat?post=14005"},{"taxonomy":"product_tag","embeddable":true,"href":"https:\/\/dominicanrepublictrips.com\/de\/wp-json\/wp\/v2\/product_tag?post=14005"}],"curies":[{"name":"wp","href":"https:\/\/api.w.org\/{rel}","templated":true}]}}