{"id":29391,"date":"2025-09-09T11:53:56","date_gmt":"2025-09-09T11:53:56","guid":{"rendered":"https:\/\/dominicanrepublictrips.com\/?post_type=product&#038;p=29391"},"modified":"2025-09-09T11:55:30","modified_gmt":"2025-09-09T11:55:30","slug":"los-haitises-caves-mangroves-rainforest-hike-boat-tour","status":"publish","type":"product","link":"https:\/\/dominicanrepublictrips.com\/da\/dominicantour\/los-haitises-grotter-mangrover-regnskov-vandretur-badtur\/","title":{"rendered":"Los Haitises: Caves, Mangroves, &#038; Rainforest Hike\/Boat Tour"},"content":{"rendered":"<p>This trip starts with a Local Tour Guide that knows the original History of the gorgeous National Park.<\/p>\n<p>Vi starter fra hovedhavnen i Los Haitises National Park ved navn Ca\u00f1o Hondo (Deep Creek) p\u00e5 en B\u00c5D med redningsveste. Vi vil nyde den r\u00f8de mangroveskov, indtil vi ankommer til San Lorenzo-bugten. En lille bugt ind i Saman\u00e1-bugten. Og s\u00e5 er vi i gang! Den f\u00f8rste fantastiske ting, du kan se, er samlingen af en enorm bjerg\u00f8 af kalksten kaldet Mogotes. P\u00e5 toppen af dem er der mere end 700 arter af planter og mange v\u00e5domr\u00e5defugle, der flyver rundt. Senere bes\u00f8ger vi huler med piktogrammer fra vores oprindelige samfund for 750 \u00e5r siden.<\/p>\n<p>Through the mangroves and Land at the open San Lorenzo Bay, from where you can photograph the rugged forest landscape. Look to the water to spot Manatees, crustaceans, and dolphins.<\/p>\n<div class=\"toggle-content__content toggle-content__content--expanded toggle-content__content--packable\" data-v-59485d64=\"\">\n<div data-test-id=\"activity-full-description-text\" data-v-5835c99c=\"\">The national park\u2019s name comes from its original inhabitants, the Taino Indians. In their language \u201cHaitises\u201d translates to highlands or Hills, a reference to the coastline\u2019s steep geological formations with Limestones. Aventure deeper into the park to explore caves such as the Cueva de la Arena and Cueva de la L\u00ednea. Caves in the reserve were used as shelter by the Taino Indians and, later, by hiding pirates. Look for drawings by Indians that decorate some of the walls. After visiting Los Haitises National Park we will go back to the port where our trip started.<\/div>\n<\/div>\n<div class=\"toggle-content__label-placeholder\" data-v-59485d64=\"\"><\/div>","protected":false},"excerpt":{"rendered":"<div data-track=\"overview\" data-v-83a2b402=\"\">\n<section id=\"activity-overview\" class=\"activity-overview\" data-component=\"overview\" data-v-83a2b402=\"\" data-v-f3236c42=\"\">\n<p class=\"activity-overview__content\" data-test-id=\"activity-overview-content\" data-v-f3236c42=\"\">Try a rainforest hike in Los Haitises for and enjoy a boat trip through the mangroves and visit the park&#8217;s caves. Learn from a local guide while exploring the park, and see a variety of wildlife.<\/p>\n<\/section>\n<\/div>\n<div data-track=\"key-details\" data-v-83a2b402=\"\"><\/div>","protected":false},"featured_media":29415,"template":"","meta":[],"product_brand":[],"product_cat":[901],"product_tag":[330,902],"class_list":{"0":"post-29391","1":"product","2":"type-product","3":"status-publish","4":"has-post-thumbnail","6":"product_cat-dominican-republic","7":"product_tag-excursion","8":"product_tag-tour","10":"first","11":"instock","12":"shipping-taxable","13":"product-type-external"},"_links":{"self":[{"href":"https:\/\/dominicanrepublictrips.com\/da\/wp-json\/wp\/v2\/product\/29391","targetHints":{"allow":["GET"]}}],"collection":[{"href":"https:\/\/dominicanrepublictrips.com\/da\/wp-json\/wp\/v2\/product"}],"about":[{"href":"https:\/\/dominicanrepublictrips.com\/da\/wp-json\/wp\/v2\/types\/product"}],"wp:featuredmedia":[{"embeddable":true,"href":"https:\/\/dominicanrepublictrips.com\/da\/wp-json\/wp\/v2\/media\/29415"}],"wp:attachment":[{"href":"https:\/\/dominicanrepublictrips.com\/da\/wp-json\/wp\/v2\/media?parent=29391"}],"wp:term":[{"taxonomy":"product_brand","embeddable":true,"href":"https:\/\/dominicanrepublictrips.com\/da\/wp-json\/wp\/v2\/product_brand?post=29391"},{"taxonomy":"product_cat","embeddable":true,"href":"https:\/\/dominicanrepublictrips.com\/da\/wp-json\/wp\/v2\/product_cat?post=29391"},{"taxonomy":"product_tag","embeddable":true,"href":"https:\/\/dominicanrepublictrips.com\/da\/wp-json\/wp\/v2\/product_tag?post=29391"}],"curies":[{"name":"wp","href":"https:\/\/api.w.org\/{rel}","templated":true}]}}