{"id":14027,"date":"2021-11-25T10:26:32","date_gmt":"2021-11-25T10:26:32","guid":{"rendered":"https:\/\/dominicanrepublictrips.com\/?post_type=product&#038;p=14027"},"modified":"2021-11-25T10:26:45","modified_gmt":"2021-11-25T10:26:45","slug":"los-haitises-national-park-and-cayo-levantado-from-punta-cana","status":"publish","type":"product","link":"https:\/\/dominicanrepublictrips.com\/da\/dominicantour\/los-haitises-national-park-and-cayo-levantado-from-punta-cana\/","title":{"rendered":"Los Haitises National Park og Cayo Levantado fra Punta Cana"},"content":{"rendered":"<div class=\"vc_row wpb_row vc_row-fluid\" ><div class=\"wpb_column vc_column_container vc_col-sm-12\"><div class=\"vc_column-inner\"><div class=\"wpb_wrapper\"><div class=\"mkdf-section-title-holder\" style=\"text-align: left\">\n\t<div class=\"mkdf-st-inner\">\n\t\t\t\t\t<h5 class=\"mkdf-st-subtitle\" >\n\t\t\t\tLos Haitises nationalpark og Bacardi-\u00f8en\t\t\t<\/h5>\n\t\t\t\t\t\t\t<h3 class=\"mkdf-st-title\" >\n\t\t\t\tLos Haitises National Park og Cayo Levantado fra Punta Cana\t\t\t<\/h3>\n\t\t\t\t\t<\/div>\n<\/div><\/div><\/div><\/div><\/div><div class=\"vc_row wpb_row vc_row-fluid\" ><div class=\"wpb_column vc_column_container vc_col-sm-12\"><div class=\"vc_column-inner\"><div class=\"wpb_wrapper\">\n\t<div class=\"wpb_text_column wpb_content_element\" >\n\t\t<div class=\"wpb_wrapper\">\n\t\t\t<h4><\/h4>\n<h2>Los Haitises National Park og Cayo Levantado fra Punta Cana<\/h2>\n<h4><b><i>Oversigt <\/i><\/b><\/h4>\n<p>Afhentning p\u00e5 dit hotel i Punta Cana, Cap Cana, Bavaro og komfortabel transfer til Los Haitises National Park fra Punta Cana plus frokost p\u00e5 Bacardi Island.  Kom med os og bes\u00f8g den smukkeste nationalpark i Den Dominikanske Republik med mangrover, huler og San Lorenzo-bugten samt den smukke Saman\u00e1-bugt. Vi bes\u00f8ger Bacardi-\u00f8en, spiser frokost p\u00e5 stranden og sv\u00f8mmer p\u00e5 en af de smukkeste strande i Saman\u00e1-bugten. Efter dette<\/p>\n<p>Efter denne oplevelse kommer du tilbage til Sabana de la Mar havn og tilbage til Punta Cana-omr\u00e5det.<\/p>\n<ul>\n<li style=\"font-weight: 400;\">Gebyrer inkluderet<\/li>\n<li>Frokost p\u00e5 Bacardi-\u00f8en inkluderet<\/li>\n<li style=\"font-weight: 400;\"><span style=\"font-weight: 400;\">Guiden giver instruktion og supervision<\/span><\/li>\n<\/ul>\n<p>&nbsp;<\/p>\n<h4><b>Inklusioner og eksklusioner<\/b><\/h4>\n<p><b>Inklusioner<\/b><\/p>\n<ol>\n<li style=\"font-weight: 400;\">Los Haitises-tur + huler og piktogrammer<\/li>\n<li>Transport<\/li>\n<li>B\u00e5dtur<\/li>\n<li>Frokost p\u00e5 Cayo Levantado (Bacardi-\u00f8en), hvis du vil have en lignende tur: Los Haitises + Ca\u00f1o Hondo<\/li>\n<li style=\"font-weight: 400;\"><span style=\"font-weight: 400;\">Alle skatter, afgifter og ekspeditionsgebyrer<\/span><\/li>\n<li style=\"font-weight: 400;\"><span style=\"font-weight: 400;\">Lokale skatter<\/span><\/li>\n<li style=\"font-weight: 400;\"><span style=\"font-weight: 400;\">Drikkevarer<\/span><\/li>\n<li style=\"font-weight: 400;\"><span style=\"font-weight: 400;\">Alle aktiviteter<\/span><\/li>\n<li style=\"font-weight: 400;\"><span style=\"font-weight: 400;\">Lokal guide<\/span><\/li>\n<\/ol>\n<p><b> Undtagelser<\/b><\/p>\n<ol>\n<li style=\"font-weight: 400;\"><span style=\"font-weight: 400;\">Drikkepenge<\/span><\/li>\n<li style=\"font-weight: 400;\"><span style=\"font-weight: 400;\">Alkoholiske drikke<\/span><\/li>\n<\/ol>\n<p>&nbsp;<\/p>\n<h4><em><strong>Afrejse og hjemkomst<\/strong><\/em><\/h4>\n<p><span style=\"font-weight: 400;\">Den rejsende vil f\u00e5 et m\u00f8dested efter reservationsprocessen. Turene starter og slutter p\u00e5 vores m\u00f8desteder.<\/span><\/p>\n<p>&nbsp;<\/p>\n<h2>Los Haitises National Park og Cayo Levantado fra Punta Cana<\/h2>\n<h4><b><i>Hvad kan man forvente?<\/i><\/b><\/h4>\n<p><b><i>V<\/i><\/b>isiting<strong> Los Haitises Nationalpark<\/strong> med en vidunderlig frokost p\u00e5<strong> \u00d8en Cayo Levantado<\/strong> og sv\u00f8mning p\u00e5 stranden. Fra og med <strong>fra Punta Cana-omr\u00e5derne<\/strong> ombord p\u00e5 en varevogn eller bus for at tage en b\u00e5d med en lokal guide, der bes\u00f8ger Samana-bugten og en af de smukkeste nationalparker i Den Dominikanske Republik. <em><strong>Nationalparken Haitises<\/strong><\/em>.<\/p>\n<p>Turen, der er arrangeret af \"Booking Adventures\", starter p\u00e5 hoteller i Punta Cana med transport. Tag med Booking Adventures og se p\u00e5 fuglefyldte mangrover, b\u00f8lgende bakker med frodig vegetation og grotter af <em><strong>Los Haitises Nationalpark<\/strong><\/em>. Bes\u00f8g p\u00e5 \u00f8en med fugle omkring. I yngletiden kan vi endda se Pelecanos-ungerne p\u00e5 rederne. Vi kommer mere ind i Rocky Islands og bes\u00f8ger hulerne med piktogrammer og petrografier fra de oprindelige folk.<\/p>\n<p>G\u00e5 gennem mangroven og land ved den \u00e5bne San Lorenzo-bugt, hvorfra du kan fotografere det barske skovlandskab. Se ud over vandet for at f\u00e5 \u00f8je p\u00e5 <em><strong>S\u00f8k\u00f8er<\/strong><\/em>, krebsdyr og <em><strong>delfiner.<\/strong><\/em><\/p>\n<h2><strong>Grotter i Los Haitises National Park<\/strong><\/h2>\n<div class=\"body-description secondary\">\n<p>Nationalparkens navn kommer fra dens oprindelige indbyggere, Taino-indianerne. P\u00e5 deres sprog betyder \"Haitises\" h\u00f8jland eller bakker, en reference til kystlinjens stejle geologiske formationer med kalksten. Tag dybere ind i parken for at udforske huler som f.eks. <em><strong>Cueva de la Arena<\/strong><\/em> og <strong><em>Cueva de la L\u00ednea.<\/em><\/strong><\/p>\n<p>Hulerne i reservatet blev brugt som skjul af taino-indianerne og senere af pirater. Se efter indianernes tegninger, som pryder nogle af v\u00e6ggene. Efter bes\u00f8get i Los Haitises National Park tager vi tilbage til havnen i Saman\u00e1, passerer Saman\u00e1-bugten i 30 minutter og bes\u00f8ger \u00f8en Bacardi. Vi spiser en typisk frokost p\u00e5 \u00f8en. Hvis du er veganer, har vi ogs\u00e5 mad til dig!<\/p>\n<p>Efter at have sv\u00f8mmet hele eftermiddagen og slappet af p\u00e5 stranden vil vores rejseleder s\u00e6tte tid af til at tage tilbage til Sabana de la Mar-havnen.<\/p>\n<\/div>\n<p>Hvis du vil have denne tur l\u00e6ngere eller kortere, har vi disse muligheder:<\/p>\n<ol>\n<li>Kun Los Haitises fra Saman\u00e1 havn.<\/li>\n<li>Los Haitises + Ca\u00f1o Hondo fra Saman\u00e1 havn.<\/li>\n<\/ol>\n<p>&nbsp;<\/p>\n<h4><em><strong>Hvad skal du medbringe?<\/strong><\/em><\/h4>\n<ul>\n<li style=\"font-weight: 400;\"><span style=\"font-weight: 400;\">Kamera<\/span><\/li>\n<li style=\"font-weight: 400;\"><span style=\"font-weight: 400;\">Afvisende knopper<\/span><\/li>\n<li style=\"font-weight: 400;\"><span style=\"font-weight: 400;\">Solcreme<\/span><\/li>\n<li style=\"font-weight: 400;\"><span style=\"font-weight: 400;\">Hat<\/span><\/li>\n<li style=\"font-weight: 400;\"><span style=\"font-weight: 400;\">Komfortable bukser<\/span><\/li>\n<li style=\"font-weight: 400;\"><span style=\"font-weight: 400;\">Vandresko til skoven<\/span><\/li>\n<li style=\"font-weight: 400;\"><span style=\"font-weight: 400;\">Sandaler til for\u00e5rsomr\u00e5derne.<\/span><\/li>\n<li style=\"font-weight: 400;\"><span style=\"font-weight: 400;\">Sv\u00f8mmet\u00f8j<\/span><\/li>\n<\/ul>\n<p>&nbsp;<\/p>\n<h4><b><i>Afhentning af hotel <\/i><\/b><\/h4>\n<p><span style=\"font-weight: 400;\">Der tilbydes afhentning p\u00e5 hotellet p\u00e5 denne tur. <\/span><\/p>\n<p>&nbsp;<\/p>\n<p><b>Bem\u00e6rk:<\/b><span style=\"font-weight: 400;\"> Hvis du booker inden for 24 timer f\u00f8r afgangstidspunktet for turen\/udflugten, kan vi arrangere afhentning p\u00e5 hotellet. N\u00e5r dit k\u00f8b er gennemf\u00f8rt, sender vi dig komplette kontaktoplysninger (telefonnummer, e-mailadresse osv.) til vores lokale rejseleder, s\u00e5 han kan arrangere afhentning.<\/span><\/p>\n<h4><b><i>Yderligere oplysninger Bekr\u00e6ftelse <\/i><\/b><\/h4>\n<ol>\n<li>Billetter er kvitteringen efter betaling af denne tur. Du kan vise betalingen p\u00e5 din telefon.<\/li>\n<li style=\"font-weight: 400;\"><span style=\"font-weight: 400;\">M\u00f8dested vil blive modtaget efter reservationsprocessen.<\/span><\/li>\n<li style=\"font-weight: 400;\"><span style=\"font-weight: 400;\">B\u00f8rn skal ledsages af en voksen.<\/span><\/li>\n<li style=\"font-weight: 400;\"><span style=\"font-weight: 400;\"> Ikke tilg\u00e6ngelig for k\u00f8restolsbrugere <\/span><\/li>\n<li style=\"font-weight: 400;\"><span style=\"font-weight: 400;\">Sp\u00e6db\u00f8rn skal sidde p\u00e5 sk\u00f8det <\/span><\/li>\n<li style=\"font-weight: 400;\"><span style=\"font-weight: 400;\">Anbefales ikke til rejsende med rygproblemer<\/span><\/li>\n<li style=\"font-weight: 400;\"><span style=\"font-weight: 400;\">Anbefales ikke til gravide rejsende <\/span><\/li>\n<li style=\"font-weight: 400;\"><span style=\"font-weight: 400;\"> Ingen hjerteproblemer eller andre alvorlige medicinske tilstande <\/span><\/li>\n<li style=\"font-weight: 400;\"><span style=\"font-weight: 400;\">De fleste rejsende kan deltage<\/span><\/li>\n<\/ol>\n<h4><b><i>Afbestillingsregler<\/i><\/b><\/h4>\n<p><span style=\"font-weight: 400;\">For at f\u00e5 fuld refusion skal du afbestille mindst 74 timer f\u00f8r startdatoen for oplevelsen. Pengene vil g\u00e5 tabt, hvis reservationen annulleres samme dag som turen.<\/span><\/p>\n\n\t\t<\/div>\n\t<\/div>\n\n\t<div class=\"wpb_video_widget wpb_content_element vc_clearfix   vc_video-aspect-ratio-169 vc_video-el-width-100 vc_video-align-left\" >\n\t\t<div class=\"wpb_wrapper\">\n\t\t\t<h2 class=\"wpb_heading wpb_video_heading\">Los Haitises Nationalpark<\/h2>\n\t\t\t<div class=\"wpb_video_wrapper\"><iframe loading=\"lazy\" title=\"Los Haitises Nationalpark ture og udflugter\" width=\"1100\" height=\"619\" src=\"https:\/\/www.youtube.com\/embed\/vMI4Ou81cd4?feature=oembed\" frameborder=\"0\" allow=\"accelerometer; autoplay; clipboard-write; encrypted-media; gyroscope; picture-in-picture\" allowfullscreen><\/iframe><\/div>\n\t\t<\/div>\n\t<\/div>\n<\/div><\/div><\/div><\/div><div class=\"vc_row wpb_row vc_row-fluid\" ><\/div><div class=\"wpb_column vc_column_container vc_col-sm-12\"><div class=\"vc_column-inner\"><div class=\"wpb_wrapper\"><\/div><\/div><\/div><div class=\"vc_empty_space\"   style=\"height: 32px\"><span class=\"vc_empty_space_inner\"><\/span><\/div>\n\t<div class=\"wpb_text_column wpb_content_element\" >\n\t\t<div class=\"wpb_wrapper\">\n\t\t\t\n\t\t<\/div>\n\t<\/div>\n<h4>Kan du kontakte os?<\/h4>\n<h5>Booking af eventyr<\/h5>\n<p><em><strong>Lokalbefolkningen<\/strong>\u00a0og\u00a0<strong>Nationals<\/strong>\u00a0Turledere og g\u00e6steservice<\/em><\/p>\n<p><span class=\"text-turquoise\">Reservationer:<\/span>\u00a0Ture og udflugter i Dom. Rep.<\/p>\n<p><img decoding=\"async\" class=\"emoji\" draggable=\"false\" src=\"https:\/\/s.w.org\/images\/core\/emoji\/11.2.0\/svg\/1f4de.svg\" alt=\"\ud83d\udcde\" \/>\u00a0Tlf \/ Whatsapp\u00a0\u00a0<a href=\"tel:+1-809-720-6035\">+1-809-720-6035<\/a>.<\/p>\n<p><img decoding=\"async\" class=\"emoji\" draggable=\"false\" src=\"https:\/\/s.w.org\/images\/core\/emoji\/11.2.0\/svg\/1f4e9.svg\" alt=\"\ud83d\udce9\" \/>\u00a0<a href=\"mailto:info@dominicanrepublictrips.com\">info@dominicanrepublictrips.com<\/a><\/p>\n<p><strong><span style=\"vertical-align: inherit;\"><span style=\"vertical-align: inherit;\">Somos tours privados de configuraci\u00f3n flexible por Whatsapp:\u00a0 <\/span><\/span><a href=\"tel:+18097206035\"><span style=\"vertical-align: inherit;\"><span style=\"vertical-align: inherit;\">+18097206035. <\/span><\/span><\/a><\/strong><span style=\"vertical-align: inherit;\"><span style=\"vertical-align: inherit;\">[\/ vc_column_text] <div class=\"vc_empty_space\"   style=\"height: 32px\"><span class=\"vc_empty_space_inner\"><\/span><\/div> [\/ vc_column] [\/ vc_row] <div class=\"vc_row wpb_row vc_row-fluid\" ><\/div> <div class=\"wpb_column vc_column_container vc_col-sm-12\"><div class=\"vc_column-inner\"><div class=\"wpb_wrapper\"><\/div><\/div><\/div> <div class=\"mkdf-section-title-holder\" style=\"text-align: left\">\n\t<div class=\"mkdf-st-inner\">\n\t\t\t\t\t\t\t<h3 class=\"mkdf-st-title\" >\n\t\t\t\tLos Haitises og Cayo Levantado\t\t\t<\/h3>\n\t\t\t\t\t<\/div>\n<\/div> <div class=\"vc_empty_space\"   style=\"height: 32px\"><span class=\"vc_empty_space_inner\"><\/span><\/div> [\/ vc_column] [\/ vc_row] <div class=\"vc_row wpb_row vc_row-fluid\" ><\/div> <div class=\"wpb_column vc_column_container vc_col-sm-12\"><div class=\"vc_column-inner\"><div class=\"wpb_wrapper\"><\/div><\/div><\/div> [columnas de productos =\" 4 \"orderby =\" title \"order =\" ASC \"ids =\" 8219, 8852, 9228, 8854 \" ] [\/ vc_column] [\/ vc_row]<\/span><\/span><\/p>","protected":false},"excerpt":{"rendered":"<p><span style=\"vertical-align: inherit;\"><span style=\"vertical-align: inherit;\">Recojo en su hotel en Punta Cana, Cap Cana, B\u00e1varo en un c\u00f3modo traslado al Parque Nacional Los Haitises desde Punta Cana m\u00e1s almuerzo en la isla Bacardi. <\/span><span style=\"vertical-align: inherit;\">Ven con nosotros y visita el parque nacional m\u00e1s hermoso de la Rep\u00fablica Dominicana, visitando manglares, cuevas y la bah\u00eda de San Lorenzo, adem\u00e1s de cruzar la hermosa bah\u00eda de Saman\u00e1. <\/span><span style=\"vertical-align: inherit;\">Para visitar la isla de Bacard\u00ed, almuerce en la playa y nade en una de las playas m\u00e1s bonitas de la bah\u00eda de Saman\u00e1. <\/span><span style=\"vertical-align: inherit;\">Despu\u00e9s de este<\/span><\/span><\/p>\n<p><span style=\"vertical-align: inherit;\"><span style=\"vertical-align: inherit;\">Despu\u00e9s de esta experiencia, regresar\u00e1 al puerto de Sabana de la mar y regresar\u00e1 a las \u00e1reas de Punta cana.<\/span><\/span><\/p>\n<p>&nbsp;<\/p>\n<p><strong><span style=\"vertical-align: inherit;\"><span style=\"vertical-align: inherit;\">V\u00e6lg den dato, hvor turen skal finde sted:<\/span><\/span><\/strong><\/p>","protected":false},"featured_media":13832,"template":"","meta":[],"product_brand":[],"product_cat":[749,738,739,771,759,322,323],"product_tag":[339,407,383,324,408,341,365,329,409,410,333,412,413,414,415,335,416,417,418,419,420,421,392,422,313,344,350,345,423],"class_list":{"0":"post-14027","1":"product","2":"type-product","3":"status-publish","4":"has-post-thumbnail","6":"product_cat-1-punta-cana","7":"product_cat-1-sabana-de-la-mar","8":"product_cat-boat-trip-los-haitises","9":"product_cat-punta-cana-private-tours","10":"product_cat-punta-cana-los-haitises","11":"product_cat-tours-excursions-los-haitises-national-park","12":"product_cat-tours-excursions-samana-bay-dominican-republic","13":"product_tag-bacardi-island","14":"product_tag-bacardi-island-tours","15":"product_tag-birdwatching","16":"product_tag-boat-tour","17":"product_tag-caves-los-haitises","18":"product_tag-cayo-levantado","19":"product_tag-cayo-levantado-tour","20":"product_tag-eco-tours","21":"product_tag-excursiones-a-los-haitises-y-cayo-levantado","22":"product_tag-haitises-park-and-cayo-levantado-island","23":"product_tag-los-haitises","24":"product_tag-los-haitises-excursiones","25":"product_tag-los-haitises-excursions","26":"product_tag-los-haitises-mapa","27":"product_tag-los-haitises-mas-cayo-levantado","28":"product_tag-los-haitises-national-park","29":"product_tag-los-haitises-national-park-map","30":"product_tag-los-haitises-national-park-mas-cayo-levantado","31":"product_tag-los-haitises-national-park-tour-from-las-terrenas","32":"product_tag-los-haitises-national-park-tour-from-samana-port-bacardi-island-cayo-levantado","33":"product_tag-los-haitises-national-park-tour-from-santo-domingo","34":"product_tag-los-haitises-park-tour-cayo-levantado-island","35":"product_tag-los-haitises-samana","36":"product_tag-los-haitises-y-cayo-levantado","37":"product_tag-sabana-de-la-mar","38":"product_tag-samana","39":"product_tag-samana-excursions","40":"product_tag-samana-tours","41":"product_tag-tour-los-haitises-national-park-cayo-levantado","43":"first","44":"instock","45":"sale","46":"virtual","47":"sold-individually","48":"purchasable","49":"product-type-simple"},"_links":{"self":[{"href":"https:\/\/dominicanrepublictrips.com\/da\/wp-json\/wp\/v2\/product\/14027","targetHints":{"allow":["GET"]}}],"collection":[{"href":"https:\/\/dominicanrepublictrips.com\/da\/wp-json\/wp\/v2\/product"}],"about":[{"href":"https:\/\/dominicanrepublictrips.com\/da\/wp-json\/wp\/v2\/types\/product"}],"wp:featuredmedia":[{"embeddable":true,"href":"https:\/\/dominicanrepublictrips.com\/da\/wp-json\/wp\/v2\/media\/13832"}],"wp:attachment":[{"href":"https:\/\/dominicanrepublictrips.com\/da\/wp-json\/wp\/v2\/media?parent=14027"}],"wp:term":[{"taxonomy":"product_brand","embeddable":true,"href":"https:\/\/dominicanrepublictrips.com\/da\/wp-json\/wp\/v2\/product_brand?post=14027"},{"taxonomy":"product_cat","embeddable":true,"href":"https:\/\/dominicanrepublictrips.com\/da\/wp-json\/wp\/v2\/product_cat?post=14027"},{"taxonomy":"product_tag","embeddable":true,"href":"https:\/\/dominicanrepublictrips.com\/da\/wp-json\/wp\/v2\/product_tag?post=14027"}],"curies":[{"name":"wp","href":"https:\/\/api.w.org\/{rel}","templated":true}]}}