{"id":13993,"date":"2021-11-25T10:26:14","date_gmt":"2021-11-25T10:26:14","guid":{"rendered":"https:\/\/dominicanrepublictrips.com\/?post_type=product&#038;p=13993"},"modified":"2021-11-25T10:26:24","modified_gmt":"2021-11-25T10:26:24","slug":"2-hours-hiking-rain-forest-los-haitises","status":"publish","type":"product","link":"https:\/\/dominicanrepublictrips.com\/da\/dominicantour\/2-timers-hiking-regn-skov-los-haitises\/","title":{"rendered":"2 timers vandring i regnskoven Los Haitises"},"content":{"rendered":"<div class=\"vc_row wpb_row vc_row-fluid\" ><div class=\"wpb_column vc_column_container vc_col-sm-12\"><div class=\"vc_column-inner\"><div class=\"wpb_wrapper\"><div class=\"mkdf-section-title-holder\" style=\"text-align: left\">\n\t<div class=\"mkdf-st-inner\">\n\t\t\t\t\t<h5 class=\"mkdf-st-subtitle\" >\n\t\t\t\tVandring i regnskoven.\t\t\t<\/h5>\n\t\t\t\t\t\t\t<h3 class=\"mkdf-st-title\" >\n\t\t\t\tLos Haitises National Park - Vandring 4 timer Sendero del Bosque Humedo (fugtig skovsti).\t\t\t<\/h3>\n\t\t\t\t\t\t\t<p class=\"mkdf-st-text\" >\n\t\t\t\tDenne oplevelse kr\u00e6ver mindst 4 deltagere. Hvis I ikke er 4, er I velkomne til at kontakte os!\t\t\t<\/p>\n\t\t\t<\/div>\n<\/div><\/div><\/div><\/div><\/div><div class=\"vc_row wpb_row vc_row-fluid\" ><\/div><div class=\"wpb_column vc_column_container vc_col-sm-12\"><div class=\"vc_column-inner\"><div class=\"wpb_wrapper\"><\/div><\/div><\/div>\n\t<div class=\"wpb_text_column wpb_content_element\" >\n\t\t<div class=\"wpb_wrapper\">\n\t\t\t\n\t\t<\/div>\n\t<\/div>\n<h4><b><i>Oversigt <\/i><\/b><\/h4>\n<p>Los Haitises Nationalpark starter fra Cano Hondo eller Sabana de la mar, og udflugten p\u00e5 Sendero del Bosque Humedo (fugtig skovsti) g\u00e5r gennem skoven fra Ca\u00f1o Hondo til Ca\u00f1o Salado for at tage en kort b\u00e5dtur tilbage til kajen. Stien er 3,8 km lang og tager ca. 2 timer kun den ene vej.<\/p>\n<p>Efter denne oplevelse kommer du tilbage til Cano Hondo eller Sabana de la mar.<\/p>\n<ul>\n<li style=\"font-weight: 400;\">Gebyrer inkluderet<\/li>\n<li>Vandretur i Los Haitises Nationalpark<\/li>\n<li style=\"font-weight: 400;\"><span style=\"font-weight: 400;\">Guiden giver instruktion og supervision<\/span><\/li>\n<\/ul>\n<p>&nbsp;<\/p>\n<h4><b>Inklusioner og eksklusioner<\/b><\/h4>\n<p>&nbsp;<\/p>\n<p><b>Inklusioner<\/b><\/p>\n<p>&nbsp;<\/p>\n<ol>\n<li style=\"font-weight: 400;\">Los Haitises Nationalpark<\/li>\n<li style=\"font-weight: 400;\"><span style=\"font-weight: 400;\">Alle skatter, afgifter og ekspeditionsgebyrer<\/span><\/li>\n<li style=\"font-weight: 400;\"><span style=\"font-weight: 400;\">Lokale skatter<\/span><\/li>\n<li style=\"font-weight: 400;\"><span style=\"font-weight: 400;\">Drikkevarer<\/span><\/li>\n<li style=\"font-weight: 400;\"><span style=\"font-weight: 400;\">Alle aktiviteter<\/span><\/li>\n<li style=\"font-weight: 400;\"><span style=\"font-weight: 400;\">Lokal guide<\/span><\/li>\n<\/ol>\n<p><b> Undtagelser<\/b><\/p>\n<ol>\n<li style=\"font-weight: 400;\"><span style=\"font-weight: 400;\">Drikkepenge<\/span><\/li>\n<li style=\"font-weight: 400;\"><span style=\"font-weight: 400;\">Overf\u00f8rsel<\/span><\/li>\n<li>Frokost<\/li>\n<li style=\"font-weight: 400;\"><span style=\"font-weight: 400;\">Alkoholiske drikke<\/span><\/li>\n<\/ol>\n<p>&nbsp;<\/p>\n<h4><em><strong>Afrejse og hjemkomst<\/strong><\/em><\/h4>\n<p><span style=\"font-weight: 400;\">Den rejsende vil f\u00e5 et m\u00f8dested efter reservationsprocessen. Turene starter og slutter p\u00e5 vores m\u00f8desteder.<\/span><\/p>\n<p>&nbsp;<\/p>\n<h2>Los Haitises National Park - Vandring 4 timer Sendero del Bosque Humedo (fugtig skovsti).<\/h2>\n<h4><b><i>Hvad kan man forvente?<\/i><\/b><\/h4>\n<p>Bes\u00f8g i Los Haitises National Park. 4 timers vandretur i den humide skov, hvor du vil se de menneskelige p\u00e5virkninger i denne nationalpark. L\u00e6r om historie og natur med lokale guider, der er vokset op som milj\u00f8fork\u00e6mpere og frivillige i dette beskyttede omr\u00e5de.<\/p>\n<p>Turen, der er arrangeret af \"Booking Adventures\", starter ved det m\u00f8dested, der er aftalt med turlederen. Efter en indledende g\u00e5tur gennem marker og landbrugsomr\u00e5der begynder du at g\u00e5 ved Coconuct og Cacao Forest.  Du f\u00e5r hvert minut i det prim\u00e6re og unikke fredede skovomr\u00e5de i Los Haitises National Park. Tag med Booking Adventures og se p\u00e5 endemiske fugle-, pattedyr- og plantearter, b\u00f8lgende bakker med frodig vegetation og grotter af <em><strong>Los Haitises Nationalpark<\/strong><\/em>.<\/p>\n<div class=\"body-description secondary\">\n<p>Nationalparkens navn kommer fra dens oprindelige indbyggere, Taino-indianerne. P\u00e5 deres sprog betyder \"Haitises\" h\u00f8jland eller bakker, en reference til kystlinjens stejle geologiske formationer med kalksten. G\u00e5 dybere ind i parken for at udforske grotter som f.eks. <em><strong>Cueva de la Arena<\/strong><\/em> og <strong><em>Cueva de la L\u00ednea. Du kan matche b\u00e5dturen med vandreturen. Bare kontakt os.<\/em><\/strong><\/p>\n<p>Hulerne i reservatet blev brugt som skjul af taino-indianerne og senere af pirater. Se efter indianernes tegninger, som pryder nogle af v\u00e6ggene. I regnskoven er der mere end 700 hundrede plantearter, og vi fors\u00f8ger at l\u00e6re de bes\u00f8gende om alle de l\u00e6geplanter, vi kender, p\u00e5 denne vandresti.<\/p>\n<p>Kom og l\u00e6r, vandr og nyd den \u00e6gte natur i Los Haitises National Park.<\/p>\n<\/div>\n<p>&nbsp;<\/p>\n<h4><em><strong>Hvad skal du medbringe?<\/strong><\/em><\/h4>\n<ul>\n<li style=\"font-weight: 400;\"><span style=\"font-weight: 400;\">Kamera<\/span><\/li>\n<li style=\"font-weight: 400;\"><span style=\"font-weight: 400;\">Afvisende knopper<\/span><\/li>\n<li style=\"font-weight: 400;\"><span style=\"font-weight: 400;\">Solcreme<\/span><\/li>\n<li style=\"font-weight: 400;\"><span style=\"font-weight: 400;\">Hat<\/span><\/li>\n<li style=\"font-weight: 400;\"><span style=\"font-weight: 400;\">Komfortable bukser<\/span><\/li>\n<li style=\"font-weight: 400;\"><span style=\"font-weight: 400;\">Vandresko til skoven<\/span><\/li>\n<li style=\"font-weight: 400;\"><span style=\"font-weight: 400;\">Sandaler til for\u00e5rsomr\u00e5derne.<\/span><\/li>\n<li style=\"font-weight: 400;\"><span style=\"font-weight: 400;\">Sv\u00f8mmet\u00f8j<\/span><\/li>\n<\/ul>\n<p>&nbsp;<\/p>\n<h4><b><i>Afhentning af hotel <\/i><\/b><\/h4>\n<p><span style=\"font-weight: 400;\">Der tilbydes ikke hotelafhentning p\u00e5 denne tur. Kun hvis du er p\u00e5 Cano Hondo Hotels.<\/span><\/p>\n<p><b>Bem\u00e6rk:<\/b><span style=\"font-weight: 400;\"> Hvis du booker inden for 24 timer f\u00f8r afgangstidspunktet for turen\/udflugten, kan vi arrangere afhentning p\u00e5 hotellet mod ekstra betaling fra et hvilket som helst sted i Den Dominikanske Republik. N\u00e5r dit k\u00f8b er gennemf\u00f8rt, sender vi dig komplette kontaktoplysninger (telefonnummer, e-mailadresse osv.) til vores lokale rejseleder, s\u00e5 han kan arrangere afhentning.<\/span><\/p>\n<h4><b><i>Yderligere oplysninger Bekr\u00e6ftelse <\/i><\/b><\/h4>\n<ol>\n<li>Billetter er kvitteringen efter betaling af denne tur. Du kan vise betalingen p\u00e5 din telefon.<\/li>\n<li style=\"font-weight: 400;\"><span style=\"font-weight: 400;\">M\u00f8dested vil blive modtaget efter reservationsprocessen.<\/span><\/li>\n<li style=\"font-weight: 400;\"><span style=\"font-weight: 400;\">B\u00f8rn skal ledsages af en voksen.<\/span><\/li>\n<li style=\"font-weight: 400;\"><span style=\"font-weight: 400;\"> Ikke tilg\u00e6ngelig for k\u00f8restolsbrugere <\/span><\/li>\n<li style=\"font-weight: 400;\"><span style=\"font-weight: 400;\">Sp\u00e6db\u00f8rn skal sidde p\u00e5 sk\u00f8det <\/span><\/li>\n<li style=\"font-weight: 400;\"><span style=\"font-weight: 400;\">Anbefales ikke til rejsende med rygproblemer<\/span><\/li>\n<li style=\"font-weight: 400;\"><span style=\"font-weight: 400;\">Anbefales ikke til gravide rejsende <\/span><\/li>\n<li style=\"font-weight: 400;\"><span style=\"font-weight: 400;\"> Ingen hjerteproblemer eller andre alvorlige medicinske tilstande <\/span><\/li>\n<li style=\"font-weight: 400;\"><span style=\"font-weight: 400;\">De fleste rejsende kan deltage<\/span><\/li>\n<\/ol>\n<h4><b><i>Afbestillingsregler<\/i><\/b><\/h4>\n<p><span style=\"font-weight: 400;\"><span style=\"vertical-align: inherit;\"><span style=\"vertical-align: inherit;\">Para obtener un reembolso completo, cancele al menos 24 horas antes de la fecha de inicio de la experiencia. <\/span><span style=\"vertical-align: inherit;\">Los fondos se perder\u00e1n si la reserva se cancela el mismo d\u00eda del viaje. <\/span><\/span><\/span><span style=\"vertical-align: inherit;\"><span style=\"vertical-align: inherit;\">[\/ vc_column_text] [\/ vc_column] [\/ vc_row] <div class=\"vc_row wpb_row vc_row-fluid\" ><\/div> <div class=\"wpb_column vc_column_container vc_col-sm-12\"><div class=\"vc_column-inner\"><div class=\"wpb_wrapper\"><\/div><\/div><\/div> <div class=\"vc_empty_space\"   style=\"height: 32px\"><span class=\"vc_empty_space_inner\"><\/span><\/div> \n\t<div class=\"wpb_text_column wpb_content_element\" >\n\t\t<div class=\"wpb_wrapper\">\n\t\t\t\n\t\t<\/div>\n\t<\/div>\n<\/span><\/span><\/p>\n<h4><span style=\"vertical-align: inherit;\"><span style=\"vertical-align: inherit;\">\u00bfCont\u00e1ctenos?<\/span><\/span><\/h4>\n<h5><span style=\"vertical-align: inherit;\"><span style=\"vertical-align: inherit;\">Reservas de aventuras<\/span><\/span><\/h5>\n<p><em><span style=\"vertical-align: inherit;\"><span style=\"vertical-align: inherit;\">\u00a0Tjenester til turister og turistguider <\/span><strong><span style=\"vertical-align: inherit;\">lokaliteter<\/span><\/strong><span style=\"vertical-align: inherit;\"> \u00a0y\u00a0 <\/span><\/span><strong><span style=\"vertical-align: inherit;\"><span style=\"vertical-align: inherit;\">nacionales<\/span><\/span><\/strong><\/em><\/p>\n<p><span class=\"text-turquoise\"><span style=\"vertical-align: inherit;\"><span style=\"vertical-align: inherit;\">Reserver:<\/span><\/span><\/span><span style=\"vertical-align: inherit;\"><span style=\"vertical-align: inherit;\"> \u00a0Tours y Excursiones en Dom. <\/span><span style=\"vertical-align: inherit;\">Repr\u00e6sentanter.<\/span><\/span><\/p>\n<p><img decoding=\"async\" class=\"emoji\" draggable=\"false\" src=\"https:\/\/s.w.org\/images\/core\/emoji\/11.2.0\/svg\/1f4de.svg\" alt=\"\ud83d\udcde\" \/><span style=\"vertical-align: inherit;\"><span style=\"vertical-align: inherit;\">\u00a0Tlf \/ Whatsapp\u00a0\u00a0 <\/span><\/span><a href=\"tel:+1-809-720-6035\"><span style=\"vertical-align: inherit;\"><span style=\"vertical-align: inherit;\">+ 1-809-720-6035<\/span><\/span><\/a><span style=\"vertical-align: inherit;\"><span style=\"vertical-align: inherit;\"> .<\/span><\/span><\/p>\n<p><img decoding=\"async\" class=\"emoji\" draggable=\"false\" src=\"https:\/\/s.w.org\/images\/core\/emoji\/11.2.0\/svg\/1f4e9.svg\" alt=\"\ud83d\udce9\" \/>\u00a0<a href=\"mailto:info@dominicanrepublictrips.com\"><span style=\"vertical-align: inherit;\"><span style=\"vertical-align: inherit;\">info@dominicanrepublictrips.com<\/span><\/span><\/a><\/p>\n<p><strong><span style=\"vertical-align: inherit;\"><span style=\"vertical-align: inherit;\">Somos tours privados de configuraci\u00f3n flexible por Whatsapp:\u00a0 <\/span><\/span><a href=\"tel:+18097206035\"><span style=\"vertical-align: inherit;\"><span style=\"vertical-align: inherit;\">+18097206035. <\/span><\/span><\/a><\/strong><span style=\"vertical-align: inherit;\"><span style=\"vertical-align: inherit;\">[\/ vc_column_text] <div class=\"vc_empty_space\"   style=\"height: 32px\"><span class=\"vc_empty_space_inner\"><\/span><\/div> [\/ vc_column] [\/ vc_row]<\/span><\/span><\/p>","protected":false},"excerpt":{"rendered":"<p><span style=\"vertical-align: inherit;\"><span style=\"vertical-align: inherit;\">Caminata 4 horas al Parque Nacional Los Haitises con un gu\u00eda tur\u00edstico local desde Sabana de la mar. <\/span><span style=\"vertical-align: inherit;\">Visitando las \u00e1reas de Selva Tropical, Cocos, Caf\u00e9 y Cacao. <\/span><span style=\"vertical-align: inherit;\">Aprendiendo sobre la historia original del Parque Nacional Los Haitises.<\/span><\/span><\/p>\n<p>&nbsp;<\/p>\n<p><strong><span style=\"vertical-align: inherit;\"><span style=\"vertical-align: inherit;\">V\u00e6lg den dato, hvor du vil sende din e-mail:<\/span><\/span><\/strong><\/p>","protected":false},"featured_media":12903,"template":"","meta":[],"product_brand":[],"product_cat":[738,295,751,322,323],"product_tag":[544,408,329,330,424,617,618,335,619,418,420,620,426,313,621,350,345,622],"class_list":{"0":"post-13993","1":"product","2":"type-product","3":"status-publish","4":"has-post-thumbnail","6":"product_cat-1-sabana-de-la-mar","7":"product_cat-hiking","8":"product_cat-hiking-los-haitises","9":"product_cat-tours-excursions-los-haitises-national-park","10":"product_cat-tours-excursions-samana-bay-dominican-republic","11":"product_tag-cano-hondo-sabana-de-la-mar","12":"product_tag-caves-los-haitises","13":"product_tag-eco-tours","14":"product_tag-excursion","15":"product_tag-hiking-los-haitises","16":"product_tag-hiking-sabana-de-la-mar","17":"product_tag-hiking-samana","18":"product_tag-los-haitises-national-park","19":"product_tag-los-haitises-national-park-entrance-fee","20":"product_tag-los-haitises-national-park-tour-from-las-terrenas","21":"product_tag-los-haitises-national-park-tour-from-santo-domingo","22":"product_tag-los-haitises-national-park-weather","23":"product_tag-los-haitises-sabana-de-la-mar","24":"product_tag-sabana-de-la-mar","25":"product_tag-sabana-de-la-mar-tour","26":"product_tag-samana-excursions","27":"product_tag-samana-tours","28":"product_tag-secrets-of-los-haitises","30":"first","31":"instock","32":"sale","33":"virtual","34":"sold-individually","35":"purchasable","36":"product-type-simple"},"_links":{"self":[{"href":"https:\/\/dominicanrepublictrips.com\/da\/wp-json\/wp\/v2\/product\/13993","targetHints":{"allow":["GET"]}}],"collection":[{"href":"https:\/\/dominicanrepublictrips.com\/da\/wp-json\/wp\/v2\/product"}],"about":[{"href":"https:\/\/dominicanrepublictrips.com\/da\/wp-json\/wp\/v2\/types\/product"}],"wp:featuredmedia":[{"embeddable":true,"href":"https:\/\/dominicanrepublictrips.com\/da\/wp-json\/wp\/v2\/media\/12903"}],"wp:attachment":[{"href":"https:\/\/dominicanrepublictrips.com\/da\/wp-json\/wp\/v2\/media?parent=13993"}],"wp:term":[{"taxonomy":"product_brand","embeddable":true,"href":"https:\/\/dominicanrepublictrips.com\/da\/wp-json\/wp\/v2\/product_brand?post=13993"},{"taxonomy":"product_cat","embeddable":true,"href":"https:\/\/dominicanrepublictrips.com\/da\/wp-json\/wp\/v2\/product_cat?post=13993"},{"taxonomy":"product_tag","embeddable":true,"href":"https:\/\/dominicanrepublictrips.com\/da\/wp-json\/wp\/v2\/product_tag?post=13993"}],"curies":[{"name":"wp","href":"https:\/\/api.w.org\/{rel}","templated":true}]}}