{"id":30553,"date":"2025-09-09T12:51:48","date_gmt":"2025-09-09T12:51:48","guid":{"rendered":"https:\/\/dominicanrepublictrips.com\/?post_type=product&#038;p=30553"},"modified":"2025-09-09T13:00:41","modified_gmt":"2025-09-09T13:00:41","slug":"samana-adventure-rincon-beach-cayo-levantado-experience","status":"publish","type":"product","link":"https:\/\/dominicanrepublictrips.com\/cs\/dominicantour\/samana-adventure-rincon-beach-cayo-levantado-experience\/","title":{"rendered":"Saman\u00e1 Adventure: Rinc\u00f3n Beach &#038; Cayo Levantado Experience"},"content":{"rendered":"<p>On this day tour from Punta Cana, you\u2019ll have the opportunity to relax on the warm white sands of Playa Rincon and take a boat to the turquoise waters of Cayo Levantado Island. You\u2019ll also get to explore the city of Samana with a guide and enjoy a traditional Dominican lunch. Come experience the beauty of Playa Rincon on this unforgettable day trip.<\/p>\n<p>Leaving from Punta Cana Zone in modern and comfortable buses, we undertake this great adventure. Our first stop is the Las Ca\u00f1itas de Miches Pier to take the boat and head to the Province of Samana.<\/p>\n<p>Already in Saman\u00e1, we will do a panoramic City Tour, to learn more about its culture, crossing the center of the City to see its Churches, Government Offices, Pueblo Pr\u00edncipe. Then we left for Playa Rincon, on a bus tour of about 30 min.<\/p>\n<div class=\"toggle-content__content toggle-content__content--expanded toggle-content__content--packable\" data-v-59485d64=\"\">\n<div data-test-id=\"activity-full-description-text\" data-v-5835c99c=\"\">Playa Rinc\u00f3n is considered the best in Saman\u00e1 and one of the most beautiful in the world. Located in the Bay of Rinc\u00f3n, and surrounded by mountains and coconut trees. With time to enjoy the Playa de Blancas Arenas and a soft breeze under the coconut trees. We also visit Ca\u00f1o Frio, which is a small river that is born from a Spring at the foot of the Mountain, where we will take a ride in an Indigenous Canoe, through the Mangrove Swamp.<\/div>\n<\/div>\n<div class=\"toggle-content__label-placeholder\" data-v-59485d64=\"\"><\/div>","protected":false},"excerpt":{"rendered":"<div data-track=\"overview\" data-v-83a2b402=\"\">\n<section id=\"activity-overview\" class=\"activity-overview\" data-component=\"overview\" data-v-83a2b402=\"\" data-v-f3236c42=\"\">\n<p class=\"activity-overview__content\" data-test-id=\"activity-overview-content\" data-v-f3236c42=\"\">Welcome to Samana, Playa Rincon and Cayo Levantado, an unforgettable journey through some of the Dominican Republic&#8217;s most stunning natural landscapes and secluded paradises.<\/p>\n<\/section>\n<\/div>\n<div data-track=\"key-details\" data-v-83a2b402=\"\"><\/div>","protected":false},"featured_media":30709,"template":"","meta":[],"product_brand":[],"product_cat":[901],"product_tag":[330,902],"class_list":{"0":"post-30553","1":"product","2":"type-product","3":"status-publish","4":"has-post-thumbnail","6":"product_cat-dominican-republic","7":"product_tag-excursion","8":"product_tag-tour","10":"first","11":"instock","12":"shipping-taxable","13":"product-type-external"},"_links":{"self":[{"href":"https:\/\/dominicanrepublictrips.com\/cs\/wp-json\/wp\/v2\/product\/30553","targetHints":{"allow":["GET"]}}],"collection":[{"href":"https:\/\/dominicanrepublictrips.com\/cs\/wp-json\/wp\/v2\/product"}],"about":[{"href":"https:\/\/dominicanrepublictrips.com\/cs\/wp-json\/wp\/v2\/types\/product"}],"wp:featuredmedia":[{"embeddable":true,"href":"https:\/\/dominicanrepublictrips.com\/cs\/wp-json\/wp\/v2\/media\/30709"}],"wp:attachment":[{"href":"https:\/\/dominicanrepublictrips.com\/cs\/wp-json\/wp\/v2\/media?parent=30553"}],"wp:term":[{"taxonomy":"product_brand","embeddable":true,"href":"https:\/\/dominicanrepublictrips.com\/cs\/wp-json\/wp\/v2\/product_brand?post=30553"},{"taxonomy":"product_cat","embeddable":true,"href":"https:\/\/dominicanrepublictrips.com\/cs\/wp-json\/wp\/v2\/product_cat?post=30553"},{"taxonomy":"product_tag","embeddable":true,"href":"https:\/\/dominicanrepublictrips.com\/cs\/wp-json\/wp\/v2\/product_tag?post=30553"}],"curies":[{"name":"wp","href":"https:\/\/api.w.org\/{rel}","templated":true}]}}