{"id":28996,"date":"2025-09-09T11:22:51","date_gmt":"2025-09-09T11:22:51","guid":{"rendered":"https:\/\/dominicanrepublictrips.com\/?post_type=product&#038;p=28996"},"modified":"2025-09-09T11:31:43","modified_gmt":"2025-09-09T11:31:43","slug":"punta-cana-thrilling-buggy-tours-on-the-beach-with-guide","status":"publish","type":"product","link":"https:\/\/dominicanrepublictrips.com\/ca\/dominicantour\/punta-cana-thrilling-buggy-tours-on-the-beach-with-guide\/","title":{"rendered":"Punta Cana Thrilling Buggy Tours on the Beach with Guide"},"content":{"rendered":"<div class=\"toggle-content__content toggle-content__content--expanded toggle-content__content--packable\" data-v-59485d64=\"\">\n<div data-test-id=\"activity-full-description-text\" data-v-5835c99c=\"\">Emb\u00e1rcate en una emocionante aventura en buggy por las hermosas playas de Punta Cana con un gu\u00eda experto. Este tour incluye el transporte desde los hoteles, excepto Cap Cana, donde se cobrar\u00e1 un suplemento de 10 d\u00f3lares adicionales. Durante esta incre\u00edble experiencia, explorar\u00e1s la exuberante jungla, visitar\u00e1s una aut\u00e9ntica plantaci\u00f3n de caf\u00e9 y cacao donde podr\u00e1s degustar estas delicias locales, y recorrer\u00e1s caminos llenos de adrenalina. Adem\u00e1s, tendr\u00e1s la oportunidad de refrescarte en una cueva de agua dulce, una experiencia \u00fanica en medio de la naturaleza. Prep\u00e1rate para un d\u00eda lleno de aventuras y paisajes impresionantes.<\/div>\n<\/div>\n<div class=\"toggle-content__label-placeholder\" data-v-59485d64=\"\"><\/div>","protected":false},"excerpt":{"rendered":"<div data-track=\"overview\" data-v-83a2b402=\"\">\n<section id=\"activity-overview\" class=\"activity-overview\" data-component=\"overview\" data-v-83a2b402=\"\" data-v-f3236c42=\"\">\n<p class=\"activity-overview__content\" data-test-id=\"activity-overview-content\" data-v-f3236c42=\"\">Disfruta de emocionantes aventuras en buggy en la playa con gu\u00eda en Punta Cana. Este tour incluye transporte desde los hoteles, excepto Cap Cana, donde se cobrar\u00e1 un suplemento de 10 d\u00f3lares extra.<\/p>\n<\/section>\n<\/div>\n<div data-track=\"key-details\" data-v-83a2b402=\"\"><\/div>","protected":false},"featured_media":29208,"template":"","meta":[],"product_brand":[],"product_cat":[901],"product_tag":[330,902],"class_list":{"0":"post-28996","1":"product","2":"type-product","3":"status-publish","4":"has-post-thumbnail","6":"product_cat-dominican-republic","7":"product_tag-excursion","8":"product_tag-tour","10":"first","11":"instock","12":"shipping-taxable","13":"product-type-external"},"_links":{"self":[{"href":"https:\/\/dominicanrepublictrips.com\/ca\/wp-json\/wp\/v2\/product\/28996","targetHints":{"allow":["GET"]}}],"collection":[{"href":"https:\/\/dominicanrepublictrips.com\/ca\/wp-json\/wp\/v2\/product"}],"about":[{"href":"https:\/\/dominicanrepublictrips.com\/ca\/wp-json\/wp\/v2\/types\/product"}],"wp:featuredmedia":[{"embeddable":true,"href":"https:\/\/dominicanrepublictrips.com\/ca\/wp-json\/wp\/v2\/media\/29208"}],"wp:attachment":[{"href":"https:\/\/dominicanrepublictrips.com\/ca\/wp-json\/wp\/v2\/media?parent=28996"}],"wp:term":[{"taxonomy":"product_brand","embeddable":true,"href":"https:\/\/dominicanrepublictrips.com\/ca\/wp-json\/wp\/v2\/product_brand?post=28996"},{"taxonomy":"product_cat","embeddable":true,"href":"https:\/\/dominicanrepublictrips.com\/ca\/wp-json\/wp\/v2\/product_cat?post=28996"},{"taxonomy":"product_tag","embeddable":true,"href":"https:\/\/dominicanrepublictrips.com\/ca\/wp-json\/wp\/v2\/product_tag?post=28996"}],"curies":[{"name":"wp","href":"https:\/\/api.w.org\/{rel}","templated":true}]}}