{"id":25618,"date":"2025-09-09T10:07:13","date_gmt":"2025-09-09T10:07:13","guid":{"rendered":"https:\/\/dominicanrepublictrips.com\/?post_type=product&#038;p=25618"},"modified":"2025-09-09T10:08:18","modified_gmt":"2025-09-09T10:08:18","slug":"punta-cana-samana-tour-with-horse-ride-cruise-and-lunch","status":"publish","type":"product","link":"https:\/\/dominicanrepublictrips.com\/bo\/dominicantour\/punta-cana-samana-tour-with-horse-ride-cruise-and-lunch\/","title":{"rendered":"Punta Cana: Saman\u00e1 Tour with Horse Ride, Cruise, and Lunch"},"content":{"rendered":"<p>Explore the Saman\u00e1 Peninsula on a day tour as you discover some of its highlights on a day tour from Punta Cana. Visit the stunning El L\u00edmon waterfall, enjoy a typical Dominican lunch, and enjoy a catamaran cruise to the stunning Cay\u00f3 Levanto.<\/p>\n<p>Start with pickup from Punta Cana, Bayahibe, or Bavaro and travel through the Miches area, passing through picturesque towns. Once in the town of La Ca\u00f1ita, take the boat to the Saman\u00e1 peninsula.<\/p>\n<p>Once there, hop onboard a safari truck that takes you deep into the mountain jungle for the horse ride to the El L\u00edmon waterfall. Enjoy a refreshing dip in its flowing cascades, surrounded by the lush jungle.<\/p>\n<p>Head back to the dock to enjoy a delicious lunch of traditional Dominican cuisine.<\/p>\n<p>Continue the adventure on a catamaran cruise to Cay\u00f3 Levanto. Enjoy 90 minutes to relax on its white sand beaches and glimmering turquoise waters. Afterward, return to La Ca\u00f1ita to catch the bus back to your accommodation.<\/p>","protected":false},"excerpt":{"rendered":"<div data-track=\"overview\" data-v-83a2b402=\"\">\n<section id=\"activity-overview\" class=\"activity-overview\" data-component=\"overview\" data-v-83a2b402=\"\" data-v-f3236c42=\"\">\n<p class=\"activity-overview__content\" data-test-id=\"activity-overview-content\" data-v-f3236c42=\"\">See whales on a catamaran cruise to Cay\u00f3 Levanto, ride a horse to the El L\u00edmon waterfall, and discover the beauty of the Saman\u00e1 Peninsula by reserving this day tour from Punta Cana. Book now and pay for the rest later.<\/p>\n<\/section>\n<\/div>\n<div data-track=\"key-details\" data-v-83a2b402=\"\"><\/div>","protected":false},"featured_media":25707,"template":"","meta":[],"product_brand":[],"product_cat":[901],"product_tag":[330,902],"class_list":{"0":"post-25618","1":"product","2":"type-product","3":"status-publish","4":"has-post-thumbnail","6":"product_cat-dominican-republic","7":"product_tag-excursion","8":"product_tag-tour","10":"first","11":"instock","12":"shipping-taxable","13":"product-type-external"},"_links":{"self":[{"href":"https:\/\/dominicanrepublictrips.com\/bo\/wp-json\/wp\/v2\/product\/25618","targetHints":{"allow":["GET"]}}],"collection":[{"href":"https:\/\/dominicanrepublictrips.com\/bo\/wp-json\/wp\/v2\/product"}],"about":[{"href":"https:\/\/dominicanrepublictrips.com\/bo\/wp-json\/wp\/v2\/types\/product"}],"wp:featuredmedia":[{"embeddable":true,"href":"https:\/\/dominicanrepublictrips.com\/bo\/wp-json\/wp\/v2\/media\/25707"}],"wp:attachment":[{"href":"https:\/\/dominicanrepublictrips.com\/bo\/wp-json\/wp\/v2\/media?parent=25618"}],"wp:term":[{"taxonomy":"product_brand","embeddable":true,"href":"https:\/\/dominicanrepublictrips.com\/bo\/wp-json\/wp\/v2\/product_brand?post=25618"},{"taxonomy":"product_cat","embeddable":true,"href":"https:\/\/dominicanrepublictrips.com\/bo\/wp-json\/wp\/v2\/product_cat?post=25618"},{"taxonomy":"product_tag","embeddable":true,"href":"https:\/\/dominicanrepublictrips.com\/bo\/wp-json\/wp\/v2\/product_tag?post=25618"}],"curies":[{"name":"wp","href":"https:\/\/api.w.org\/{rel}","templated":true}]}}