{"id":13964,"date":"2021-11-25T10:25:55","date_gmt":"2021-11-25T10:25:55","guid":{"rendered":"https:\/\/dominicanrepublictrips.com\/?post_type=product&#038;p=13964"},"modified":"2021-11-25T10:26:06","modified_gmt":"2021-11-25T10:26:06","slug":"private-boat-trip-2-hours-hiking-rain-forest-los-haitises","status":"publish","type":"product","link":"https:\/\/dominicanrepublictrips.com\/bo\/dominicantour\/private-boat-trip-2-hours-hiking-rain-forest-los-haitises\/","title":{"rendered":"Private Boat Trip &#038;  2 Hours Hiking Rain Forest Los Haitises"},"content":{"rendered":"<div class=\"vc_row wpb_row vc_row-fluid\" ><div class=\"wpb_column vc_column_container vc_col-sm-12\"><div class=\"vc_column-inner\"><div class=\"wpb_wrapper\"><div class=\"mkdf-section-title-holder\" style=\"text-align: left\">\n\t<div class=\"mkdf-st-inner\">\n\t\t\t\t\t<h5 class=\"mkdf-st-subtitle\" >\n\t\t\t\tHumid Forest + Normal Trip to Caves\t\t\t<\/h5>\n\t\t\t\t\t\t\t<h3 class=\"mkdf-st-title\" >\n\t\t\t\tLos Haitises National Park- From Sabana de la Mar + Hiking 2 Hours\t\t\t<\/h3>\n\t\t\t\t\t<\/div>\n<\/div><\/div><\/div><\/div><\/div><div class=\"vc_row wpb_row vc_row-fluid\" ><div class=\"wpb_column vc_column_container vc_col-sm-12\"><div class=\"vc_column-inner\"><div class=\"wpb_wrapper\">\n\t<div class=\"wpb_text_column wpb_content_element\" >\n\t\t<div class=\"wpb_wrapper\">\n\t\t\t<h4><b><i><span style=\"vertical-align: inherit;\"><span style=\"vertical-align: inherit;\">Visi\u00f3n general <\/span><\/span><\/i><\/b><\/h4>\n<p>Enjoy a Hiking for two hours by the forest of\u00a0 The Haitises National park. Learn about medical plants and visit locals places.\u00a0 After visiting <strong>Los Haitises National Park<\/strong> from <strong>Sabana de la Mar<\/strong> or <strong>Ca\u00f1o Hondo Hotels<\/strong> with Locals.<\/p>\n<p>We will do the hiking after the boat trip. A Private normal trip to Los Haitises National Park.\u00a0 Come with us and visit the most beautiful national park of Dominican Republic, Visiting Mangroves, 3 Caves and San Lorenzo Bay. This experience can start from the Sabana de la Mar community learning about this history of Sabana de la Mar.<\/p>\n<ul>\n<li>Hiking 2 Hours on the Forest<\/li>\n<li>Sabana de la Mar History<\/li>\n<li style=\"font-weight: 400;\">Fees included<\/li>\n<li style=\"font-weight: 400;\"><span style=\"font-weight: 400;\">The guide provides instruction and Supervision<\/span><\/li>\n<li>Lunch is Not included for Lunch at Cano Hondo Pick this tour: <a href=\"https:\/\/www.ticketswhales.com\/tour\/los-haitises-national-park-lunch-at-cano-hondo-from-sabana-de-la-mar\/\" target=\"_blank\" rel=\"noopener\">Los Haitises Plus Cano Hondo.<\/a><\/li>\n<\/ul>\n<p>&nbsp;<\/p>\n<h4><b>Inclusions &amp; Exclusions<\/b><\/h4>\n<p>&nbsp;<\/p>\n<p><b>Inclusions<\/b><\/p>\n<ol>\n<li style=\"font-weight: 400;\">Los Haitises Tour + Caves and Pictographs<\/li>\n<li style=\"font-weight: 400;\"><span style=\"font-weight: 400;\">All taxes, fees and handling charges<\/span><\/li>\n<li style=\"font-weight: 400;\"><span style=\"font-weight: 400;\">Local taxes<\/span><\/li>\n<li style=\"font-weight: 400;\"><span style=\"font-weight: 400;\">All activities<\/span><\/li>\n<li style=\"font-weight: 400;\"><span style=\"font-weight: 400;\">Local guide<\/span><\/li>\n<\/ol>\n<p><b> Exclusions<\/b><\/p>\n<ol>\n<li style=\"font-weight: 400;\"><span style=\"font-weight: 400;\">Gratuities<\/span><\/li>\n<li>Lunch is Not included for Lunch at Cano Hondo Pick this tour: <a href=\"https:\/\/www.ticketswhales.com\/tour\/los-haitises-national-park-lunch-at-cano-hondo-from-sabana-de-la-mar\/\" target=\"_blank\" rel=\"noopener\">Los Haitises Plus Cano Hondo.<\/a><\/li>\n<li style=\"font-weight: 400;\"><span style=\"font-weight: 400;\">Transfer<\/span><\/li>\n<li style=\"font-weight: 400;\"><span style=\"font-weight: 400;\">Alcoholic Drinks<\/span><\/li>\n<\/ol>\n<p>&nbsp;<\/p>\n<h4><em><strong>Departure &amp; Return<\/strong><\/em><\/h4>\n<p><span style=\"font-weight: 400;\">The traveler will get a meeting point after the Reservation Process. Tours start and Finished in our meeting points.<\/span><\/p>\n<p>&nbsp;<\/p>\n<h4><b><i>What To Expect?<\/i><\/b><\/h4>\n<p>&nbsp;<\/p>\n<p><em><strong>Get your tickets<\/strong><\/em> for visiting Los Haitises National Park with Caves, Mangroves and San Lorenzo Bay after a hiking two hours by the humid forest of Los Haitises National Park.<\/p>\n<p><strong>Los Haitises National Park<\/strong> from <strong>Sabana de la Mar<\/strong> or <strong>Ca\u00d1o Hondo Hotels<\/strong> with Locals. The Trip starts in the Main Port of\u00a0 The Haitises National Park. This trip starts at 10:00 am with a Local Tour Guide that knows the original History about the gorgeous National Park.<\/p>\n<p>After we start from the Main port of Los Haitises National Park name Ca\u00f1o Hondo ( Deep Creek) on a BOAT with Life jackets. We will enjoy the Red Mangroves forest until arrive in San Lorenzo Bay. Small bay into Saman\u00e1 Bay. And here we go! The first amazing thing that you can see is the Huge collection of limestones mountain island called Mogotes. on top of them more than 700 species of Plants and many wetlands birds flying around. Later Visiting Caves with pictographs from our indigenous communities 750 years ago.<\/p>\n<p>Through the mangroves and Land at the open San Lorenzo Bay, from where you can photograph the rugged forest landscape. Look to the water to spot <em><strong>Manatees<\/strong><\/em>, crustaceans, and <em><strong>dolphins.<\/strong><\/em><\/p>\n<div class=\"body-description secondary\">\n<p>The national park\u2019s name comes from its original inhabitants, the Taino Indians. In their language \u201cHaitises\u201d translates to highlands or Hills, a reference to the coastline\u2019s steep geological formations with Limestones. Aventure deeper into the park to explore caves such as the <em><strong>Cueva de la Arena<\/strong><\/em> and <strong><em>Cueva de la L\u00ednea.<\/em><\/strong> Caves in the reserve were used as shelter by the Taino Indians and, later, by hiding pirates. Look for drawings by Indians that decorate some of the walls. After visiting Los Haitises National Park we will go to the Humid forest for hiking 2 hours and getting back to the spot where our trip started.<\/p>\n<\/div>\n<p>&nbsp;<\/p>\n<h4><em><strong>What you should bring?<\/strong><\/em><\/h4>\n<ul>\n<li style=\"font-weight: 400;\"><span style=\"font-weight: 400;\">Camera<\/span><\/li>\n<li style=\"font-weight: 400;\"><span style=\"font-weight: 400;\">Repellent buds<\/span><\/li>\n<li style=\"font-weight: 400;\"><span style=\"font-weight: 400;\">suncream<\/span><\/li>\n<li style=\"font-weight: 400;\"><span style=\"font-weight: 400;\">Hat<\/span><\/li>\n<li style=\"font-weight: 400;\"><span style=\"font-weight: 400;\">Comfortable pants<\/span><\/li>\n<li style=\"font-weight: 400;\"><span style=\"font-weight: 400;\">Hiking shoes for forest<\/span><\/li>\n<li style=\"font-weight: 400;\"><span style=\"font-weight: 400;\">Sandals to the Spring areas.<\/span><\/li>\n<li style=\"font-weight: 400;\"><span style=\"font-weight: 400;\">Swimming wear<\/span><\/li>\n<\/ul>\n<p>&nbsp;<\/p>\n<h4><b><i>Hotel Pickup <\/i><\/b><\/h4>\n<p><span style=\"font-weight: 400;\">Hotel pick-up is offered if you are in <a href=\"https:\/\/www.ticketswhales.com\/tour\/los-haitises-national-park-lunch-at-cano-hondo-from-sabana-de-la-mar\/\" target=\"_blank\" rel=\"noopener\">Paraiso Cano Hondo<\/a> or <a href=\"https:\/\/www.ticketswhales.com\/tour\/los-haitises-national-park-lunch-at-cano-hondo-from-sabana-de-la-mar\/\" target=\"_blank\" rel=\"noopener\">Altos Cano Hondo Hotel<\/a>. Our Meeting point is 5 min hiking from those hotels.<\/span><\/p>\n<p>&nbsp;<\/p>\n<p><b>Note:<\/b><span style=\"font-weight: 400;\"> if you are booking within 24 hours of the tour\/Excursion departure time, we can arrangements hotel pick-up with extra Charges if you are not in Cano Hondo hotels. Once your purchase is complete, we will send you complete contact information (phone number, email address, etc.) for our local Tour guide to organize pick-up arrangements.<\/span><\/p>\n<h4><b><i>Additional Info Confirmation <\/i><\/b><\/h4>\n<ol>\n<li>Tickets are the Receipt after paying this Tour. You can show the payment on your phone.<\/li>\n<li style=\"font-weight: 400;\"><span style=\"font-weight: 400;\">Meeting Point Will be received After the Reservation Process.<\/span><\/li>\n<li style=\"font-weight: 400;\"><span style=\"font-weight: 400;\">Children must be accompanied by an adult.<\/span><\/li>\n<li style=\"font-weight: 400;\"><span style=\"font-weight: 400;\"> Not wheelchair accessible <\/span><\/li>\n<li style=\"font-weight: 400;\"><span style=\"font-weight: 400;\">Infants must sit on laps <\/span><\/li>\n<li style=\"font-weight: 400;\"><span style=\"font-weight: 400;\">Not recommended for travelers with back problems<\/span><\/li>\n<li style=\"font-weight: 400;\"><span style=\"font-weight: 400;\">Not recommended for pregnant travelers <\/span><\/li>\n<li style=\"font-weight: 400;\"><span style=\"font-weight: 400;\"> No heart problems or other serious medical conditions <\/span><\/li>\n<li style=\"font-weight: 400;\"><span style=\"font-weight: 400;\">Most travelers can participate<\/span><\/li>\n<\/ol>\n<h4><b><i>Cancellation Policy<\/i><\/b><\/h4>\n<p><span style=\"font-weight: 400;\">For a full refund, cancel at least 24 hours in advance of the start date of the experience.<\/span><\/p>\n\n\t\t<\/div>\n\t<\/div>\n<\/div><\/div><\/div><\/div><div class=\"vc_row wpb_row vc_row-fluid\" ><div class=\"wpb_column vc_column_container vc_col-sm-12\"><div class=\"vc_column-inner\"><div class=\"wpb_wrapper\"><div class=\"vc_empty_space\"   style=\"height: 32px\"><span class=\"vc_empty_space_inner\"><\/span><\/div>\n\t<div class=\"wpb_video_widget wpb_content_element vc_clearfix   vc_video-aspect-ratio-169 vc_video-el-width-100 vc_video-align-left\" >\n\t\t<div class=\"wpb_wrapper\">\n\t\t\t\n\t\t\t<div class=\"wpb_video_wrapper\"><iframe loading=\"lazy\" title=\"Los Haitises National Park, Tours &amp;amp; Excursion From Samana or Sabana de la Mar. Book Here:\" src=\"https:\/\/player.vimeo.com\/video\/346508015?h=6e684a1c21&amp;dnt=1&amp;app_id=122963\" width=\"1100\" height=\"619\" frameborder=\"0\" allow=\"autoplay; fullscreen; picture-in-picture\" allowfullscreen><\/iframe><\/div>\n\t\t<\/div>\n\t<\/div>\n<\/div><\/div><\/div><\/div><div class=\"vc_row wpb_row vc_row-fluid\" ><div class=\"wpb_column vc_column_container vc_col-sm-12\"><div class=\"vc_column-inner\"><div class=\"wpb_wrapper\"><div class=\"vc_empty_space\"   style=\"height: 32px\"><span class=\"vc_empty_space_inner\"><\/span><\/div>\n\t<div class=\"wpb_text_column wpb_content_element\" >\n\t\t<div class=\"wpb_wrapper\">\n\t\t\t<h4>Contact us?<\/h4>\n<h5>Booking Adventures<\/h5>\n<p><em><strong>Locals<\/strong>\u00a0and\u00a0<strong>Nationals<\/strong>\u00a0Tour Guides &amp; Guest Services<\/em><\/p>\n<p><span class=\"text-turquoise\">Reservations:<\/span>\u00a0Tours &amp; Excursions in Dom. Rep.<\/p>\n<p><img decoding=\"async\" class=\"emoji\" draggable=\"false\" src=\"https:\/\/s.w.org\/images\/core\/emoji\/11.2.0\/svg\/1f4de.svg\" alt=\"\ud83d\udcde\" \/>\u00a0Tel \/ Whatsapp\u00a0\u00a0<a href=\"tel:+1-809-720-6035\">+1-809-720-6035<\/a>.<\/p>\n<p><img decoding=\"async\" class=\"emoji\" draggable=\"false\" src=\"https:\/\/s.w.org\/images\/core\/emoji\/11.2.0\/svg\/1f4e9.svg\" alt=\"\ud83d\udce9\" \/>\u00a0<a href=\"mailto:info@dominicanrepublictrips.com\">info@dominicanrepublictrips.com<\/a><\/p>\n<p><strong>We are Flexible Setting Private Tours by Whatsapp:\u00a0<a href=\"tel:+18097206035\">+18097206035.<\/a><\/strong><\/p>\n\n\t\t<\/div>\n\t<\/div>\n<div class=\"vc_empty_space\"   style=\"height: 32px\"><span class=\"vc_empty_space_inner\"><\/span><\/div><\/div><\/div><\/div><\/div>","protected":false},"excerpt":{"rendered":"<p><span style=\"vertical-align: inherit;\"><span style=\"vertical-align: inherit;\">\u00a1Y aqu\u00ed vamos! <\/span><span style=\"vertical-align: inherit;\">Lo primero que puedes ver es la enorme colecci\u00f3n de isla monta\u00f1osa de piedra caliza llamada Mogotes. <\/span><span style=\"vertical-align: inherit;\">encima de ellos m\u00e1s de 700 especies de plantas y muchas aves de los humedales que vuelan alrededor. <\/span><span style=\"vertical-align: inherit;\">Posteriormente Visitando Cuevas con pictograf\u00edas de nuestras comunidades ind\u00edgenas hace 750 a\u00f1os.<\/span><\/span><\/p>\n<p><span style=\"vertical-align: inherit;\"><span style=\"vertical-align: inherit;\">Adem\u00e1s, este viaje muestra que son los lugares m\u00e1s importantes para visitar en el Parque Nacional Haitises. <\/span><span style=\"vertical-align: inherit;\">Las dos cuevas m\u00e1s visitadas son Line Cave y Sand Cave. <\/span><span style=\"vertical-align: inherit;\">Luego de unas horas visitando este hermoso Parque Nacional con rumbo al bosque h\u00famedo del Parque Nacional Los Haitises, luego de 2 horas de caminata, regresamos al lugar desde donde comenzamos nuestra excursi\u00f3n. <\/span><span style=\"vertical-align: inherit;\">Obtenga sus boletos aqu\u00ed y mu\u00e9vase con los lugare\u00f1os que conocen la historia del Parque Nacional Haitises.<\/span><\/span><\/p>\n<p>&nbsp;<\/p>\n<p><strong><span style=\"vertical-align: inherit;\"><span style=\"vertical-align: inherit;\">Seleccione la fecha para el tour\u00a0<\/span><\/span><\/strong><\/p>","protected":false},"featured_media":12929,"template":"","meta":[],"product_brand":[],"product_cat":[738,739,751,322,323],"product_tag":[381,324,325,329,330,303,424,332,333,413,425,336,426,348,313,427],"class_list":{"0":"post-13964","1":"product","2":"type-product","3":"status-publish","4":"has-post-thumbnail","6":"product_cat-1-sabana-de-la-mar","7":"product_cat-boat-trip-los-haitises","8":"product_cat-hiking-los-haitises","9":"product_cat-tours-excursions-los-haitises-national-park","10":"product_cat-tours-excursions-samana-bay-dominican-republic","11":"product_tag-birding-in-los-haitises","12":"product_tag-boat-tour","13":"product_tag-cano-hondo","14":"product_tag-eco-tours","15":"product_tag-excursion","16":"product_tag-hiking","17":"product_tag-hiking-los-haitises","18":"product_tag-locals-guides","19":"product_tag-los-haitises","20":"product_tag-los-haitises-excursions","21":"product_tag-los-haitises-from-samana","22":"product_tag-los-haitises-national-park-tour","23":"product_tag-los-haitises-sabana-de-la-mar","24":"product_tag-mangroves-los-haitises","25":"product_tag-sabana-de-la-mar","26":"product_tag-trails","28":"first","29":"instock","30":"sale","31":"virtual","32":"sold-individually","33":"purchasable","34":"product-type-simple"},"_links":{"self":[{"href":"https:\/\/dominicanrepublictrips.com\/bo\/wp-json\/wp\/v2\/product\/13964","targetHints":{"allow":["GET"]}}],"collection":[{"href":"https:\/\/dominicanrepublictrips.com\/bo\/wp-json\/wp\/v2\/product"}],"about":[{"href":"https:\/\/dominicanrepublictrips.com\/bo\/wp-json\/wp\/v2\/types\/product"}],"wp:featuredmedia":[{"embeddable":true,"href":"https:\/\/dominicanrepublictrips.com\/bo\/wp-json\/wp\/v2\/media\/12929"}],"wp:attachment":[{"href":"https:\/\/dominicanrepublictrips.com\/bo\/wp-json\/wp\/v2\/media?parent=13964"}],"wp:term":[{"taxonomy":"product_brand","embeddable":true,"href":"https:\/\/dominicanrepublictrips.com\/bo\/wp-json\/wp\/v2\/product_brand?post=13964"},{"taxonomy":"product_cat","embeddable":true,"href":"https:\/\/dominicanrepublictrips.com\/bo\/wp-json\/wp\/v2\/product_cat?post=13964"},{"taxonomy":"product_tag","embeddable":true,"href":"https:\/\/dominicanrepublictrips.com\/bo\/wp-json\/wp\/v2\/product_tag?post=13964"}],"curies":[{"name":"wp","href":"https:\/\/api.w.org\/{rel}","templated":true}]}}