{"id":32473,"date":"2025-09-09T14:25:47","date_gmt":"2025-09-09T14:25:47","guid":{"rendered":"https:\/\/dominicanrepublictrips.com\/?post_type=product&#038;p=32473"},"modified":"2025-09-09T14:29:22","modified_gmt":"2025-09-09T14:29:22","slug":"samana-walking-city-tour-with-moto-safari","status":"publish","type":"product","link":"https:\/\/dominicanrepublictrips.com\/bg\/dominicantour\/samana-walking-city-tour-with-moto-safari\/","title":{"rendered":"Samana: Walking City Tour With Moto Safari"},"content":{"rendered":"<h2><span style=\"font-weight: 400;\">Samana: Walking City Tour With Moto Safari\u00a0<\/span><\/h2>\n<p><b>\u041f\u0440\u0435\u0433\u043b\u0435\u0434<\/b><span style=\"font-weight: 400;\">\u00a0<\/span><\/p>\n<p><span style=\"font-weight: 400;\">Experience the City Tour in the capital of Samana by motor safari, where you will engage with local life and create lasting memories with its residents. Officially known as Santa B\u00e1rbara de Saman\u00e1, this city, established in 1756, offers an opportunity to explore a quaint local market, visit two distinct churches, and enjoy some shopping.<\/span><\/p>\n<p><span style=\"font-weight: 400;\">We will delve into the history and share insights about the culture of the Dominican Republic. Strolling along the picturesque &#8220;Avenida la Marina,&#8221; we&#8217;ll encounter &#8220;Pueblo Pr\u00edncipe,&#8221; a charming shopping center designed to resemble a vibrant Caribbean village.<\/span><\/p>\n<p><span style=\"font-weight: 400;\">A leisurely walk along the seaside promenade known as &#8220;Malec\u00f3n&#8221; will provide a view of the iconic iron bridge that connects the bay&#8217;s islets to the Saman\u00e1 promontory. Built in the 1970s, this pedestrian bridge has become a symbol of the city. Our excursion will continue through the center as we explore the governmental buildings.<\/span><\/p>\n<p><span style=\"font-weight: 400;\">Today, Saman\u00e1\u2013often abbreviated to refer to the entire peninsula\u2013is well connected by land and air, yet it remains the DR\u2019s secluded, paradisiacal escape of wild beaches, coconut plantations, and rainforests. Its rolling mountains and valleys form the crystalline rivers that feed into the Atlantic, as they cascade toward brilliant white sand beaches stretching hundreds of kilometers all around the peninsula\u2019s rocky coastline.\u00a0<\/span><\/p>\n<p><b>\u0412\u043a\u043b\u044e\u0447\u0432\u0430\u043d\u0438\u044f<\/b><\/p>\n<p><span style=\"font-weight: 400;\">\u0412\u0441\u0438\u0447\u043a\u0438 \u0434\u0430\u043d\u044a\u0446\u0438, \u0442\u0430\u043a\u0441\u0438 \u0438 \u0442\u0430\u043a\u0441\u0438 \u0437\u0430 \u043e\u0431\u0440\u0430\u0431\u043e\u0442\u043a\u0430<\/span><\/p>\n<p><span style=\"font-weight: 400;\">\u041c\u0435\u0441\u0442\u043d\u0438 \u0434\u0430\u043d\u044a\u0446\u0438<\/span><\/p>\n<p><span style=\"font-weight: 400;\">Official Ecologist tour guides English\/Spanish<\/span><\/p>\n<p><span style=\"font-weight: 400;\">Local Lunch<\/span><\/p>\n<p><span style=\"font-weight: 400;\">Walking City Tour<\/span><\/p>\n<p><span style=\"font-weight: 400;\">Moto Safari\u00a0<\/span><\/p>\n<p><b>\u0418\u0437\u043a\u043b\u044e\u0447\u0435\u043d\u0438\u044f<\/b><\/p>\n<p><span style=\"font-weight: 400;\">\u0411\u0435\u0437\u0432\u044a\u0437\u043c\u0435\u0437\u0434\u043d\u0438 \u0443\u0441\u043b\u0443\u0433\u0438<\/span><\/p>\n<p><span style=\"font-weight: 400;\">\u041d\u0430\u043f\u0438\u0442\u043a\u0438<\/span><\/p>\n<p><b>\u041e\u0442\u043f\u044a\u0442\u0443\u0432\u0430\u043d\u0435 \u0438 \u0432\u0440\u044a\u0449\u0430\u043d\u0435<\/b><\/p>\n<p><span style=\"font-weight: 400;\">The tour, organized by \u201cBooking Adventures,\u201d starts at the meeting point set with the Tour Guide. The traveler will get a meeting point after the Reservation Process. Tours start and Finish in our meeting points.<\/span><\/p>\n<p><b>\u041a\u0430\u043a\u0432\u043e \u0434\u0430 \u043e\u0447\u0430\u043a\u0432\u0430\u0442\u0435?<\/b><\/p>\n<p><span style=\"font-weight: 400;\">Get your ticket for Samana: Walking City Tour With Moto Safari this experience will allow you to see most of the biodiversity of the island.\u00a0<\/span><\/p>\n<h1><b>Schedule<\/b><b>\u00a0<\/b><\/h1>\n<p><b>Santa Barbara de Samana, Walking City Tour With Moto Safari\u00a0<\/b><\/p>\n<p><span style=\"font-weight: 400;\">Prepare for an early morning as we head to our meeting point in Santa Barbara de Saman\u00e1, which may take about an hour depending on your location. Upon your arrival, our local expert will provide you with the day&#8217;s schedule, serve some coffee or natural juice, and give you access to the restroom as we prepare for our walking city tour.<\/span><\/p>\n<p><span style=\"font-weight: 400;\">Our first stop will be the Santa Barbara City Hall, where we will meet some of the staff before continuing to La Chorcha. This temple, an architectural marvel built in 1901 and shipped from England to Saman\u00e1, symbolizes freedom for the Afro-descendants who arrived from the United States. They constructed it and built a communal life around this church, showcasing the beauty of interculturality.<\/span><\/p>\n<p><span style=\"font-weight: 400;\">Next, we will visit the local market, where you&#8217;ll have the chance to taste some local fruits and meet the vendors selling organic products like coconut oil and chocolate, all while enjoying the stunning views of the bay. Afterward, we will stop at El Pueblito, a vibrant area featuring colorful architecture designed as a plaza with restaurants, banks, and public offices. Here, you&#8217;ll have time to take photos before we proceed to the Whale Museum and Los Puentes of Saman\u00e1.<\/span><\/p>\n<p><span style=\"font-weight: 400;\">The small museum dedicated to humpback whales plays a crucial role in local education and attracts many visitors during whale season. We will learn interesting facts about these magnificent creatures before heading to Los Puentes.<\/span><\/p>\n<p><span style=\"font-weight: 400;\">Located in the bay and accessed via the Malec\u00f3n that lines Santa B\u00e1rbara de Saman\u00e1, the Saman\u00e1 Bridges connect to the islands of Linares and Vig\u00eda.<\/span><\/p>\n<p><span style=\"font-weight: 400;\">Once we return to town, a fresh lunch will be waiting for you, typically consisting of fish, chicken, white rice, green salad, and pasta, with options for water or soda.<\/span><\/p>\n<p><span style=\"font-weight: 400;\">To conclude the day, we\u2019ll take you to a local bakery to sample traditional bread from the Saman\u00e1 province.<\/span><\/p>\n<p><span style=\"font-weight: 400;\">End Time: 3:00 PM<\/span><\/p>\n<p><span style=\"font-weight: 400;\">Itinerary days and activities are subject to change without notice due to unforeseen circumstances or events. See full terms and conditions for more information.<\/span><\/p>\n<p>&nbsp;<\/p>","protected":false},"excerpt":{"rendered":"<p>Samana: Walking City Tour With Moto Safari\u00a0 Overview\u00a0 Experience the City Tour in the capital of Samana by motor safari, where you will engage with local life and create lasting memories with its residents. Officially known as Santa B\u00e1rbara de [&hellip;]<\/p>","protected":false},"featured_media":32516,"template":"","meta":[],"product_brand":[],"product_cat":[918,914,919],"product_tag":[344,920,921],"class_list":{"0":"post-32473","1":"product","2":"type-product","3":"status-publish","4":"has-post-thumbnail","6":"product_cat-city-tour","7":"product_cat-samana","8":"product_cat-walking-tour","9":"product_tag-samana","10":"product_tag-samana-city-tour","11":"product_tag-samana-walking-tour","13":"first","14":"instock","15":"sale","16":"shipping-taxable","17":"product-type-external"},"_links":{"self":[{"href":"https:\/\/dominicanrepublictrips.com\/bg\/wp-json\/wp\/v2\/product\/32473","targetHints":{"allow":["GET"]}}],"collection":[{"href":"https:\/\/dominicanrepublictrips.com\/bg\/wp-json\/wp\/v2\/product"}],"about":[{"href":"https:\/\/dominicanrepublictrips.com\/bg\/wp-json\/wp\/v2\/types\/product"}],"wp:featuredmedia":[{"embeddable":true,"href":"https:\/\/dominicanrepublictrips.com\/bg\/wp-json\/wp\/v2\/media\/32516"}],"wp:attachment":[{"href":"https:\/\/dominicanrepublictrips.com\/bg\/wp-json\/wp\/v2\/media?parent=32473"}],"wp:term":[{"taxonomy":"product_brand","embeddable":true,"href":"https:\/\/dominicanrepublictrips.com\/bg\/wp-json\/wp\/v2\/product_brand?post=32473"},{"taxonomy":"product_cat","embeddable":true,"href":"https:\/\/dominicanrepublictrips.com\/bg\/wp-json\/wp\/v2\/product_cat?post=32473"},{"taxonomy":"product_tag","embeddable":true,"href":"https:\/\/dominicanrepublictrips.com\/bg\/wp-json\/wp\/v2\/product_tag?post=32473"}],"curies":[{"name":"wp","href":"https:\/\/api.w.org\/{rel}","templated":true}]}}