{"id":13991,"date":"2021-11-25T10:26:14","date_gmt":"2021-11-25T10:26:14","guid":{"rendered":"https:\/\/dominicanrepublictrips.com\/?post_type=product&#038;p=13991"},"modified":"2021-11-25T10:26:22","modified_gmt":"2021-11-25T10:26:22","slug":"bahia-de-las-aguilas-beach-day-trip-by-boat-day-pass-snorkeling-lunch","status":"publish","type":"product","link":"https:\/\/dominicanrepublictrips.com\/bg\/dominicantour\/bahia-de-las-aguilas-beach-day-trip-by-boat-day-pass-snorkeling-lunch\/","title":{"rendered":"\u0411\u0430\u0438\u044f \u0434\u0435 \u043b\u0430\u0441 \u0410\u0433\u0438\u043b\u0430\u0441: \u0435\u0434\u043d\u043e\u0434\u043d\u0435\u0432\u043d\u0430 \u0435\u043a\u0441\u043a\u0443\u0440\u0437\u0438\u044f \u0434\u043e \u043f\u043b\u0430\u0436\u0430 \u0441 \u043b\u043e\u0434\u043a\u0430 - \u0434\u043d\u0435\u0432\u0435\u043d \u043f\u0440\u043e\u043f\u0443\u0441\u043a - \u0433\u043c\u0443\u0440\u043a\u0430\u043d\u0435 \u0441 \u0448\u043d\u043e\u0440\u0445\u0435\u043b \u0438 \u043e\u0431\u044f\u0434"},"content":{"rendered":"<div class=\"vc_row wpb_row vc_row-fluid\" ><div class=\"wpb_column vc_column_container vc_col-sm-12\"><div class=\"vc_column-inner\"><div class=\"wpb_wrapper\"><div class=\"mkdf-section-title-holder\" style=\"text-align: left\">\n\t<div class=\"mkdf-st-inner\">\n\t\t\t\t\t<h5 class=\"mkdf-st-subtitle\" >\n\t\t\t\t\u0414\u043d\u0435\u0432\u0435\u043d \u043f\u0440\u043e\u043f\u0443\u0441\u043a - \u0433\u043c\u0443\u0440\u043a\u0430\u043d\u0435 \u0441 \u0448\u043d\u043e\u0440\u0445\u0435\u043b \u0438 \u043e\u0431\u044f\u0434\t\t\t<\/h5>\n\t\t\t\t\t\t\t<h3 class=\"mkdf-st-title\" >\n\t\t\t\t\u0411\u0430\u0438\u044f \u0434\u0435 \u043b\u0430\u0441 \u0410\u0433\u0438\u043b\u0430\u0441: \u0435\u0434\u043d\u043e\u0434\u043d\u0435\u0432\u043d\u0430 \u0435\u043a\u0441\u043a\u0443\u0440\u0437\u0438\u044f \u0441 \u043b\u043e\u0434\u043a\u0430 \u0434\u043e \u043f\u043b\u0430\u0436\u0430\t\t\t<\/h3>\n\t\t\t\t\t<\/div>\n<\/div><\/div><\/div><\/div><\/div><div class=\"vc_row wpb_row vc_row-fluid\" ><\/div><div class=\"wpb_column vc_column_container vc_col-sm-12\"><div class=\"vc_column-inner\"><div class=\"wpb_wrapper\"><\/div><\/div><\/div>\n\t<div class=\"wpb_text_column wpb_content_element\" >\n\t\t<div class=\"wpb_wrapper\">\n\t\t\t\n\t\t<\/div>\n\t<\/div>\n<h4><b><i>\u041f\u0440\u0435\u0433\u043b\u0435\u0434<\/i><\/b><\/h4>\n<p>\u041d\u0430\u0441\u043b\u0430\u0434\u0435\u0442\u0435 \u0441\u0435 \u043d\u0430 \u0435\u0434\u0438\u043d \u0434\u0435\u043d \u043d\u0430 \u043f\u043b\u0430\u0436\u0430 \u0438 \u0434\u0430\u0439\u0442\u0435 \u0432\u043e\u043b\u044f \u043d\u0430 \u0434\u0443\u0445\u0430 \u0441\u0438, \u0434\u0430\u043b\u0435\u0447 \u043e\u0442 \u0442\u0443\u0440\u0438\u0441\u0442\u0438\u0447\u0435\u0441\u043a\u0438\u0442\u0435 \u0440\u0430\u0439\u043e\u043d\u0438 \u0438 \u0446\u0435\u043b\u0438\u044f \u0441\u0442\u0440\u0435\u0441. \u0415\u043b\u0430\u0442\u0435 \u0438 \u043e\u0442\u043a\u0440\u0438\u0439\u0442\u0435 \u043d\u0430\u0446\u0438\u043e\u043d\u0430\u043b\u043d\u0438\u044f \u043f\u0430\u0440\u043a \u042f\u0440\u0430\u0433\u0443\u0430 \u0438 \u0411\u0430\u0438\u044f \u0434\u0435 \u043b\u0430\u0441 \u0410\u0433\u0438\u043b\u0430\u0441. \u041f\u044a\u0442\u0443\u0432\u0430\u0439\u0442\u0435 \u043f\u043e \u043a\u0440\u0430\u0441\u0438\u0432 \u043f\u044a\u0442 \u0441\u044a\u0441 \u0441\u043f\u0438\u0440\u0430\u0449\u0438 \u0434\u044a\u0445\u0430 \u0433\u043b\u0435\u0434\u043a\u0438 \u043a\u044a\u043c \u043c\u0430\u043b\u043a\u043e\u0442\u043e \u043f\u0440\u0438\u0441\u0442\u0430\u043d\u0438\u0449\u0435 \u0438 \u0440\u0438\u0431\u0430\u0440\u0441\u043a\u043e\u0442\u043e \u0441\u0435\u043b\u0438\u0449\u0435 \u041a\u0430\u0431\u043e \u0420\u043e\u0445\u043e. \u0412 \u041b\u0430\u0441 \u041a\u0443\u0435\u0432\u0430\u0441 \u0441\u0435 \u043a\u0430\u0447\u0432\u0430\u0442\u0435 \u043d\u0430 \u043b\u043e\u0434\u043a\u0430, \u043a\u043e\u044f\u0442\u043e \u0432\u0438 \u043e\u0442\u0432\u0435\u0436\u0434\u0430 \u043d\u0430 15-\u043c\u0438\u043d\u0443\u0442\u043d\u043e \u043f\u044a\u0442\u0443\u0432\u0430\u043d\u0435 \u0434\u043e \u0435\u0434\u0438\u043d \u043e\u0442 \u043d\u0430\u0439-\u043a\u0440\u0430\u0441\u0438\u0432\u0438\u0442\u0435 \u0435\u0441\u0442\u0435\u0441\u0442\u0432\u0435\u043d\u0438 \u043f\u043b\u0430\u0436\u043e\u0432\u0435 \u0432 \u0441\u0432\u0435\u0442\u0430. \u041f\u044f\u0441\u044a\u043a\u044a\u0442 \u043d\u0430 \u0411\u0430\u0438\u044f \u0434\u0435 \u043b\u0430\u0441 \u0410\u0433\u0438\u043b\u0430\u0441 \u0435 \u0434\u0435\u0432\u0441\u0442\u0432\u0435\u043d, \u0430 \u0437\u0430\u043b\u0438\u0432\u044a\u0442 \u043e\u0431\u0445\u0432\u0430\u0449\u0430 8 \u043a\u043c. \u041d\u0430\u0441\u043b\u0430\u0434\u0435\u0442\u0435 \u0441\u0435 \u043d\u0430 \u0438\u0437\u043a\u043b\u044e\u0447\u0438\u0442\u0435\u043b\u0435\u043d \u043a\u0440\u0430\u0439\u0431\u0440\u0435\u0436\u0435\u043d \u043f\u0435\u0439\u0437\u0430\u0436 \u0441 \u043a\u0440\u0438\u0441\u0442\u0430\u043b\u043d\u043e \u0447\u0438\u0441\u0442\u0430 \u0432\u043e\u0434\u0430, \u0431\u043b\u0435\u0441\u0442\u044f\u0449\u0430 \u0432 \u043d\u044e\u0430\u043d\u0441\u0438, \u0434\u043e\u0441\u0442\u0438\u0433\u0430\u0449\u0438 \u043e\u0442 \u0442\u044e\u0440\u043a\u043e\u0430\u0437\u0435\u043d\u043e \u0434\u043e \u043e\u043f\u0430\u043b\u043e\u0432\u043e \u0441\u0438\u043d\u044c\u043e, \u043a\u043e\u0435\u0442\u043e \u0441\u0435 \u0441\u043b\u0438\u0432\u0430 \u0441 \u0445\u043e\u0440\u0438\u0437\u043e\u043d\u0442\u0430. \u041e\u0431\u044f\u0434\u044a\u0442 \u0441\u0435 \u0441\u0435\u0440\u0432\u0438\u0440\u0430 \u043d\u0430 \u043f\u043b\u0430\u0436\u0430, \u043f\u043b\u0443\u0432\u0430\u0439\u0442\u0435 \u0438\u043b\u0438 \u0441\u0435 \u0433\u043c\u0443\u0440\u043a\u0430\u0439\u0442\u0435 \u0441 \u0448\u043d\u043e\u0440\u0445\u0435\u043b \u0438 \u0438\u0437\u0441\u043b\u0435\u0434\u0432\u0430\u0439\u0442\u0435 \u0442\u043e\u0437\u0438 \u043d\u0435\u0434\u043e\u043a\u043e\u0441\u043d\u0430\u0442 \u043f\u0440\u0438\u0440\u043e\u0434\u0435\u043d \u0440\u0430\u0439.<\/p>\n<p>&nbsp;<\/p>\n<ul>\n<li>\u041c\u0435\u0441\u0442\u0435\u043d \u0432\u043e\u0434\u0430\u0447 \u0441 \u043e\u043f\u0438\u0442 \u0432 \u043e\u0431\u043b\u0430\u0441\u0442\u0442\u0430 \u043d\u0430 \u0431\u0435\u0437\u043e\u043f\u0430\u0441\u043d\u043e\u0441\u0442\u0442\u0430.<\/li>\n<li>\u0427\u0430\u0441\u0442\u0435\u043d \u0442\u0440\u0430\u043d\u0441\u043f\u043e\u0440\u0442<\/li>\n<li>\u0412\u043a\u043b\u044e\u0447\u0435\u043d\u0438 \u0442\u0430\u043a\u0441\u0438<\/li>\n<li>\u041e\u0431\u044f\u0434<\/li>\n<li>\u041c\u0435\u0441\u0442\u0435\u043d \u0435\u043a\u0441\u043a\u0443\u0440\u0437\u043e\u0432\u043e\u0434 \u043d\u0430 \u0438\u0441\u043f\u0430\u043d\u0441\u043a\u0438, \u0430\u043d\u0433\u043b\u0438\u0439\u0441\u043a\u0438 \u0438\u043b\u0438 \u0444\u0440\u0435\u043d\u0441\u043a\u0438 \u0435\u0437\u0438\u043a.<\/li>\n<li>\u0422\u0443\u0440\u0438\u0437\u044a\u043c<\/li>\n<li>\u0413\u043c\u0443\u0440\u043a\u0430\u043d\u0435 \u0441 \u0448\u043d\u043e\u0440\u0445\u0435\u043b<\/li>\n<\/ul>\n<h4><b>\u0412\u043a\u043b\u044e\u0447\u0432\u0430\u043d\u0438\u044f \u0438 \u0438\u0437\u043a\u043b\u044e\u0447\u0435\u043d\u0438\u044f<\/b><\/h4>\n<p>&nbsp;<\/p>\n<p><b>\u0412\u043a\u043b\u044e\u0447\u0432\u0430\u043d\u0438\u044f<\/b><\/p>\n<ol>\n<li>\u041c\u0435\u0441\u0442\u0435\u043d \u0432\u043e\u0434\u0430\u0447 \u0441 \u043e\u043f\u0438\u0442 \u0432 \u043e\u0431\u043b\u0430\u0441\u0442\u0442\u0430 \u043d\u0430 \u0431\u0435\u0437\u043e\u043f\u0430\u0441\u043d\u043e\u0441\u0442\u0442\u0430.<\/li>\n<li>\u0427\u0430\u0441\u0442\u0435\u043d \u0442\u0440\u0430\u043d\u0441\u043f\u043e\u0440\u0442 \u0437\u0430 \u043c\u0430\u043b\u043a\u0438 \u0433\u0440\u0443\u043f\u0438<\/li>\n<li>\u0412\u0441\u0438\u0447\u043a\u0438 \u0434\u0430\u043d\u044a\u0446\u0438, \u0442\u0430\u043a\u0441\u0438 \u0438 \u0442\u0430\u043a\u0441\u0438 \u0437\u0430 \u043e\u0431\u0440\u0430\u0431\u043e\u0442\u043a\u0430<\/li>\n<li>\u041c\u0435\u0441\u0442\u043d\u0438 \u0434\u0430\u043d\u044a\u0446\u0438<\/li>\n<li>\u041e\u0431\u044f\u0434<\/li>\n<li>\u0422\u0443\u0440\u0438\u0437\u044a\u043c<\/li>\n<li>\u0415\u0441\u0442\u0435\u0441\u0442\u0432\u0435\u043d\u0438 \u0431\u0430\u0441\u0435\u0439\u043d\u0438<\/li>\n<li>\u0413\u043c\u0443\u0440\u043a\u0430\u043d\u0435 \u0441 \u0448\u043d\u043e\u0440\u0445\u0435\u043b<\/li>\n<li>\u0412\u0441\u0438\u0447\u043a\u0438 \u0434\u0435\u0439\u043d\u043e\u0441\u0442\u0438<\/li>\n<\/ol>\n<p><b>\u0418\u0437\u043a\u043b\u044e\u0447\u0435\u043d\u0438\u044f<\/b><\/p>\n<ol>\n<li>\u0411\u0435\u0437\u0432\u044a\u0437\u043c\u0435\u0437\u0434\u043d\u0438 \u0443\u0441\u043b\u0443\u0433\u0438<\/li>\n<li>\u0412\u0441\u0438\u0447\u043a\u0438 \u043d\u0430\u043f\u0438\u0442\u043a\u0438<\/li>\n<\/ol>\n<h4><em><strong>\u041e\u0442\u043f\u044a\u0442\u0443\u0432\u0430\u043d\u0435 \u0438 \u0432\u0440\u044a\u0449\u0430\u043d\u0435<\/strong><\/em><\/h4>\n<p>\u041f\u044a\u0442\u043d\u0438\u043a\u044a\u0442 \u0449\u0435 \u043f\u043e\u043b\u0443\u0447\u0438 \u0442\u043e\u0447\u043a\u0430 \u0437\u0430 \u0441\u0440\u0435\u0449\u0430 \u0441\u043b\u0435\u0434 \u043f\u0440\u043e\u0446\u0435\u0441\u0430 \u043d\u0430 \u0440\u0435\u0437\u0435\u0440\u0432\u0430\u0446\u0438\u044f. \u0415\u043a\u0441\u043a\u0443\u0440\u0437\u0438\u0438\u0442\u0435 \u0437\u0430\u043f\u043e\u0447\u0432\u0430\u0442 \u0438 \u0437\u0430\u0432\u044a\u0440\u0448\u0432\u0430\u0442 \u0432 \u0442\u043e\u0447\u043a\u0438\u0442\u0435 \u0437\u0430 \u0441\u0440\u0435\u0449\u0430.<\/p>\n<h2 class=\"styles__heading___mD4_3\" data-radium=\"true\">\u0411\u0430\u0438\u044f \u0434\u0435 \u043b\u0430\u0441 \u0410\u0433\u0438\u043b\u0430\u0441: \u0435\u0434\u043d\u043e\u0434\u043d\u0435\u0432\u043d\u0430 \u0435\u043a\u0441\u043a\u0443\u0440\u0437\u0438\u044f \u0434\u043e \u043f\u043b\u0430\u0436\u0430 \u0441 \u043b\u043e\u0434\u043a\u0430 - \u0434\u043d\u0435\u0432\u0435\u043d \u043f\u0440\u043e\u043f\u0443\u0441\u043a - \u0433\u043c\u0443\u0440\u043a\u0430\u043d\u0435 \u0441 \u0448\u043d\u043e\u0440\u0445\u0435\u043b \u0438 \u043e\u0431\u044f\u0434<\/h2>\n<h4><em>\u041a\u0430\u043a\u0432\u043e \u0434\u0430 \u043e\u0447\u0430\u043a\u0432\u0430\u0442\u0435?<\/em><\/h4>\n<p>\u041f\u043b\u0430\u044f \u0434\u0435 \u043b\u0430\u0441 \u0410\u0433\u0438\u043b\u0430\u0441 \u0435 \u043a\u0440\u044a\u0441\u0442\u0435\u043d\u0430 \u043d\u0430 \u043c\u0435\u0441\u0442\u043d\u0438\u044f \u043e\u0440\u0435\u043b. \u0422\u043e\u0439 \u0435 \u0438\u0437\u0432\u0435\u0441\u0442\u0435\u043d \u043a\u0430\u0442\u043e \u043d\u0430\u0439-\u043a\u0440\u0430\u0441\u0438\u0432\u0438\u044f \u043f\u043b\u0430\u0436 \u0432 \u0446\u044f\u043b\u0430\u0442\u0430 \u0441\u0442\u0440\u0430\u043d\u0430. \u041a\u043b\u0438\u043c\u0430\u0442\u044a\u0442 \u0432 \u043f\u0430\u0440\u043a\u0430 \u0435 \u043c\u043d\u043e\u0433\u043e \u0441\u0443\u0445, \u0430 \u0440\u0430\u0441\u0442\u0438\u0442\u0435\u043b\u043d\u043e\u0441\u0442\u0442\u0430 \u0435 \u0441\u044a\u0441\u0442\u0430\u0432\u0435\u043d\u0430 \u043f\u0440\u0435\u0434\u0438\u043c\u043d\u043e \u043e\u0442 \u043a\u0430\u043a\u0442\u0443\u0441\u0438 \u0438 \u0434\u0440\u0443\u0433\u0438 \u043f\u0443\u0441\u0442\u0438\u043d\u043d\u0438 \u0440\u0430\u0441\u0442\u0435\u043d\u0438\u044f. \u0427\u0435\u0440\u0432\u0435\u043d\u0438\u044f\u0442 \u0447\u0435\u0440\u0435\u043d \u043f\u044a\u0442, \u043a\u043e\u0439\u0442\u043e \u043c\u0438\u043d\u0430\u0432\u0430 \u043f\u043e\u043a\u0440\u0430\u0439 \u0437\u0430\u043b\u0438\u0432\u0430, \u0435 \u0441\u0440\u0430\u0432\u043d\u0438\u043c \u0441 \u043f\u0435\u0439\u0437\u0430\u0436 \u043e\u0442 \u0430\u0444\u0440\u0438\u043a\u0430\u043d\u0441\u043a\u0430 \u0441\u0430\u0432\u0430\u043d\u0430.<br \/>\n\u041e\u0442\u043a\u0440\u0438\u0439\u0442\u0435 \u0442\u043e\u0437\u0438 \u0440\u0430\u0439 \u0437\u0430 \u0440\u0438\u0431\u0430\u0440\u0438\u0442\u0435 \u0438 \u043b\u044e\u0431\u0438\u0442\u0435\u043b\u0438\u0442\u0435 \u043d\u0430 \u0431\u0435\u043b\u0438\u0442\u0435 \u043f\u044f\u0441\u044a\u0447\u043d\u0438 \u043f\u043b\u0430\u0436\u043e\u0432\u0435 \u0438 \u043a\u0440\u0438\u0441\u0442\u0430\u043b\u043d\u043e \u0447\u0438\u0441\u0442\u0430\u0442\u0430 \u0432\u043e\u0434\u0430. \u041d\u043e \u043f\u044a\u0440\u0432\u043e \u0441\u0435 \u043e\u0442\u043f\u0440\u0430\u0432\u0435\u0442\u0435 \u043a\u044a\u043c \u0441\u0435\u043b\u043e \u041b\u0430 \u041a\u0443\u0435\u0432\u0430, \u043a\u044a\u0434\u0435\u0442\u043e \u043c\u0435\u0441\u0442\u043d\u0438\u0442\u0435 \u0440\u0438\u0431\u0430\u0440\u0438 \u0436\u0438\u0432\u0435\u044f\u0442 \u0432 \u043f\u0435\u0449\u0435\u0440\u0438.<\/p>\n<p>\u041b\u0438\u043f\u0441\u0432\u0430 \u043b\u0438 \u043d\u0435\u0449\u043e \u0432 \u0442\u043e\u0437\u0438 \u0441\u044a\u0432\u044a\u0440\u0448\u0435\u043d \u043c\u043e\u043c\u0435\u043d\u0442?<\/p>\n<p>\u0421\u043f\u043e\u043a\u043e\u0439\u043d\u043e\u0442\u043e \u043c\u043e\u0440\u0435 \u0438 \u043b\u0435\u043a\u0438\u044f\u0442 \u0432\u044f\u0442\u044a\u0440 \u0449\u0435 \u0432\u0438 \u043f\u0440\u0435\u0434\u043f\u0430\u0437\u044f\u0442 \u043e\u0442 \u043f\u0440\u0435\u043a\u043e\u043c\u0435\u0440\u043d\u043e\u0442\u043e \u0438\u0437\u043b\u0430\u0433\u0430\u043d\u0435 \u043d\u0430 \u0441\u043b\u044a\u043d\u0446\u0435 \u0438 \u0436\u0435\u0433\u0430. \u041f\u0440\u0435\u0432\u044a\u0440\u043d\u0435\u0442\u0435 \u0441\u0435 \u0432 \u0438\u0437\u0441\u043b\u0435\u0434\u043e\u0432\u0430\u0442\u0435\u043b \u0437\u0430 \u0435\u0434\u0438\u043d \u0434\u0435\u043d \u0438 \u043e\u0442\u043a\u0440\u0438\u0439\u0442\u0435 \u0435\u0434\u0438\u043d \u0435\u043a\u043e\u043b\u043e\u0433\u0438\u0447\u0435\u043d, \u0435\u0441\u0442\u0435\u0441\u0442\u0432\u0435\u043d \u0438 \u043d\u0430\u043f\u044a\u043b\u043d\u043e \u0434\u0435\u0432\u0441\u0442\u0432\u0435\u043d \u0440\u0430\u0439. \u041c\u043e\u0436\u0435\u0442\u0435 \u0434\u0430 \u043d\u0430\u0431\u043b\u044e\u0434\u0430\u0432\u0430\u0442\u0435 \u043f\u043e\u0432\u0435\u0447\u0435 \u043e\u0442 130 \u0432\u0438\u0434\u0430 \u043f\u0442\u0438\u0446\u0438, 76 \u043e\u0442 \u043a\u043e\u0438\u0442\u043e \u0436\u0438\u0432\u0435\u044f\u0442 \u043f\u043e\u0441\u0442\u043e\u044f\u043d\u043d\u043e \u0432 \u0437\u0430\u043b\u0438\u0432\u0430, 10 \u0441\u0430 \u0435\u043d\u0434\u0435\u043c\u0438\u0447\u043d\u0438, \u0430 47 \u0441\u0430 \u043c\u0438\u0433\u0440\u0438\u0440\u0430\u0449\u0438.<\/p>\n<p>08.00 \u0447. - \u041e\u0442\u043f\u044a\u0442\u0443\u0432\u0430\u043d\u0435 \u043e\u0442 \u0432\u0430\u0448\u0438\u044f \u0445\u043e\u0442\u0435\u043b<br \/>\n09.30 \u0447. - \u041a\u0440\u0430\u0442\u043a\u0430 \u0441\u043f\u0438\u0440\u043a\u0430 \u0432 \u041b\u0430\u0433\u0443\u043d\u0430 \u0434\u0435 \u041e\u0432\u0438\u0435\u0434\u043e, \u0437\u0430 \u0434\u0430 \u0441\u0435 \u043d\u0430\u0441\u043b\u0430\u0434\u0438\u0442\u0435 \u043d\u0430 \u0433\u043b\u0435\u0434\u043a\u0430\u0442\u0430 \u043e\u0442 \u043d\u0430\u0431\u043b\u044e\u0434\u0430\u0442\u0435\u043b\u043d\u0430\u0442\u0430 \u043f\u043b\u043e\u0449\u0430\u0434\u043a\u0430<br \/>\n11.00 \u0447. - \u041e\u0442\u043f\u044a\u0442\u0443\u0432\u0430\u043d\u0435 \u0441 \u043b\u043e\u0434\u043a\u0430 \u043e\u0442 \u0441\u0435\u043b\u0438\u0449\u0435\u0442\u043e \u041b\u0430 \u041a\u0443\u0435\u0432\u0430 \u043a\u044a\u043c \u0411\u0430\u0438\u044f \u0434\u0435 \u043b\u0430\u0441 \u0410\u0433\u0438\u043b\u0430\u0441<br \/>\n12.30 \u0447. - \u0422\u0438\u043f\u0438\u0447\u0435\u043d \u043e\u0431\u044f\u0434 \u043d\u0430 \u043f\u043b\u0430\u0436\u0430<br \/>\n03.00 - \u0412\u0440\u044a\u0449\u0430\u043d\u0435 \u0432 \u041b\u0430 \u041a\u0443\u0435\u0432\u0430<br \/>\n06.00 \u0447. - \u041f\u0440\u0438\u0441\u0442\u0438\u0433\u0430\u043d\u0435 \u0432\u044a\u0432 \u0432\u0430\u0448\u0438\u044f \u0445\u043e\u0442\u0435\u043b<\/p>\n<h4><em><strong>\u041a\u0430\u043a\u0432\u043e \u0442\u0440\u044f\u0431\u0432\u0430 \u0434\u0430 \u0432\u0437\u0435\u043c\u0435\u0442\u0435 \u0441\u044a\u0441 \u0441\u0435\u0431\u0435 \u0441\u0438?<\/strong><\/em><\/h4>\n<ul>\n<li>\u041a\u0430\u043c\u0435\u0440\u0430<\/li>\n<li>\u041e\u0442\u0431\u043b\u044a\u0441\u043a\u0432\u0430\u0449\u0438 \u043f\u044a\u043f\u043a\u0438<\/li>\n<li>\u0421\u043b\u044a\u043d\u0446\u0435\u0437\u0430\u0449\u0438\u0442\u0435\u043d \u043a\u0440\u0435\u043c<\/li>\n<li>\u0412\u043e\u0434\u0430<\/li>\n<li>\u0428\u0430\u043f\u043a\u0430<\/li>\n<li>\u0423\u0434\u043e\u0431\u043d\u0438 \u043f\u0430\u043d\u0442\u0430\u043b\u043e\u043d\u0438<\/li>\n<li>\u0422\u0443\u0440\u0438\u0441\u0442\u0438\u0447\u0435\u0441\u043a\u0438 \u043e\u0431\u0443\u0432\u043a\u0438 \u0437\u0430 \u0433\u043e\u0440\u0430<\/li>\n<li>\u0421\u0430\u043d\u0434\u0430\u043b\u0438 \u0432 \u043f\u0440\u043e\u043b\u0435\u0442\u043d\u0438\u0442\u0435 \u0437\u043e\u043d\u0438.<\/li>\n<li>\u041f\u043b\u0443\u0432\u043d\u043e \u043e\u0431\u043b\u0435\u043a\u043b\u043e<\/li>\n<\/ul>\n<p>&nbsp;<\/p>\n<h4><b><i>\u0412\u0437\u0435\u043c\u0430\u043d\u0435 \u043e\u0442 \u0445\u043e\u0442\u0435\u043b\u0430<\/i><\/b><\/h4>\n<p>\u0417\u0430 \u0442\u0430\u0437\u0438 \u043e\u0431\u0438\u043a\u043e\u043b\u043a\u0430 \u0441\u0435 \u043f\u0440\u0435\u0434\u043b\u0430\u0433\u0430 \u0432\u0437\u0438\u043c\u0430\u043d\u0435 \u043e\u0442 \u0445\u043e\u0442\u0435\u043b. \u0412\u0437\u0435\u043c\u0430\u043d\u0435\/\u0442\u0440\u0430\u043d\u0441\u043f\u043e\u0440\u0442\u0438\u0440\u0430\u043d\u0435 \u043e\u0442 \u0432\u0430\u0448\u0438\u044f \u0445\u043e\u0442\u0435\u043b (\u0432 \u0440\u0430\u0439\u043e\u043d\u0430 \u043d\u0430 \u0411\u0430\u0440\u0430\u043e\u043d\u0430\/\u041f\u0430\u0440\u0430\u0438\u0441\u043e\/\u041b\u043e\u0441 \u041f\u0430\u0442\u043e\u0441).<\/p>\n<p><b>\u0417\u0430\u0431\u0435\u043b\u0435\u0436\u043a\u0430:<\/b>\u00a0\u0410\u043a\u043e \u043d\u0430\u043f\u0440\u0430\u0432\u0438\u0442\u0435 \u0440\u0435\u0437\u0435\u0440\u0432\u0430\u0446\u0438\u044f \u0432 \u0440\u0430\u043c\u043a\u0438\u0442\u0435 \u043d\u0430 24 \u0447\u0430\u0441\u0430 \u043f\u0440\u0435\u0434\u0438 \u0447\u0430\u0441\u0430 \u043d\u0430 \u043e\u0442\u043f\u044a\u0442\u0443\u0432\u0430\u043d\u0435, \u043c\u043e\u0436\u0435\u043c \u0434\u0430 \u0443\u0433\u043e\u0432\u043e\u0440\u0438\u043c \u0432\u0437\u0438\u043c\u0430\u043d\u0435 \u043e\u0442 \u0445\u043e\u0442\u0435\u043b\u0430. \u0412\u0437\u0435\u043c\u0430\u043c\u0435 \u0441\u0430\u043c\u043e \u0432 \u0440\u0430\u0439\u043e\u043d\u0430 \u043d\u0430 \u0421\u0430\u043c\u0430\u043d\u0430. \u0421\u043b\u0435\u0434 \u043a\u0430\u0442\u043e \u0437\u0430\u0432\u044a\u0440\u0448\u0438\u0442\u0435 \u043f\u043e\u043a\u0443\u043f\u043a\u0430\u0442\u0430 \u0441\u0438, \u0449\u0435 \u0432\u0438 \u0438\u0437\u043f\u0440\u0430\u0442\u0438\u043c \u043f\u044a\u043b\u043d\u0430\u0442\u0430 \u0438\u043d\u0444\u043e\u0440\u043c\u0430\u0446\u0438\u044f \u0437\u0430 \u043a\u043e\u043d\u0442\u0430\u043a\u0442 (\u0442\u0435\u043b\u0435\u0444\u043e\u043d\u0435\u043d \u043d\u043e\u043c\u0435\u0440, \u0438\u043c\u0435\u0439\u043b \u0430\u0434\u0440\u0435\u0441 \u0438 \u0434\u0440.) \u0437\u0430 \u043d\u0430\u0448\u0438\u044f \u043c\u0435\u0441\u0442\u0435\u043d \u0435\u043a\u0441\u043a\u0443\u0440\u0437\u043e\u0432\u043e\u0434, \u0437\u0430 \u0434\u0430 \u043e\u0440\u0433\u0430\u043d\u0438\u0437\u0438\u0440\u0430\u043c\u0435 \u043f\u043e\u0441\u0440\u0435\u0449\u0430\u043d\u0435\u0442\u043e.<\/p>\n<h4><b><i>\u041f\u043e\u0442\u0432\u044a\u0440\u0436\u0434\u0435\u043d\u0438\u0435 \u043d\u0430 \u0434\u043e\u043f\u044a\u043b\u043d\u0438\u0442\u0435\u043b\u043d\u0430 \u0438\u043d\u0444\u043e\u0440\u043c\u0430\u0446\u0438\u044f<\/i><\/b><\/h4>\n<ol>\n<li>\u0411\u0438\u043b\u0435\u0442\u0438\u0442\u0435 \u0441\u0430 \u0440\u0430\u0437\u043f\u0438\u0441\u043a\u0430\u0442\u0430 \u0441\u043b\u0435\u0434 \u0437\u0430\u043f\u043b\u0430\u0449\u0430\u043d\u0435 \u043d\u0430 \u0442\u0430\u0437\u0438 \u043e\u0431\u0438\u043a\u043e\u043b\u043a\u0430. \u041c\u043e\u0436\u0435\u0442\u0435 \u0434\u0430 \u043f\u043e\u043a\u0430\u0436\u0435\u0442\u0435 \u043f\u043b\u0430\u0449\u0430\u043d\u0435\u0442\u043e \u043d\u0430 \u0442\u0435\u043b\u0435\u0444\u043e\u043d\u0430 \u0441\u0438.<\/li>\n<li>\u0422\u043e\u0447\u043a\u0430\u0442\u0430 \u0437\u0430 \u0441\u0440\u0435\u0449\u0430 \u0449\u0435 \u0431\u044a\u0434\u0435 \u043f\u043e\u043b\u0443\u0447\u0435\u043d\u0430 \u0441\u043b\u0435\u0434 \u043f\u0440\u043e\u0446\u0435\u0441\u0430 \u043d\u0430 \u0440\u0435\u0437\u0435\u0440\u0432\u0430\u0446\u0438\u044f.<\/li>\n<li>\u0414\u0435\u0446\u0430\u0442\u0430 \u0442\u0440\u044f\u0431\u0432\u0430 \u0434\u0430 \u0431\u044a\u0434\u0430\u0442 \u043f\u0440\u0438\u0434\u0440\u0443\u0436\u0430\u0432\u0430\u043d\u0438 \u043e\u0442 \u0432\u044a\u0437\u0440\u0430\u0441\u0442\u0435\u043d.<\/li>\n<li>\u041d\u0435 \u0435 \u0434\u043e\u0441\u0442\u044a\u043f\u0435\u043d \u0437\u0430 \u0438\u043d\u0432\u0430\u043b\u0438\u0434\u043d\u0438 \u043a\u043e\u043b\u0438\u0447\u043a\u0438<\/li>\n<li>\u0411\u0435\u0431\u0435\u0442\u0430\u0442\u0430 \u0442\u0440\u044f\u0431\u0432\u0430 \u0434\u0430 \u0441\u0435\u0434\u044f\u0442 \u043d\u0430 \u043a\u043e\u043b\u0435\u043d\u0435<\/li>\n<li>\u041d\u0435 \u0441\u0435 \u043f\u0440\u0435\u043f\u043e\u0440\u044a\u0447\u0432\u0430 \u0437\u0430 \u043f\u044a\u0442\u043d\u0438\u0446\u0438 \u0441 \u043f\u0440\u043e\u0431\u043b\u0435\u043c\u0438 \u0441 \u0433\u044a\u0440\u0431\u0430<\/li>\n<li>\u041d\u0435 \u0441\u0435 \u043f\u0440\u0435\u043f\u043e\u0440\u044a\u0447\u0432\u0430 \u0437\u0430 \u0431\u0440\u0435\u043c\u0435\u043d\u043d\u0438 \u043f\u044a\u0442\u043d\u0438\u0446\u0438<\/li>\n<li>\u041d\u044f\u043c\u0430 \u0441\u044a\u0440\u0434\u0435\u0447\u043d\u0438 \u043f\u0440\u043e\u0431\u043b\u0435\u043c\u0438 \u0438\u043b\u0438 \u0434\u0440\u0443\u0433\u0438 \u0441\u0435\u0440\u0438\u043e\u0437\u043d\u0438 \u0437\u0430\u0431\u043e\u043b\u044f\u0432\u0430\u043d\u0438\u044f<\/li>\n<li>\u041f\u043e\u0432\u0435\u0447\u0435\u0442\u043e \u043f\u044a\u0442\u043d\u0438\u0446\u0438 \u043c\u043e\u0433\u0430\u0442 \u0434\u0430 \u0443\u0447\u0430\u0441\u0442\u0432\u0430\u0442<\/li>\n<\/ol>\n<h4><b><i>\u041f\u043e\u043b\u0438\u0442\u0438\u043a\u0430 \u0437\u0430 \u0430\u043d\u0443\u043b\u0438\u0440\u0430\u043d\u0435<\/i><\/b><\/h4>\n<p><span style=\"vertical-align: inherit;\"><span style=\"vertical-align: inherit;\">Para obtener un reembolso completo, cancele al menos 24 horas antes de la fecha de inicio de la experiencia. <\/span><span style=\"vertical-align: inherit;\">Los fondos se perder\u00e1n si la reserva se cancela el mismo d\u00eda del viaje. [\/ Vc_column_text] [\/ vc_column] [\/ vc_row]<\/span><\/span><\/p>","protected":false},"excerpt":{"rendered":"<p><span style=\"vertical-align: inherit;\"><span style=\"vertical-align: inherit;\">Compre un boleto de un d\u00eda a Bah\u00eda las \u00c1guilas desde Barahona. <\/span><span style=\"vertical-align: inherit;\">Conduciendo por el parque nacional Jaragua y rumbo a Cabo Rojo, donde un bote lo espera. <\/span><span style=\"vertical-align: inherit;\">Despu\u00e9s de un viaje de 15 minutos en bote, llegar\u00e1 a la hermosa y aislada Bah\u00eda de las \u00c1guilas, considerada la playa m\u00e1s hermosa del pa\u00eds. <\/span><span style=\"vertical-align: inherit;\">El almuerzo se servir\u00e1 en la playa y tendr\u00e1 la oportunidad de nadar o simplemente relajarse en la playa. <\/span><span style=\"vertical-align: inherit;\">Disfrute de la pr\u00edstina arena blanca de esta playa de 8 km de longitud.<\/span><\/span><\/p>\n<p>&nbsp;<\/p>\n<p><strong><span style=\"vertical-align: inherit;\"><span style=\"vertical-align: inherit;\">Seleccione el d\u00eda para este viaje:<\/span><\/span><\/strong><\/p>","protected":false},"featured_media":13358,"template":"","meta":[],"product_brand":[],"product_cat":[599,337],"product_tag":[600,601,602,603,604,605,606,607,608,609,610,611,612,613,614],"class_list":{"0":"post-13991","1":"product","2":"type-product","3":"status-publish","4":"has-post-thumbnail","6":"product_cat-bahia-de-las-aguilas-dominican-republic","7":"product_cat-lunch","8":"product_tag-bahia-de-las-aguilas","9":"product_tag-bahia-de-las-aguilas-pedernales","10":"product_tag-bahia-de-las-aguilas-beach-tour","11":"product_tag-bahia-de-las-aguilas-hoteles","12":"product_tag-bahia-de-las-aguilas-map","13":"product_tag-bahia-de-las-aguilas-private-tour","14":"product_tag-bahia-de-las-aguilas-republica-dominicana-hotel","15":"product_tag-bahia-de-las-aguilas-tour-from-punta-cana","16":"product_tag-bahia-de-las-aguilas-beach-day-trip-by-boat","17":"product_tag-bahia-las-aguilas-tours","18":"product_tag-barahona-tours","19":"product_tag-closest-airport-to-bahia-de-las-aguilas","20":"product_tag-hotel-barahona","21":"product_tag-playa-bahia-de-las-aguilas-dominican-republic","22":"product_tag-tours-a-bahia-de-las-aguilas-desde-santo-domingo","24":"first","25":"instock","26":"sale","27":"virtual","28":"sold-individually","29":"purchasable","30":"product-type-simple"},"_links":{"self":[{"href":"https:\/\/dominicanrepublictrips.com\/bg\/wp-json\/wp\/v2\/product\/13991","targetHints":{"allow":["GET"]}}],"collection":[{"href":"https:\/\/dominicanrepublictrips.com\/bg\/wp-json\/wp\/v2\/product"}],"about":[{"href":"https:\/\/dominicanrepublictrips.com\/bg\/wp-json\/wp\/v2\/types\/product"}],"wp:featuredmedia":[{"embeddable":true,"href":"https:\/\/dominicanrepublictrips.com\/bg\/wp-json\/wp\/v2\/media\/13358"}],"wp:attachment":[{"href":"https:\/\/dominicanrepublictrips.com\/bg\/wp-json\/wp\/v2\/media?parent=13991"}],"wp:term":[{"taxonomy":"product_brand","embeddable":true,"href":"https:\/\/dominicanrepublictrips.com\/bg\/wp-json\/wp\/v2\/product_brand?post=13991"},{"taxonomy":"product_cat","embeddable":true,"href":"https:\/\/dominicanrepublictrips.com\/bg\/wp-json\/wp\/v2\/product_cat?post=13991"},{"taxonomy":"product_tag","embeddable":true,"href":"https:\/\/dominicanrepublictrips.com\/bg\/wp-json\/wp\/v2\/product_tag?post=13991"}],"curies":[{"name":"wp","href":"https:\/\/api.w.org\/{rel}","templated":true}]}}